{"id":188,"date":"2025-12-04T10:35:59","date_gmt":"2025-12-04T09:35:59","guid":{"rendered":"https:\/\/3sport2025.ppawebdesign.com\/d4\/?page_id=188"},"modified":"2025-12-05T10:57:55","modified_gmt":"2025-12-05T09:57:55","slug":"sport-2","status":"publish","type":"page","link":"https:\/\/3sport2025.ppawebdesign.com\/d4\/sport-2\/","title":{"rendered":"Sport"},"content":{"rendered":"<p>[et_pb_section fb_built=\u00a0\u00bb1&Prime; fullwidth=\u00a0\u00bbon\u00a0\u00bb _builder_version=\u00a0\u00bb4.27.4&Prime; _module_preset=\u00a0\u00bbdefault\u00a0\u00bb background_image=\u00a0\u00bbhttps:\/\/3sport2025.ppawebdesign.com\/d4\/wp-content\/uploads\/sites\/19\/2025\/12\/2-Julian-FinneyGetty-Images-scaled.jpeg\u00a0\u00bb parallax=\u00a0\u00bbon\u00a0\u00bb global_colors_info=\u00a0\u00bb{}\u00a0\u00bb][et_pb_fullwidth_header title=\u00a0\u00bbLe c\u00e9cifoot\u00a0\u00bb text_orientation=\u00a0\u00bbcenter\u00a0\u00bb header_fullscreen=\u00a0\u00bbon\u00a0\u00bb button_one_text=\u00a0\u00bbd\u00e9couvrir notre \u00e9v\u00e8nement\u00a0\u00bb button_one_url=\u00a0\u00bbhttps:\/\/3sport2025.ppawebdesign.com\/d4\/concept\/\u00a0\u00bb _builder_version=\u00a0\u00bb4.27.4&Prime; _module_preset=\u00a0\u00bbdefault\u00a0\u00bb title_font=\u00a0\u00bbAnton|||on|||||\u00a0\u00bb title_font_size=\u00a0\u00bb42px\u00a0\u00bb content_font=\u00a0\u00bb|600||on|||||\u00a0\u00bb content_text_color=\u00a0\u00bb#FFFFFF\u00a0\u00bb content_font_size=\u00a0\u00bb20px\u00a0\u00bb background_color=\u00a0\u00bbrgba(10,1,1,0.77)\u00a0\u00bb custom_button_one=\u00a0\u00bbon\u00a0\u00bb button_one_text_size=\u00a0\u00bb19px\u00a0\u00bb button_one_text_color=\u00a0\u00bb#3B82F6&Prime; button_one_bg_color=\u00a0\u00bbRGBA(255,255,255,0)\u00a0\u00bb button_one_border_color=\u00a0\u00bb#3B82F6&Prime; button_one_border_radius=\u00a0\u00bb23px\u00a0\u00bb button_one_font=\u00a0\u00bb|||on|||||\u00a0\u00bb global_colors_info=\u00a0\u00bb{}\u00a0\u00bb]<\/p>\n<p>Au c\u0153ur de notre \u00e9v\u00e9nement Blind\u2019Ball<\/p>\n<p>[\/et_pb_fullwidth_header][\/et_pb_section][et_pb_section fb_built=\u00a0\u00bb1&Prime; _builder_version=\u00a0\u00bb4.27.4&Prime; _module_preset=\u00a0\u00bbdefault\u00a0\u00bb background_color=\u00a0\u00bb#333333&Prime; max_width=\u00a0\u00bb1140%\u00a0\u00bb global_colors_info=\u00a0\u00bb{}\u00a0\u00bb][et_pb_row column_structure=\u00a0\u00bb1_3,1_3,1_3&Prime; _builder_version=\u00a0\u00bb4.27.4&Prime; _module_preset=\u00a0\u00bbdefault\u00a0\u00bb width=\u00a0\u00bb100%\u00a0\u00bb max_width=\u00a0\u00bb1140px\u00a0\u00bb global_colors_info=\u00a0\u00bb{}\u00a0\u00bb][et_pb_column type=\u00a0\u00bb1_3&Prime; _builder_version=\u00a0\u00bb4.27.4&Prime; _module_preset=\u00a0\u00bbdefault\u00a0\u00bb global_colors_info=\u00a0\u00bb{}\u00a0\u00bb][et_pb_number_counter title=\u00a0\u00bblicenci\u00e9s en France\u00a0\u00bb number=\u00a0\u00bb500&Prime; percent_sign=\u00a0\u00bboff\u00a0\u00bb _builder_version=\u00a0\u00bb4.27.4&Prime; _module_preset=\u00a0\u00bbdefault\u00a0\u00bb title_font=\u00a0\u00bbMontserrat|||on|||||\u00a0\u00bb title_text_color=\u00a0\u00bb#FFFFFF\u00a0\u00bb number_font=\u00a0\u00bbMontserrat|700|||||||\u00a0\u00bb number_text_align=\u00a0\u00bbcenter\u00a0\u00bb number_text_color=\u00a0\u00bb#FFFFFF\u00a0\u00bb global_colors_info=\u00a0\u00bb{}\u00a0\u00bb][\/et_pb_number_counter][\/et_pb_column][et_pb_column type=\u00a0\u00bb1_3&Prime; _builder_version=\u00a0\u00bb4.27.4&Prime; _module_preset=\u00a0\u00bbdefault\u00a0\u00bb global_colors_info=\u00a0\u00bb{}\u00a0\u00bb][et_pb_number_counter title=\u00a0\u00bbclubs\/structures affili\u00e9es en France\u00a0\u00bb number=\u00a0\u00bb60&Prime; percent_sign=\u00a0\u00bboff\u00a0\u00bb _builder_version=\u00a0\u00bb4.27.4&Prime; _module_preset=\u00a0\u00bbdefault\u00a0\u00bb title_font=\u00a0\u00bbMontserrat|||on|||||\u00a0\u00bb title_text_color=\u00a0\u00bb#FFFFFF\u00a0\u00bb number_font=\u00a0\u00bbMontserrat|700|||||||\u00a0\u00bb number_text_color=\u00a0\u00bb#FFFFFF\u00a0\u00bb global_colors_info=\u00a0\u00bb{}\u00a0\u00bb][\/et_pb_number_counter][\/et_pb_column][et_pb_column type=\u00a0\u00bb1_3&Prime; _builder_version=\u00a0\u00bb4.27.4&Prime; _module_preset=\u00a0\u00bbdefault\u00a0\u00bb global_colors_info=\u00a0\u00bb{}\u00a0\u00bb][et_pb_number_counter title=\u00a0\u00bb\u00e9quipes engag\u00e9es en championnat national 2025&Prime; number=\u00a0\u00bb8&Prime; percent_sign=\u00a0\u00bboff\u00a0\u00bb _builder_version=\u00a0\u00bb4.27.4&Prime; _module_preset=\u00a0\u00bbdefault\u00a0\u00bb title_font=\u00a0\u00bbMontserrat|||on|||||\u00a0\u00bb title_text_color=\u00a0\u00bb#FFFFFF\u00a0\u00bb number_font=\u00a0\u00bbMontserrat|700|||||||\u00a0\u00bb number_text_color=\u00a0\u00bb#FFFFFF\u00a0\u00bb global_colors_info=\u00a0\u00bb{}\u00a0\u00bb][\/et_pb_number_counter][\/et_pb_column][\/et_pb_row][\/et_pb_section][et_pb_section fb_built=\u00a0\u00bb1&Prime; _builder_version=\u00a0\u00bb4.27.4&Prime; _module_preset=\u00a0\u00bbdefault\u00a0\u00bb background_color=\u00a0\u00bb#333333&Prime; global_colors_info=\u00a0\u00bb{}\u00a0\u00bb][et_pb_row column_structure=\u00a0\u00bb1_2,1_2&Prime; use_custom_gutter=\u00a0\u00bbon\u00a0\u00bb make_equal=\u00a0\u00bbon\u00a0\u00bb _builder_version=\u00a0\u00bb4.27.4&Prime; _module_preset=\u00a0\u00bbdefault\u00a0\u00bb width=\u00a0\u00bb100%\u00a0\u00bb max_width=\u00a0\u00bb1140px\u00a0\u00bb global_colors_info=\u00a0\u00bb{}\u00a0\u00bb][et_pb_column type=\u00a0\u00bb1_2&Prime; _builder_version=\u00a0\u00bb4.27.4&Prime; _module_preset=\u00a0\u00bbdefault\u00a0\u00bb custom_padding=\u00a0\u00bb30px||30px||false|false\u00a0\u00bb global_colors_info=\u00a0\u00bb{}\u00a0\u00bb][et_pb_text _builder_version=\u00a0\u00bb4.27.4&Prime; _module_preset=\u00a0\u00bbdefault\u00a0\u00bb text_font=\u00a0\u00bbAnton|||on|||||\u00a0\u00bb text_text_color=\u00a0\u00bb#FFFFFF\u00a0\u00bb text_font_size=\u00a0\u00bb35px\u00a0\u00bb header_2_font=\u00a0\u00bbMontserrat||||||||\u00a0\u00bb header_2_text_color=\u00a0\u00bb#000000&Prime; text_orientation=\u00a0\u00bbcenter\u00a0\u00bb hover_enabled=\u00a0\u00bb0&Prime; global_colors_info=\u00a0\u00bb{}\u00a0\u00bb sticky_enabled=\u00a0\u00bb0&Prime;]<\/p>\n<p>LE sport<\/p>\n<p>[\/et_pb_text][et_pb_text _builder_version=\u00a0\u00bb4.27.4&Prime; _module_preset=\u00a0\u00bbdefault\u00a0\u00bb text_font=\u00a0\u00bbMontserrat||||||||\u00a0\u00bb text_text_color=\u00a0\u00bb#FFFFFF\u00a0\u00bb text_font_size=\u00a0\u00bb16px\u00a0\u00bb text_orientation=\u00a0\u00bbjustified\u00a0\u00bb custom_margin_tablet=\u00a0\u00bb\u00a0\u00bb custom_margin_phone=\u00a0\u00bb\u00a0\u00bb custom_margin_last_edited=\u00a0\u00bbon|phone\u00a0\u00bb custom_padding_tablet=\u00a0\u00bb\u00a0\u00bb custom_padding_phone=\u00a0\u00bb|50px||50px|false|false\u00a0\u00bb custom_padding_last_edited=\u00a0\u00bbon|phone\u00a0\u00bb global_colors_info=\u00a0\u00bb{}\u00a0\u00bb]<\/p>\n<p>Le c\u00e9cifoot est la version du football adapt\u00e9e aux personnes aveugles. Il se joue \u00e0 5, avec un ballon sonore et des barri\u00e8res pour aider au rep\u00e9rage. Tr\u00e8s technique et bas\u00e9 sur la communication, il offre un jeu rapide et spectaculaire. Sport paralympique depuis 2004, il conna\u00eet un d\u00e9veloppement important en France.<\/p>\n<p>[\/et_pb_text][\/et_pb_column][et_pb_column type=\u00a0\u00bb1_2&Prime; _builder_version=\u00a0\u00bb4.27.4&Prime; _module_preset=\u00a0\u00bbdefault\u00a0\u00bb background_image=\u00a0\u00bbhttps:\/\/3sport2025.ppawebdesign.com\/d4\/wp-content\/uploads\/sites\/19\/2025\/12\/Une-Cecifoot-JOP-Paris-2024.jpg\u00a0\u00bb parallax=\u00a0\u00bbon\u00a0\u00bb box_shadow_style=\u00a0\u00bbpreset3&Prime; box_shadow_color=\u00a0\u00bb#FFFFFF\u00a0\u00bb global_colors_info=\u00a0\u00bb{}\u00a0\u00bb][\/et_pb_column][\/et_pb_row][et_pb_row column_structure=\u00a0\u00bb1_2,1_2&Prime; use_custom_gutter=\u00a0\u00bbon\u00a0\u00bb make_equal=\u00a0\u00bbon\u00a0\u00bb _builder_version=\u00a0\u00bb4.27.4&Prime; _module_preset=\u00a0\u00bbdefault\u00a0\u00bb width=\u00a0\u00bb100%\u00a0\u00bb max_width=\u00a0\u00bb1140px\u00a0\u00bb global_colors_info=\u00a0\u00bb{}\u00a0\u00bb][et_pb_column type=\u00a0\u00bb1_2&Prime; _builder_version=\u00a0\u00bb4.27.4&Prime; _module_preset=\u00a0\u00bbdefault\u00a0\u00bb background_image=\u00a0\u00bbhttps:\/\/3sport2025.ppawebdesign.com\/d4\/wp-content\/uploads\/sites\/19\/2025\/12\/image.jpg\u00a0\u00bb parallax=\u00a0\u00bbon\u00a0\u00bb box_shadow_style=\u00a0\u00bbpreset3&Prime; box_shadow_color=\u00a0\u00bb#FFFFFF\u00a0\u00bb global_colors_info=\u00a0\u00bb{}\u00a0\u00bb][\/et_pb_column][et_pb_column type=\u00a0\u00bb1_2&Prime; _builder_version=\u00a0\u00bb4.27.4&Prime; _module_preset=\u00a0\u00bbdefault\u00a0\u00bb custom_padding=\u00a0\u00bb30px||30px||false|false\u00a0\u00bb global_colors_info=\u00a0\u00bb{}\u00a0\u00bb][et_pb_text _builder_version=\u00a0\u00bb4.27.4&Prime; _module_preset=\u00a0\u00bbdefault\u00a0\u00bb text_font=\u00a0\u00bbAnton|||on|||||\u00a0\u00bb text_text_color=\u00a0\u00bb#FFFFFF\u00a0\u00bb text_font_size=\u00a0\u00bb35px\u00a0\u00bb header_2_font=\u00a0\u00bbMontserrat||||||||\u00a0\u00bb header_2_text_color=\u00a0\u00bb#000000&Prime; text_orientation=\u00a0\u00bbcenter\u00a0\u00bb hover_enabled=\u00a0\u00bb0&Prime; global_colors_info=\u00a0\u00bb{}\u00a0\u00bb sticky_enabled=\u00a0\u00bb0&Prime;]<\/p>\n<p>LEs valeurs<\/p>\n<p>[\/et_pb_text][et_pb_text _builder_version=\u00a0\u00bb4.27.4&Prime; _module_preset=\u00a0\u00bbdefault\u00a0\u00bb text_font=\u00a0\u00bbMontserrat||||||||\u00a0\u00bb text_text_color=\u00a0\u00bb#FFFFFF\u00a0\u00bb text_font_size=\u00a0\u00bb16px\u00a0\u00bb text_orientation=\u00a0\u00bbcenter\u00a0\u00bb custom_margin_tablet=\u00a0\u00bb\u00a0\u00bb custom_margin_phone=\u00a0\u00bb\u00a0\u00bb custom_margin_last_edited=\u00a0\u00bbon|phone\u00a0\u00bb custom_padding_tablet=\u00a0\u00bb\u00a0\u00bb custom_padding_phone=\u00a0\u00bb|50px||50px|false|false\u00a0\u00bb custom_padding_last_edited=\u00a0\u00bbon|phone\u00a0\u00bb global_colors_info=\u00a0\u00bb{}\u00a0\u00bb]<\/p>\n<p style=\"text-align: justify\">Le c\u00e9cifoot est aussi un sport porteur de valeurs fortes. Il met en avant l\u2019inclusion, la solidarit\u00e9 et la confiance entre joueurs, indispensables pour \u00e9voluer ensemble sur le terrain. Au-del\u00e0 de la performance sportive, le c\u00e9cifoot sensibilise le public au handicap visuel et d\u00e9montre que l\u2019excellence et l\u2019intensit\u00e9 du jeu ne d\u00e9pendent pas de la vision, mais de la ma\u00eetrise, de l\u2019\u00e9coute et de l\u2019esprit d\u2019\u00e9quipe.<\/p>\n<p>[\/et_pb_text][\/et_pb_column][\/et_pb_row][et_pb_row column_structure=\u00a0\u00bb1_2,1_2&Prime; use_custom_gutter=\u00a0\u00bbon\u00a0\u00bb make_equal=\u00a0\u00bbon\u00a0\u00bb _builder_version=\u00a0\u00bb4.27.4&Prime; _module_preset=\u00a0\u00bbdefault\u00a0\u00bb width=\u00a0\u00bb100%\u00a0\u00bb max_width=\u00a0\u00bb1140px\u00a0\u00bb global_colors_info=\u00a0\u00bb{}\u00a0\u00bb][et_pb_column type=\u00a0\u00bb1_2&Prime; _builder_version=\u00a0\u00bb4.27.4&Prime; _module_preset=\u00a0\u00bbdefault\u00a0\u00bb custom_padding=\u00a0\u00bb30px||30px||false|false\u00a0\u00bb global_colors_info=\u00a0\u00bb{}\u00a0\u00bb][et_pb_text _builder_version=\u00a0\u00bb4.27.4&Prime; _module_preset=\u00a0\u00bbdefault\u00a0\u00bb text_font=\u00a0\u00bbAnton|||on|||||\u00a0\u00bb text_text_color=\u00a0\u00bb#FFFFFF\u00a0\u00bb text_font_size=\u00a0\u00bb35px\u00a0\u00bb header_2_font=\u00a0\u00bbMontserrat||||||||\u00a0\u00bb header_2_text_color=\u00a0\u00bb#000000&Prime; text_orientation=\u00a0\u00bbcenter\u00a0\u00bb hover_enabled=\u00a0\u00bb0&Prime; global_colors_info=\u00a0\u00bb{}\u00a0\u00bb sticky_enabled=\u00a0\u00bb0&Prime;]<\/p>\n<p>la comp\u00e9tition<\/p>\n<p>[\/et_pb_text][et_pb_text _builder_version=\u00a0\u00bb4.27.4&Prime; _module_preset=\u00a0\u00bbdefault\u00a0\u00bb text_font=\u00a0\u00bbMontserrat||||||||\u00a0\u00bb text_text_color=\u00a0\u00bb#FFFFFF\u00a0\u00bb text_font_size=\u00a0\u00bb16px\u00a0\u00bb text_orientation=\u00a0\u00bbcenter\u00a0\u00bb custom_margin_tablet=\u00a0\u00bb\u00a0\u00bb custom_margin_phone=\u00a0\u00bb\u00a0\u00bb custom_margin_last_edited=\u00a0\u00bbon|phone\u00a0\u00bb custom_padding_tablet=\u00a0\u00bb\u00a0\u00bb custom_padding_phone=\u00a0\u00bb|50px||50px|false|false\u00a0\u00bb custom_padding_last_edited=\u00a0\u00bbon|phone\u00a0\u00bb global_colors_info=\u00a0\u00bb{}\u00a0\u00bb]<\/p>\n<p style=\"text-align: justify\">Le c\u00e9cifoot se pratique dans le monde entier et rassemble les meilleures \u00e9quipes lors de comp\u00e9titions internationales, comme les Championnats du Monde ou les Jeux Paralympiques. Ces tournois permettent aux joueurs de se mesurer \u00e0 des adversaires de haut niveau, de partager des exp\u00e9riences et de promouvoir le c\u00e9cifoot sur la sc\u00e8ne mondiale. Gr\u00e2ce \u00e0 ces \u00e9v\u00e9nements, le sport gagne en visibilit\u00e9 et inspire de nouvelles g\u00e9n\u00e9rations de joueurs.<\/p>\n<p>[\/et_pb_text][\/et_pb_column][et_pb_column type=\u00a0\u00bb1_2&Prime; _builder_version=\u00a0\u00bb4.27.4&Prime; _module_preset=\u00a0\u00bbdefault\u00a0\u00bb background_image=\u00a0\u00bbhttps:\/\/3sport2025.ppawebdesign.com\/d4\/wp-content\/uploads\/sites\/19\/2025\/12\/cecifoot-vf-611&#215;378-1.png\u00a0\u00bb parallax=\u00a0\u00bbon\u00a0\u00bb box_shadow_style=\u00a0\u00bbpreset3&Prime; box_shadow_color=\u00a0\u00bb#FFFFFF\u00a0\u00bb global_colors_info=\u00a0\u00bb{}\u00a0\u00bb][\/et_pb_column][\/et_pb_row][\/et_pb_section]<\/p>\n","protected":false},"excerpt":{"rendered":"<p>Au c\u0153ur de notre \u00e9v\u00e9nement Blind\u2019BallLE sportLe c\u00e9cifoot est la version du football adapt\u00e9e aux personnes aveugles. Il se joue \u00e0 5, avec un ballon sonore et des barri\u00e8res pour aider au rep\u00e9rage. Tr\u00e8s technique et bas\u00e9 sur la communication, il offre un jeu rapide et spectaculaire. Sport paralympique depuis 2004, il conna\u00eet un d\u00e9veloppement [&hellip;]<\/p>\n","protected":false},"author":108,"featured_media":0,"parent":0,"menu_order":0,"comment_status":"closed","ping_status":"closed","template":"","meta":{"_et_pb_use_builder":"on","_et_pb_old_content":"","_et_gb_content_width":"","footnotes":""},"class_list":["post-188","page","type-page","status-publish","hentry"],"yoast_head":"<!-- This site is optimized with the Yoast SEO plugin v26.5 - https:\/\/yoast.com\/wordpress\/plugins\/seo\/ -->\n<title>c\u00e9cifoot \u2013 comprendre et d\u00e9couvrir ce sport accessible et inclusif<\/title>\n<meta name=\"description\" content=\"D\u00e9couvrez le c\u00e9cifoot : un sport adapt\u00e9, inclusif et passionnant, utilis\u00e9 dans nos animations comme le blindball pour sensibiliser au handicap\" \/>\n<meta name=\"robots\" content=\"index, follow, max-snippet:-1, max-image-preview:large, max-video-preview:-1\" \/>\n<link rel=\"canonical\" href=\"https:\/\/3sport2025.ppawebdesign.com\/d4\/sport-2\/\" \/>\n<meta property=\"og:locale\" content=\"fr_FR\" \/>\n<meta property=\"og:type\" content=\"article\" \/>\n<meta property=\"og:title\" content=\"c\u00e9cifoot \u2013 comprendre et d\u00e9couvrir ce sport accessible et inclusif\" \/>\n<meta property=\"og:description\" content=\"D\u00e9couvrez le c\u00e9cifoot : un sport adapt\u00e9, inclusif et passionnant, utilis\u00e9 dans nos animations comme le blindball pour sensibiliser au handicap\" \/>\n<meta property=\"og:url\" content=\"https:\/\/3sport2025.ppawebdesign.com\/d4\/sport-2\/\" \/>\n<meta property=\"og:site_name\" content=\"Com&#039;unity\" \/>\n<meta property=\"article:modified_time\" content=\"2025-12-05T09:57:55+00:00\" \/>\n<meta name=\"twitter:card\" content=\"summary_large_image\" \/>\n<meta name=\"twitter:label1\" content=\"Dur\u00e9e de lecture estim\u00e9e\" \/>\n\t<meta name=\"twitter:data1\" content=\"2 minutes\" \/>\n<script type=\"application\/ld+json\" class=\"yoast-schema-graph\">{\"@context\":\"https:\/\/schema.org\",\"@graph\":[{\"@type\":\"WebPage\",\"@id\":\"https:\/\/3sport2025.ppawebdesign.com\/d4\/sport-2\/\",\"url\":\"https:\/\/3sport2025.ppawebdesign.com\/d4\/sport-2\/\",\"name\":\"c\u00e9cifoot \u2013 comprendre et d\u00e9couvrir ce sport accessible et inclusif\",\"isPartOf\":{\"@id\":\"https:\/\/3sport2025.ppawebdesign.com\/d4\/#website\"},\"datePublished\":\"2025-12-04T09:35:59+00:00\",\"dateModified\":\"2025-12-05T09:57:55+00:00\",\"description\":\"D\u00e9couvrez le c\u00e9cifoot : un sport adapt\u00e9, inclusif et passionnant, utilis\u00e9 dans nos animations comme le blindball pour sensibiliser au handicap\",\"breadcrumb\":{\"@id\":\"https:\/\/3sport2025.ppawebdesign.com\/d4\/sport-2\/#breadcrumb\"},\"inLanguage\":\"fr-FR\",\"potentialAction\":[{\"@type\":\"ReadAction\",\"target\":[\"https:\/\/3sport2025.ppawebdesign.com\/d4\/sport-2\/\"]}]},{\"@type\":\"BreadcrumbList\",\"@id\":\"https:\/\/3sport2025.ppawebdesign.com\/d4\/sport-2\/#breadcrumb\",\"itemListElement\":[{\"@type\":\"ListItem\",\"position\":1,\"name\":\"Accueil\",\"item\":\"https:\/\/3sport2025.ppawebdesign.com\/d4\/\"},{\"@type\":\"ListItem\",\"position\":2,\"name\":\"Sport\"}]},{\"@type\":\"WebSite\",\"@id\":\"https:\/\/3sport2025.ppawebdesign.com\/d4\/#website\",\"url\":\"https:\/\/3sport2025.ppawebdesign.com\/d4\/\",\"name\":\"Com'unity\",\"description\":\"Le sport en harmonie\",\"publisher\":{\"@id\":\"https:\/\/3sport2025.ppawebdesign.com\/d4\/#organization\"},\"potentialAction\":[{\"@type\":\"SearchAction\",\"target\":{\"@type\":\"EntryPoint\",\"urlTemplate\":\"https:\/\/3sport2025.ppawebdesign.com\/d4\/?s={search_term_string}\"},\"query-input\":{\"@type\":\"PropertyValueSpecification\",\"valueRequired\":true,\"valueName\":\"search_term_string\"}}],\"inLanguage\":\"fr-FR\"},{\"@type\":\"Organization\",\"@id\":\"https:\/\/3sport2025.ppawebdesign.com\/d4\/#organization\",\"name\":\"Com'unity\",\"url\":\"https:\/\/3sport2025.ppawebdesign.com\/d4\/\",\"logo\":{\"@type\":\"ImageObject\",\"inLanguage\":\"fr-FR\",\"@id\":\"https:\/\/3sport2025.ppawebdesign.com\/d4\/#\/schema\/logo\/image\/\",\"url\":\"https:\/\/3sport2025.ppawebdesign.com\/d4\/wp-content\/uploads\/sites\/19\/2025\/12\/LOGO-AGENCE-1-1.png\",\"contentUrl\":\"https:\/\/3sport2025.ppawebdesign.com\/d4\/wp-content\/uploads\/sites\/19\/2025\/12\/LOGO-AGENCE-1-1.png\",\"width\":455,\"height\":297,\"caption\":\"Com'unity\"},\"image\":{\"@id\":\"https:\/\/3sport2025.ppawebdesign.com\/d4\/#\/schema\/logo\/image\/\"},\"sameAs\":[\"https:\/\/www.instagram.com\/com.unitysports\/?utm_source=ig_web_button_share_sheet\"]}]}<\/script>\n<!-- \/ Yoast SEO plugin. -->","yoast_head_json":{"title":"c\u00e9cifoot \u2013 comprendre et d\u00e9couvrir ce sport accessible et inclusif","description":"D\u00e9couvrez le c\u00e9cifoot : un sport adapt\u00e9, inclusif et passionnant, utilis\u00e9 dans nos animations comme le blindball pour sensibiliser au handicap","robots":{"index":"index","follow":"follow","max-snippet":"max-snippet:-1","max-image-preview":"max-image-preview:large","max-video-preview":"max-video-preview:-1"},"canonical":"https:\/\/3sport2025.ppawebdesign.com\/d4\/sport-2\/","og_locale":"fr_FR","og_type":"article","og_title":"c\u00e9cifoot \u2013 comprendre et d\u00e9couvrir ce sport accessible et inclusif","og_description":"D\u00e9couvrez le c\u00e9cifoot : un sport adapt\u00e9, inclusif et passionnant, utilis\u00e9 dans nos animations comme le blindball pour sensibiliser au handicap","og_url":"https:\/\/3sport2025.ppawebdesign.com\/d4\/sport-2\/","og_site_name":"Com&#039;unity","article_modified_time":"2025-12-05T09:57:55+00:00","twitter_card":"summary_large_image","twitter_misc":{"Dur\u00e9e de lecture estim\u00e9e":"2 minutes"},"schema":{"@context":"https:\/\/schema.org","@graph":[{"@type":"WebPage","@id":"https:\/\/3sport2025.ppawebdesign.com\/d4\/sport-2\/","url":"https:\/\/3sport2025.ppawebdesign.com\/d4\/sport-2\/","name":"c\u00e9cifoot \u2013 comprendre et d\u00e9couvrir ce sport accessible et inclusif","isPartOf":{"@id":"https:\/\/3sport2025.ppawebdesign.com\/d4\/#website"},"datePublished":"2025-12-04T09:35:59+00:00","dateModified":"2025-12-05T09:57:55+00:00","description":"D\u00e9couvrez le c\u00e9cifoot : un sport adapt\u00e9, inclusif et passionnant, utilis\u00e9 dans nos animations comme le blindball pour sensibiliser au handicap","breadcrumb":{"@id":"https:\/\/3sport2025.ppawebdesign.com\/d4\/sport-2\/#breadcrumb"},"inLanguage":"fr-FR","potentialAction":[{"@type":"ReadAction","target":["https:\/\/3sport2025.ppawebdesign.com\/d4\/sport-2\/"]}]},{"@type":"BreadcrumbList","@id":"https:\/\/3sport2025.ppawebdesign.com\/d4\/sport-2\/#breadcrumb","itemListElement":[{"@type":"ListItem","position":1,"name":"Accueil","item":"https:\/\/3sport2025.ppawebdesign.com\/d4\/"},{"@type":"ListItem","position":2,"name":"Sport"}]},{"@type":"WebSite","@id":"https:\/\/3sport2025.ppawebdesign.com\/d4\/#website","url":"https:\/\/3sport2025.ppawebdesign.com\/d4\/","name":"Com'unity","description":"Le sport en harmonie","publisher":{"@id":"https:\/\/3sport2025.ppawebdesign.com\/d4\/#organization"},"potentialAction":[{"@type":"SearchAction","target":{"@type":"EntryPoint","urlTemplate":"https:\/\/3sport2025.ppawebdesign.com\/d4\/?s={search_term_string}"},"query-input":{"@type":"PropertyValueSpecification","valueRequired":true,"valueName":"search_term_string"}}],"inLanguage":"fr-FR"},{"@type":"Organization","@id":"https:\/\/3sport2025.ppawebdesign.com\/d4\/#organization","name":"Com'unity","url":"https:\/\/3sport2025.ppawebdesign.com\/d4\/","logo":{"@type":"ImageObject","inLanguage":"fr-FR","@id":"https:\/\/3sport2025.ppawebdesign.com\/d4\/#\/schema\/logo\/image\/","url":"https:\/\/3sport2025.ppawebdesign.com\/d4\/wp-content\/uploads\/sites\/19\/2025\/12\/LOGO-AGENCE-1-1.png","contentUrl":"https:\/\/3sport2025.ppawebdesign.com\/d4\/wp-content\/uploads\/sites\/19\/2025\/12\/LOGO-AGENCE-1-1.png","width":455,"height":297,"caption":"Com'unity"},"image":{"@id":"https:\/\/3sport2025.ppawebdesign.com\/d4\/#\/schema\/logo\/image\/"},"sameAs":["https:\/\/www.instagram.com\/com.unitysports\/?utm_source=ig_web_button_share_sheet"]}]}},"_links":{"self":[{"href":"https:\/\/3sport2025.ppawebdesign.com\/d4\/wp-json\/wp\/v2\/pages\/188","targetHints":{"allow":["GET"]}}],"collection":[{"href":"https:\/\/3sport2025.ppawebdesign.com\/d4\/wp-json\/wp\/v2\/pages"}],"about":[{"href":"https:\/\/3sport2025.ppawebdesign.com\/d4\/wp-json\/wp\/v2\/types\/page"}],"author":[{"embeddable":true,"href":"https:\/\/3sport2025.ppawebdesign.com\/d4\/wp-json\/wp\/v2\/users\/108"}],"replies":[{"embeddable":true,"href":"https:\/\/3sport2025.ppawebdesign.com\/d4\/wp-json\/wp\/v2\/comments?post=188"}],"version-history":[{"count":15,"href":"https:\/\/3sport2025.ppawebdesign.com\/d4\/wp-json\/wp\/v2\/pages\/188\/revisions"}],"predecessor-version":[{"id":456,"href":"https:\/\/3sport2025.ppawebdesign.com\/d4\/wp-json\/wp\/v2\/pages\/188\/revisions\/456"}],"wp:attachment":[{"href":"https:\/\/3sport2025.ppawebdesign.com\/d4\/wp-json\/wp\/v2\/media?parent=188"}],"curies":[{"name":"wp","href":"https:\/\/api.w.org\/{rel}","templated":true}]}}