{"id":48,"date":"2025-12-02T12:36:03","date_gmt":"2025-12-02T11:36:03","guid":{"rendered":"https:\/\/3sport2025.ppawebdesign.com\/d4\/?page_id=48"},"modified":"2025-12-05T10:50:53","modified_gmt":"2025-12-05T09:50:53","slug":"concept","status":"publish","type":"page","link":"https:\/\/3sport2025.ppawebdesign.com\/d4\/concept\/","title":{"rendered":"Blindball"},"content":{"rendered":"\n[et_pb_section fb_built=\u00a0\u00bb1&Prime; _builder_version=\u00a0\u00bb4.27.4&Prime; _module_preset=\u00a0\u00bbdefault\u00a0\u00bb background_color=\u00a0\u00bb#002060&Prime; global_colors_info=\u00a0\u00bb{}\u00a0\u00bb][et_pb_row _builder_version=\u00a0\u00bb4.27.4&Prime; _module_preset=\u00a0\u00bbdefault\u00a0\u00bb custom_padding=\u00a0\u00bb||6px|||\u00a0\u00bb global_colors_info=\u00a0\u00bb{}\u00a0\u00bb][et_pb_column type=\u00a0\u00bb4_4&Prime; _builder_version=\u00a0\u00bb4.27.4&Prime; _module_preset=\u00a0\u00bbdefault\u00a0\u00bb global_colors_info=\u00a0\u00bb{}\u00a0\u00bb][et_pb_image src=\u00a0\u00bbhttps:\/\/3sport2025.ppawebdesign.com\/d4\/wp-content\/uploads\/sites\/19\/2025\/12\/Capture-decran-2025-12-03-155056.png\u00a0\u00bb title_text=\u00a0\u00bbCapture d&rsquo;\u00e9cran 2025-12-03 155056&Prime; _builder_version=\u00a0\u00bb4.27.4&Prime; _module_preset=\u00a0\u00bbdefault\u00a0\u00bb background_enable_image=\u00a0\u00bboff\u00a0\u00bb transform_scale=\u00a0\u00bb86%|86%\u00a0\u00bb box_shadow_style=\u00a0\u00bbpreset3&Prime; box_shadow_color=\u00a0\u00bb#FFFFFF\u00a0\u00bb global_colors_info=\u00a0\u00bb{}\u00a0\u00bb][\/et_pb_image][\/et_pb_column][\/et_pb_row][\/et_pb_section][et_pb_section fb_built=\u00a0\u00bb1&Prime; _builder_version=\u00a0\u00bb4.27.4&Prime; _module_preset=\u00a0\u00bbdefault\u00a0\u00bb background_color=\u00a0\u00bb#002060&Prime; custom_padding=\u00a0\u00bb7px||0px|||\u00a0\u00bb global_colors_info=\u00a0\u00bb{}\u00a0\u00bb][et_pb_row _builder_version=\u00a0\u00bb4.27.4&Prime; _module_preset=\u00a0\u00bbdefault\u00a0\u00bb animation_style=\u00a0\u00bbzoom\u00a0\u00bb global_colors_info=\u00a0\u00bb{}\u00a0\u00bb][et_pb_column type=\u00a0\u00bb4_4&Prime; _builder_version=\u00a0\u00bb4.27.4&Prime; _module_preset=\u00a0\u00bbdefault\u00a0\u00bb global_colors_info=\u00a0\u00bb{}\u00a0\u00bb][et_pb_countdown_timer title=\u00a0\u00bbBLINDBALL\u00a0\u00bb date_time=\u00a0\u00bb2025-12-09 13:00&Prime; _builder_version=\u00a0\u00bb4.27.4&Prime; _module_preset=\u00a0\u00bbdefault\u00a0\u00bb header_font=\u00a0\u00bb||||||||\u00a0\u00bb header_text_align=\u00a0\u00bbcenter\u00a0\u00bb header_font_size=\u00a0\u00bb59px\u00a0\u00bb label_font=\u00a0\u00bbMontserrat||||||||\u00a0\u00bb label_font_size=\u00a0\u00bb9px\u00a0\u00bb use_background_color=\u00a0\u00bboff\u00a0\u00bb global_colors_info=\u00a0\u00bb{}\u00a0\u00bb][\/et_pb_countdown_timer][\/et_pb_column][\/et_pb_row][\/et_pb_section][et_pb_section fb_built=\u00a0\u00bb1&Prime; _builder_version=\u00a0\u00bb4.27.4&Prime; _module_preset=\u00a0\u00bbdefault\u00a0\u00bb background_color=\u00a0\u00bb#002060&Prime; custom_padding=\u00a0\u00bb||14px|||\u00a0\u00bb global_colors_info=\u00a0\u00bb{}\u00a0\u00bb][et_pb_row column_structure=\u00a0\u00bb1_2,1_2&Prime; _builder_version=\u00a0\u00bb4.27.4&Prime; _module_preset=\u00a0\u00bbdefault\u00a0\u00bb global_colors_info=\u00a0\u00bb{}\u00a0\u00bb][et_pb_column type=\u00a0\u00bb1_2&Prime; _builder_version=\u00a0\u00bb4.27.4&Prime; _module_preset=\u00a0\u00bbdefault\u00a0\u00bb global_colors_info=\u00a0\u00bb{}\u00a0\u00bb][et_pb_text _builder_version=\u00a0\u00bb4.27.4&Prime; _module_preset=\u00a0\u00bbdefault\u00a0\u00bb text_font=\u00a0\u00bbMontserrat||||||||\u00a0\u00bb text_text_color=\u00a0\u00bb#FFFFFF\u00a0\u00bb text_font_size=\u00a0\u00bb16px\u00a0\u00bb header_font=\u00a0\u00bbMontserrat||||||||\u00a0\u00bb min_height=\u00a0\u00bb305.2px\u00a0\u00bb custom_padding=\u00a0\u00bb||0px|||\u00a0\u00bb inline_fonts=\u00a0\u00bbMontserrat\u00a0\u00bb global_colors_info=\u00a0\u00bb{}\u00a0\u00bb]<p data-start=\"170\" data-end=\"236\" style=\"text-align: center\"><span style=\"font-size: large;font-family: Montserrat;font-weight: normal\"><strong data-start=\"170\" data-end=\"236\">BlindBall : un concept \u00e9v\u00e8nement c\u00e9cifoot immersif et \u00e9ducatif<\/strong><\/span><\/p>\n<p data-start=\"170\" data-end=\"236\" style=\"text-align: center\"><strong data-start=\"170\" data-end=\"236\"><\/strong><\/p>\n<p data-start=\"238\" data-end=\"601\" style=\"text-align: justify\"><span style=\"font-family: Montserrat\">L\u2019Agence pr\u00e9sente BlindBall, un concept \u00e9v\u00e8nement c\u00e9cifoot pens\u00e9 pour sensibiliser efficacement les \u00e9tudiants. Cet \u00e9v\u00e9nement propose une immersion compl\u00e8te dans une discipline encore m\u00e9connue. Ainsi, les participants d\u00e9couvrent une nouvelle fa\u00e7on d\u2019aborder le sport. De plus, ils apprennent \u00e0 comprendre le handicap visuel gr\u00e2ce \u00e0 une exp\u00e9rience concr\u00e8te.<\/span><\/p>[\/et_pb_text][\/et_pb_column][et_pb_column type=\u00a0\u00bb1_2&Prime; _builder_version=\u00a0\u00bb4.27.4&Prime; _module_preset=\u00a0\u00bbdefault\u00a0\u00bb global_colors_info=\u00a0\u00bb{}\u00a0\u00bb][et_pb_image src=\u00a0\u00bbhttps:\/\/3sport2025.ppawebdesign.com\/d4\/wp-content\/uploads\/sites\/19\/2025\/12\/P34573592D6451268G.webp\u00a0\u00bb title_text=\u00a0\u00bbP34573592D6451268G\u00a0\u00bb _builder_version=\u00a0\u00bb4.27.4&Prime; _module_preset=\u00a0\u00bbdefault\u00a0\u00bb global_colors_info=\u00a0\u00bb{}\u00a0\u00bb][\/et_pb_image][\/et_pb_column][\/et_pb_row][et_pb_row column_structure=\u00a0\u00bb1_2,1_2&Prime; _builder_version=\u00a0\u00bb4.27.4&Prime; _module_preset=\u00a0\u00bbdefault\u00a0\u00bb custom_margin=\u00a0\u00bb|auto|12px|auto||\u00a0\u00bb custom_padding=\u00a0\u00bb0px|||||\u00a0\u00bb global_colors_info=\u00a0\u00bb{}\u00a0\u00bb][et_pb_column type=\u00a0\u00bb1_2&Prime; _builder_version=\u00a0\u00bb4.27.4&Prime; _module_preset=\u00a0\u00bbdefault\u00a0\u00bb global_colors_info=\u00a0\u00bb{}\u00a0\u00bb][et_pb_text _builder_version=\u00a0\u00bb4.27.4&Prime; _module_preset=\u00a0\u00bbdefault\u00a0\u00bb text_font=\u00a0\u00bbMontserrat||||||||\u00a0\u00bb text_text_color=\u00a0\u00bb#FFFFFF\u00a0\u00bb text_font_size=\u00a0\u00bb16px\u00a0\u00bb transform_translate=\u00a0\u00bb0px|65px\u00a0\u00bb transform_translate_linked=\u00a0\u00bboff\u00a0\u00bb min_height=\u00a0\u00bb349.8px\u00a0\u00bb custom_margin=\u00a0\u00bb-15px||-29px|||\u00a0\u00bb custom_padding=\u00a0\u00bb||36px|||\u00a0\u00bb inline_fonts=\u00a0\u00bbMontserrat\u00a0\u00bb global_colors_info=\u00a0\u00bb{}\u00a0\u00bb]<p><span style=\"font-size: 20px\"><\/span><\/p>\n<p data-start=\"578\" data-end=\"1003\" style=\"text-align: justify\"><span style=\"font-family: Montserrat\">BlindBall se d\u00e9roulera mardi 9 d\u00e9cembre, au sein de PPA Sport, afin d\u2019offrir un cadre id\u00e9al. Pendant une heure, chaque \u00e9tudiant vivra une initiation originale et formatrice. Ainsi, il pourra se mettre dans la peau d\u2019un joueur malvoyant. D\u00e8s lors, il comprendra rapidement l\u2019importance de l\u2019\u00e9coute, de la coordination et de la concentration.<\/span><\/p>[\/et_pb_text][\/et_pb_column][et_pb_column type=\u00a0\u00bb1_2&Prime; _builder_version=\u00a0\u00bb4.27.4&Prime; _module_preset=\u00a0\u00bbdefault\u00a0\u00bb global_colors_info=\u00a0\u00bb{}\u00a0\u00bb][et_pb_image src=\u00a0\u00bbhttps:\/\/3sport2025.ppawebdesign.com\/d4\/wp-content\/uploads\/sites\/19\/2025\/12\/52153182116-482d45046a-o-1.jpg\u00a0\u00bb title_text=\u00a0\u00bb52153182116-482d45046a-o-1&Prime; _builder_version=\u00a0\u00bb4.27.4&Prime; _module_preset=\u00a0\u00bbdefault\u00a0\u00bb global_colors_info=\u00a0\u00bb{}\u00a0\u00bb][\/et_pb_image][\/et_pb_column][\/et_pb_row][\/et_pb_section][et_pb_section fb_built=\u00a0\u00bb1&Prime; _builder_version=\u00a0\u00bb4.27.4&Prime; _module_preset=\u00a0\u00bbdefault\u00a0\u00bb background_color=\u00a0\u00bb#002060&Prime; custom_padding=\u00a0\u00bb7px||0px|||\u00a0\u00bb global_colors_info=\u00a0\u00bb{}\u00a0\u00bb][et_pb_row column_structure=\u00a0\u00bb1_2,1_2&Prime; _builder_version=\u00a0\u00bb4.27.4&Prime; _module_preset=\u00a0\u00bbdefault\u00a0\u00bb custom_margin=\u00a0\u00bb-1px|auto||auto||\u00a0\u00bb custom_padding=\u00a0\u00bb|0px||||\u00a0\u00bb global_colors_info=\u00a0\u00bb{}\u00a0\u00bb][et_pb_column type=\u00a0\u00bb1_2&Prime; _builder_version=\u00a0\u00bb4.27.4&Prime; _module_preset=\u00a0\u00bbdefault\u00a0\u00bb global_colors_info=\u00a0\u00bb{}\u00a0\u00bb][et_pb_text _builder_version=\u00a0\u00bb4.27.4&Prime; _module_preset=\u00a0\u00bbdefault\u00a0\u00bb text_font=\u00a0\u00bbMontserrat||||||||\u00a0\u00bb text_font_size=\u00a0\u00bb16px\u00a0\u00bb header_font=\u00a0\u00bbMontserrat||||||||\u00a0\u00bb header_font_size=\u00a0\u00bb16px\u00a0\u00bb transform_scale=\u00a0\u00bb102%|102%\u00a0\u00bb inline_fonts=\u00a0\u00bbMontserrat\u00a0\u00bb global_colors_info=\u00a0\u00bb{}\u00a0\u00bb]<p style=\"text-align: justify\"><span style=\"font-family: Montserrat;font-weight: normal;font-size: medium\"><span style=\"color: #ffffff\">L\u2019\u00e9v\u00e9nement repose sur plusieurs ateliers compl\u00e9mentaires.<\/span><span style=\"color: #ffffff\"><\/span><\/span><\/p>\n<h4 style=\"text-align: justify\"><span style=\"color: #ffffff;font-size: medium;font-family: Montserrat;font-weight: normal\">&#8211; Un parcours sensoriel permettra d\u2019exp\u00e9rimenter des d\u00e9placements sans la vue.<\/span><\/h4>\n<h4 style=\"text-align: justify\"><span style=\"color: #ffffff;font-size: medium;font-family: Montserrat;font-weight: normal\">&#8211; Manipulation d\u2019une balle sonore aidera les participants \u00e0 se rep\u00e9rer gr\u00e2ce au bruit. <\/span><\/h4>\n<h4 style=\"text-align: justify\"><span style=\"color: #ffffff;font-size: medium;font-family: Montserrat;font-weight: normal\">&#8211; Des tirs dans des cages adapt\u00e9es renforceront la pr\u00e9cision. <\/span><\/h4>\n<h4 style=\"text-align: justify\"><span style=\"font-family: Montserrat;font-weight: normal;font-size: medium\"><span style=\"color: #ffffff\">&#8211; Des exercices de communication favoriseront le travail d\u2019\u00e9quipe.<\/span><span style=\"color: #ffffff\"><\/span><\/span><\/h4>\n<p><span style=\"color: #ffffff;font-size: medium;font-family: Montserrat;font-weight: normal\"><\/span><\/p>\n<p><span style=\"color: #ffffff;font-size: medium;font-family: Montserrat;font-weight: normal\"><\/span><\/p>\n<h4 style=\"text-align: justify\"><span style=\"color: #ffffff;font-size: medium;font-family: Montserrat;font-weight: normal\">Gr\u00e2ce \u00e0 ces ateliers vari\u00e9s, les \u00e9tudiants d\u00e9couvriront les exigences du c\u00e9cifoot.<\/span><br \/><span style=\"color: #ffffff;font-size: small\"><\/span><\/h4>[\/et_pb_text][\/et_pb_column][et_pb_column type=\u00a0\u00bb1_2&Prime; _builder_version=\u00a0\u00bb4.27.4&Prime; _module_preset=\u00a0\u00bbdefault\u00a0\u00bb global_colors_info=\u00a0\u00bb{}\u00a0\u00bb][et_pb_image src=\u00a0\u00bbhttps:\/\/3sport2025.ppawebdesign.com\/d4\/wp-content\/uploads\/sites\/19\/2025\/12\/OIP.webp\u00a0\u00bb title_text=\u00a0\u00bbOIP\u00a0\u00bb _builder_version=\u00a0\u00bb4.27.4&Prime; _module_preset=\u00a0\u00bbdefault\u00a0\u00bb transform_scale=\u00a0\u00bb108%|108%\u00a0\u00bb width=\u00a0\u00bb100%\u00a0\u00bb custom_margin=\u00a0\u00bb|0px||||\u00a0\u00bb custom_padding=\u00a0\u00bb|0px||||\u00a0\u00bb global_colors_info=\u00a0\u00bb{}\u00a0\u00bb][\/et_pb_image][\/et_pb_column][\/et_pb_row][\/et_pb_section][et_pb_section fb_built=\u00a0\u00bb1&Prime; _builder_version=\u00a0\u00bb4.27.4&Prime; _module_preset=\u00a0\u00bbdefault\u00a0\u00bb background_color=\u00a0\u00bb#002060&Prime; global_colors_info=\u00a0\u00bb{}\u00a0\u00bb][et_pb_row _builder_version=\u00a0\u00bb4.27.4&Prime; _module_preset=\u00a0\u00bbdefault\u00a0\u00bb global_colors_info=\u00a0\u00bb{}\u00a0\u00bb][et_pb_column type=\u00a0\u00bb4_4&Prime; _builder_version=\u00a0\u00bb4.27.4&Prime; _module_preset=\u00a0\u00bbdefault\u00a0\u00bb global_colors_info=\u00a0\u00bb{}\u00a0\u00bb][et_pb_heading title=\u00a0\u00bbNOTRE AMBASSADEUR\u00a0\u00bb _builder_version=\u00a0\u00bb4.27.4&Prime; _module_preset=\u00a0\u00bbdefault\u00a0\u00bb title_font=\u00a0\u00bbMontserrat|700|||||||\u00a0\u00bb title_text_align=\u00a0\u00bbcenter\u00a0\u00bb title_text_color=\u00a0\u00bb#FFFFFF\u00a0\u00bb global_colors_info=\u00a0\u00bb{}\u00a0\u00bb][\/et_pb_heading][\/et_pb_column][\/et_pb_row][et_pb_row _builder_version=\u00a0\u00bb4.27.4&Prime; _module_preset=\u00a0\u00bbdefault\u00a0\u00bb global_colors_info=\u00a0\u00bb{}\u00a0\u00bb][et_pb_column type=\u00a0\u00bb4_4&Prime; _builder_version=\u00a0\u00bb4.27.4&Prime; _module_preset=\u00a0\u00bbdefault\u00a0\u00bb global_colors_info=\u00a0\u00bb{}\u00a0\u00bb][et_pb_text _builder_version=\u00a0\u00bb4.27.4&Prime; _module_preset=\u00a0\u00bbdefault\u00a0\u00bb text_font=\u00a0\u00bbMontserrat||||||||\u00a0\u00bb text_text_color=\u00a0\u00bb#FFFFFF\u00a0\u00bb text_font_size=\u00a0\u00bb16px\u00a0\u00bb text_orientation=\u00a0\u00bbcenter\u00a0\u00bb global_colors_info=\u00a0\u00bb{}\u00a0\u00bb]<p data-start=\"262\" data-end=\"486\"><span>En outre, BlindBall aura l\u2019honneur d\u2019accueillir <\/span><strong data-start=\"1377\" data-end=\"1394\">Yvan Wouandji<\/strong><span>, joueur majeur de l\u2019\u00e9quipe de France de c\u00e9cifoot. Sa pr\u00e9sence renforcera fortement l\u2019authenticit\u00e9 du projet. En effet, son parcours illustre parfaitement les valeurs du c\u00e9cifoot. Ainsi, il incarne le d\u00e9passement de soi, la solidarit\u00e9 et la pers\u00e9v\u00e9rance. Par cons\u00e9quent, sa participation donnera une dimension encore plus inspirante \u00e0 l\u2019\u00e9v\u00e8nement.<\/span><\/p>[\/et_pb_text][\/et_pb_column][\/et_pb_row][et_pb_row _builder_version=\u00a0\u00bb4.27.4&Prime; _module_preset=\u00a0\u00bbdefault\u00a0\u00bb global_colors_info=\u00a0\u00bb{}\u00a0\u00bb][et_pb_column type=\u00a0\u00bb4_4&Prime; _builder_version=\u00a0\u00bb4.27.4&Prime; _module_preset=\u00a0\u00bbdefault\u00a0\u00bb global_colors_info=\u00a0\u00bb{}\u00a0\u00bb][et_pb_image src=\u00a0\u00bbhttps:\/\/3sport2025.ppawebdesign.com\/d4\/wp-content\/uploads\/sites\/19\/2025\/12\/yvan-page.jpg\u00a0\u00bb title_text=\u00a0\u00bbyvan page\u00a0\u00bb align=\u00a0\u00bbcenter\u00a0\u00bb _builder_version=\u00a0\u00bb4.27.4&Prime; _module_preset=\u00a0\u00bbdefault\u00a0\u00bb global_colors_info=\u00a0\u00bb{}\u00a0\u00bb][\/et_pb_image][\/et_pb_column][\/et_pb_row][et_pb_row _builder_version=\u00a0\u00bb4.27.4&Prime; _module_preset=\u00a0\u00bbdefault\u00a0\u00bb custom_padding=\u00a0\u00bb0px|||||\u00a0\u00bb global_colors_info=\u00a0\u00bb{}\u00a0\u00bb][et_pb_column type=\u00a0\u00bb4_4&Prime; _builder_version=\u00a0\u00bb4.27.4&Prime; _module_preset=\u00a0\u00bbdefault\u00a0\u00bb global_colors_info=\u00a0\u00bb{}\u00a0\u00bb][et_pb_text _builder_version=\u00a0\u00bb4.27.4&Prime; _module_preset=\u00a0\u00bbdefault\u00a0\u00bb text_font=\u00a0\u00bbMontserrat||||||||\u00a0\u00bb text_text_color=\u00a0\u00bb#FFFFFF\u00a0\u00bb text_font_size=\u00a0\u00bb16px\u00a0\u00bb width=\u00a0\u00bb100%\u00a0\u00bb custom_padding=\u00a0\u00bb|3px||||\u00a0\u00bb global_colors_info=\u00a0\u00bb{}\u00a0\u00bb]<p data-start=\"1745\" data-end=\"2101\" style=\"text-align: center\">Gr\u00e2ce \u00e0 l\u2019ensemble de ces activit\u00e9s, ce concept \u00e9v\u00e8nement c\u00e9cifoot permettra de sensibiliser efficacement les \u00e9tudiants au handicap visuel. De plus, il encouragera chacun \u00e0 d\u00e9velopper de nouvelles comp\u00e9tences sensorielles. Finalement, BlindBall offrira une exp\u00e9rience humaine forte, tout en valorisant un sport spectaculaire et profond\u00e9ment inclusif.<\/p>\n<p data-start=\"2103\" data-end=\"2210\" style=\"text-align: center\">Ainsi, l\u2019Agence propose un \u00e9v\u00e9nement marquant, engag\u00e9 et enti\u00e8rement tourn\u00e9 vers la d\u00e9couverte du c\u00e9cifoot.<\/p>[\/et_pb_text][\/et_pb_column][\/et_pb_row][et_pb_row _builder_version=\u00a0\u00bb4.27.4&Prime; _module_preset=\u00a0\u00bbdefault\u00a0\u00bb global_colors_info=\u00a0\u00bb{}\u00a0\u00bb][et_pb_column type=\u00a0\u00bb4_4&Prime; _builder_version=\u00a0\u00bb4.27.4&Prime; _module_preset=\u00a0\u00bbdefault\u00a0\u00bb global_colors_info=\u00a0\u00bb{}\u00a0\u00bb][et_pb_button button_url=\u00a0\u00bb@ET-DC@eyJkeW5hbWljIjp0cnVlLCJjb250ZW50IjoicG9zdF9saW5rX3VybF9wYWdlIiwic2V0dGluZ3MiOnsicG9zdF9pZCI6IjU0IiwiZW5hYmxlX2h0bWwiOiJvZmYifX0=@\u00a0\u00bb button_text=\u00a0\u00bbInformations\u00a0\u00bb _builder_version=\u00a0\u00bb4.27.4&Prime; _dynamic_attributes=\u00a0\u00bbbutton_url\u00a0\u00bb _module_preset=\u00a0\u00bbdefault\u00a0\u00bb transform_translate=\u00a0\u00bb1px|0px\u00a0\u00bb transform_translate_linked=\u00a0\u00bboff\u00a0\u00bb global_colors_info=\u00a0\u00bb{}\u00a0\u00bb][\/et_pb_button][\/et_pb_column][\/et_pb_row][\/et_pb_section]\n","protected":false},"excerpt":{"rendered":"<p>BlindBall : un concept \u00e9v\u00e8nement c\u00e9cifoot immersif et \u00e9ducatif L\u2019Agence pr\u00e9sente BlindBall, un concept \u00e9v\u00e8nement c\u00e9cifoot pens\u00e9 pour sensibiliser efficacement les \u00e9tudiants. Cet \u00e9v\u00e9nement propose une immersion compl\u00e8te dans une discipline encore m\u00e9connue. Ainsi, les participants d\u00e9couvrent une nouvelle fa\u00e7on d\u2019aborder le sport. De plus, ils apprennent \u00e0 comprendre le handicap visuel gr\u00e2ce \u00e0 une [&hellip;]<\/p>\n","protected":false},"author":123,"featured_media":0,"parent":0,"menu_order":0,"comment_status":"closed","ping_status":"closed","template":"","meta":{"_et_pb_use_builder":"on","_et_pb_old_content":"<!-- wp:divi\/placeholder \/-->","_et_gb_content_width":"","footnotes":""},"class_list":["post-48","page","type-page","status-publish","hentry"],"yoast_head":"<!-- This site is optimized with the Yoast SEO plugin v26.5 - https:\/\/yoast.com\/wordpress\/plugins\/seo\/ -->\n<title>BlindBall : initiation au c\u00e9cifoot \u2013 l\u2019exp\u00e9rience sportive inclusive<\/title>\n<meta name=\"description\" content=\"Le BlindBall : une animation sportive immersive inspir\u00e9e du c\u00e9cifoot, id\u00e9ale pour cr\u00e9er coh\u00e9sion et \u00e9motions lors de vos \u00e9v\u00e9nements.\" \/>\n<meta name=\"robots\" content=\"index, follow, max-snippet:-1, max-image-preview:large, max-video-preview:-1\" \/>\n<link rel=\"canonical\" href=\"https:\/\/3sport2025.ppawebdesign.com\/d4\/concept\/\" \/>\n<meta property=\"og:locale\" content=\"fr_FR\" \/>\n<meta property=\"og:type\" content=\"article\" \/>\n<meta property=\"og:title\" content=\"BlindBall : initiation au c\u00e9cifoot \u2013 l\u2019exp\u00e9rience sportive inclusive\" \/>\n<meta property=\"og:description\" content=\"Le BlindBall : une animation sportive immersive inspir\u00e9e du c\u00e9cifoot, id\u00e9ale pour cr\u00e9er coh\u00e9sion et \u00e9motions lors de vos \u00e9v\u00e9nements.\" \/>\n<meta property=\"og:url\" content=\"https:\/\/3sport2025.ppawebdesign.com\/d4\/concept\/\" \/>\n<meta property=\"og:site_name\" content=\"Com&#039;unity\" \/>\n<meta property=\"article:modified_time\" content=\"2025-12-05T09:50:53+00:00\" \/>\n<meta name=\"twitter:card\" content=\"summary_large_image\" \/>\n<meta name=\"twitter:label1\" content=\"Dur\u00e9e de lecture estim\u00e9e\" \/>\n\t<meta name=\"twitter:data1\" content=\"3 minutes\" \/>\n<script type=\"application\/ld+json\" class=\"yoast-schema-graph\">{\"@context\":\"https:\/\/schema.org\",\"@graph\":[{\"@type\":\"WebPage\",\"@id\":\"https:\/\/3sport2025.ppawebdesign.com\/d4\/concept\/\",\"url\":\"https:\/\/3sport2025.ppawebdesign.com\/d4\/concept\/\",\"name\":\"BlindBall : initiation au c\u00e9cifoot \u2013 l\u2019exp\u00e9rience sportive inclusive\",\"isPartOf\":{\"@id\":\"https:\/\/3sport2025.ppawebdesign.com\/d4\/#website\"},\"datePublished\":\"2025-12-02T11:36:03+00:00\",\"dateModified\":\"2025-12-05T09:50:53+00:00\",\"description\":\"Le BlindBall : une animation sportive immersive inspir\u00e9e du c\u00e9cifoot, id\u00e9ale pour cr\u00e9er coh\u00e9sion et \u00e9motions lors de vos \u00e9v\u00e9nements.\",\"breadcrumb\":{\"@id\":\"https:\/\/3sport2025.ppawebdesign.com\/d4\/concept\/#breadcrumb\"},\"inLanguage\":\"fr-FR\",\"potentialAction\":[{\"@type\":\"ReadAction\",\"target\":[\"https:\/\/3sport2025.ppawebdesign.com\/d4\/concept\/\"]}]},{\"@type\":\"BreadcrumbList\",\"@id\":\"https:\/\/3sport2025.ppawebdesign.com\/d4\/concept\/#breadcrumb\",\"itemListElement\":[{\"@type\":\"ListItem\",\"position\":1,\"name\":\"Accueil\",\"item\":\"https:\/\/3sport2025.ppawebdesign.com\/d4\/\"},{\"@type\":\"ListItem\",\"position\":2,\"name\":\"Blindball\"}]},{\"@type\":\"WebSite\",\"@id\":\"https:\/\/3sport2025.ppawebdesign.com\/d4\/#website\",\"url\":\"https:\/\/3sport2025.ppawebdesign.com\/d4\/\",\"name\":\"Com'unity\",\"description\":\"Le sport en harmonie\",\"publisher\":{\"@id\":\"https:\/\/3sport2025.ppawebdesign.com\/d4\/#organization\"},\"potentialAction\":[{\"@type\":\"SearchAction\",\"target\":{\"@type\":\"EntryPoint\",\"urlTemplate\":\"https:\/\/3sport2025.ppawebdesign.com\/d4\/?s={search_term_string}\"},\"query-input\":{\"@type\":\"PropertyValueSpecification\",\"valueRequired\":true,\"valueName\":\"search_term_string\"}}],\"inLanguage\":\"fr-FR\"},{\"@type\":\"Organization\",\"@id\":\"https:\/\/3sport2025.ppawebdesign.com\/d4\/#organization\",\"name\":\"Com'unity\",\"url\":\"https:\/\/3sport2025.ppawebdesign.com\/d4\/\",\"logo\":{\"@type\":\"ImageObject\",\"inLanguage\":\"fr-FR\",\"@id\":\"https:\/\/3sport2025.ppawebdesign.com\/d4\/#\/schema\/logo\/image\/\",\"url\":\"https:\/\/3sport2025.ppawebdesign.com\/d4\/wp-content\/uploads\/sites\/19\/2025\/12\/LOGO-AGENCE-1-1.png\",\"contentUrl\":\"https:\/\/3sport2025.ppawebdesign.com\/d4\/wp-content\/uploads\/sites\/19\/2025\/12\/LOGO-AGENCE-1-1.png\",\"width\":455,\"height\":297,\"caption\":\"Com'unity\"},\"image\":{\"@id\":\"https:\/\/3sport2025.ppawebdesign.com\/d4\/#\/schema\/logo\/image\/\"},\"sameAs\":[\"https:\/\/www.instagram.com\/com.unitysports\/?utm_source=ig_web_button_share_sheet\"]}]}<\/script>\n<!-- \/ Yoast SEO plugin. -->","yoast_head_json":{"title":"BlindBall : initiation au c\u00e9cifoot \u2013 l\u2019exp\u00e9rience sportive inclusive","description":"Le BlindBall : une animation sportive immersive inspir\u00e9e du c\u00e9cifoot, id\u00e9ale pour cr\u00e9er coh\u00e9sion et \u00e9motions lors de vos \u00e9v\u00e9nements.","robots":{"index":"index","follow":"follow","max-snippet":"max-snippet:-1","max-image-preview":"max-image-preview:large","max-video-preview":"max-video-preview:-1"},"canonical":"https:\/\/3sport2025.ppawebdesign.com\/d4\/concept\/","og_locale":"fr_FR","og_type":"article","og_title":"BlindBall : initiation au c\u00e9cifoot \u2013 l\u2019exp\u00e9rience sportive inclusive","og_description":"Le BlindBall : une animation sportive immersive inspir\u00e9e du c\u00e9cifoot, id\u00e9ale pour cr\u00e9er coh\u00e9sion et \u00e9motions lors de vos \u00e9v\u00e9nements.","og_url":"https:\/\/3sport2025.ppawebdesign.com\/d4\/concept\/","og_site_name":"Com&#039;unity","article_modified_time":"2025-12-05T09:50:53+00:00","twitter_card":"summary_large_image","twitter_misc":{"Dur\u00e9e de lecture estim\u00e9e":"3 minutes"},"schema":{"@context":"https:\/\/schema.org","@graph":[{"@type":"WebPage","@id":"https:\/\/3sport2025.ppawebdesign.com\/d4\/concept\/","url":"https:\/\/3sport2025.ppawebdesign.com\/d4\/concept\/","name":"BlindBall : initiation au c\u00e9cifoot \u2013 l\u2019exp\u00e9rience sportive inclusive","isPartOf":{"@id":"https:\/\/3sport2025.ppawebdesign.com\/d4\/#website"},"datePublished":"2025-12-02T11:36:03+00:00","dateModified":"2025-12-05T09:50:53+00:00","description":"Le BlindBall : une animation sportive immersive inspir\u00e9e du c\u00e9cifoot, id\u00e9ale pour cr\u00e9er coh\u00e9sion et \u00e9motions lors de vos \u00e9v\u00e9nements.","breadcrumb":{"@id":"https:\/\/3sport2025.ppawebdesign.com\/d4\/concept\/#breadcrumb"},"inLanguage":"fr-FR","potentialAction":[{"@type":"ReadAction","target":["https:\/\/3sport2025.ppawebdesign.com\/d4\/concept\/"]}]},{"@type":"BreadcrumbList","@id":"https:\/\/3sport2025.ppawebdesign.com\/d4\/concept\/#breadcrumb","itemListElement":[{"@type":"ListItem","position":1,"name":"Accueil","item":"https:\/\/3sport2025.ppawebdesign.com\/d4\/"},{"@type":"ListItem","position":2,"name":"Blindball"}]},{"@type":"WebSite","@id":"https:\/\/3sport2025.ppawebdesign.com\/d4\/#website","url":"https:\/\/3sport2025.ppawebdesign.com\/d4\/","name":"Com'unity","description":"Le sport en harmonie","publisher":{"@id":"https:\/\/3sport2025.ppawebdesign.com\/d4\/#organization"},"potentialAction":[{"@type":"SearchAction","target":{"@type":"EntryPoint","urlTemplate":"https:\/\/3sport2025.ppawebdesign.com\/d4\/?s={search_term_string}"},"query-input":{"@type":"PropertyValueSpecification","valueRequired":true,"valueName":"search_term_string"}}],"inLanguage":"fr-FR"},{"@type":"Organization","@id":"https:\/\/3sport2025.ppawebdesign.com\/d4\/#organization","name":"Com'unity","url":"https:\/\/3sport2025.ppawebdesign.com\/d4\/","logo":{"@type":"ImageObject","inLanguage":"fr-FR","@id":"https:\/\/3sport2025.ppawebdesign.com\/d4\/#\/schema\/logo\/image\/","url":"https:\/\/3sport2025.ppawebdesign.com\/d4\/wp-content\/uploads\/sites\/19\/2025\/12\/LOGO-AGENCE-1-1.png","contentUrl":"https:\/\/3sport2025.ppawebdesign.com\/d4\/wp-content\/uploads\/sites\/19\/2025\/12\/LOGO-AGENCE-1-1.png","width":455,"height":297,"caption":"Com'unity"},"image":{"@id":"https:\/\/3sport2025.ppawebdesign.com\/d4\/#\/schema\/logo\/image\/"},"sameAs":["https:\/\/www.instagram.com\/com.unitysports\/?utm_source=ig_web_button_share_sheet"]}]}},"_links":{"self":[{"href":"https:\/\/3sport2025.ppawebdesign.com\/d4\/wp-json\/wp\/v2\/pages\/48","targetHints":{"allow":["GET"]}}],"collection":[{"href":"https:\/\/3sport2025.ppawebdesign.com\/d4\/wp-json\/wp\/v2\/pages"}],"about":[{"href":"https:\/\/3sport2025.ppawebdesign.com\/d4\/wp-json\/wp\/v2\/types\/page"}],"author":[{"embeddable":true,"href":"https:\/\/3sport2025.ppawebdesign.com\/d4\/wp-json\/wp\/v2\/users\/123"}],"replies":[{"embeddable":true,"href":"https:\/\/3sport2025.ppawebdesign.com\/d4\/wp-json\/wp\/v2\/comments?post=48"}],"version-history":[{"count":49,"href":"https:\/\/3sport2025.ppawebdesign.com\/d4\/wp-json\/wp\/v2\/pages\/48\/revisions"}],"predecessor-version":[{"id":451,"href":"https:\/\/3sport2025.ppawebdesign.com\/d4\/wp-json\/wp\/v2\/pages\/48\/revisions\/451"}],"wp:attachment":[{"href":"https:\/\/3sport2025.ppawebdesign.com\/d4\/wp-json\/wp\/v2\/media?parent=48"}],"curies":[{"name":"wp","href":"https:\/\/api.w.org\/{rel}","templated":true}]}}