{"id":52,"date":"2025-12-02T12:36:51","date_gmt":"2025-12-02T11:36:51","guid":{"rendered":"https:\/\/3sport2025.ppawebdesign.com\/d4\/?page_id=52"},"modified":"2025-12-05T10:54:45","modified_gmt":"2025-12-05T09:54:45","slug":"notre-equipe","status":"publish","type":"page","link":"https:\/\/3sport2025.ppawebdesign.com\/d4\/notre-equipe\/","title":{"rendered":"L&rsquo;\u00e9quipe"},"content":{"rendered":"\n[et_pb_section fb_built=\u00a0\u00bb1&Prime; _builder_version=\u00a0\u00bb4.27.4&Prime; _module_preset=\u00a0\u00bbdefault\u00a0\u00bb background_color=\u00a0\u00bb#FF6B6B\u00a0\u00bb custom_padding=\u00a0\u00bb||32px|||\u00a0\u00bb global_colors_info=\u00a0\u00bb{}\u00a0\u00bb][et_pb_row _builder_version=\u00a0\u00bb4.27.4&Prime; _module_preset=\u00a0\u00bbdefault\u00a0\u00bb global_colors_info=\u00a0\u00bb{}\u00a0\u00bb][et_pb_column type=\u00a0\u00bb4_4&Prime; _builder_version=\u00a0\u00bb4.27.4&Prime; _module_preset=\u00a0\u00bbdefault\u00a0\u00bb global_colors_info=\u00a0\u00bb{}\u00a0\u00bb][et_pb_text _builder_version=\u00a0\u00bb4.27.4&Prime; _module_preset=\u00a0\u00bbdefault\u00a0\u00bb text_font=\u00a0\u00bbAnton|||on|||||\u00a0\u00bb text_text_color=\u00a0\u00bb#FFFFFF\u00a0\u00bb text_font_size=\u00a0\u00bb45px\u00a0\u00bb header_text_color=\u00a0\u00bb#FFFFFF\u00a0\u00bb transform_scale=\u00a0\u00bb200%|200%\u00a0\u00bb text_orientation=\u00a0\u00bbcenter\u00a0\u00bb text_text_shadow_style=\u00a0\u00bbpreset1&Prime; global_colors_info=\u00a0\u00bb{}\u00a0\u00bb]<p>L&rsquo;\u00c9QUIPE<\/p>[\/et_pb_text][\/et_pb_column][\/et_pb_row][et_pb_row column_structure=\u00a0\u00bb1_2,1_2&Prime; _builder_version=\u00a0\u00bb4.27.4&Prime; _module_preset=\u00a0\u00bbdefault\u00a0\u00bb global_colors_info=\u00a0\u00bb{}\u00a0\u00bb][et_pb_column type=\u00a0\u00bb1_2&Prime; _builder_version=\u00a0\u00bb4.27.4&Prime; _module_preset=\u00a0\u00bbdefault\u00a0\u00bb global_colors_info=\u00a0\u00bb{}\u00a0\u00bb][et_pb_text _builder_version=\u00a0\u00bb4.27.4&Prime; _module_preset=\u00a0\u00bbdefault\u00a0\u00bb text_text_color=\u00a0\u00bb#FFFFFF\u00a0\u00bb global_colors_info=\u00a0\u00bb{}\u00a0\u00bb]<p data-start=\"171\" data-end=\"551\" style=\"text-align: justify\"><strong>Com\u2019Unity<\/strong> repose sur une \u00e9quipe jeune, dynamique et engag\u00e9e. Elle se compose de sept membres aux profils compl\u00e9mentaires. Parmi eux, <strong>2 femmes et 5 hommes<\/strong> se r\u00e9unissent autour d\u2019une m\u00eame vision. Chacun apporte sa personnalit\u00e9, ses comp\u00e9tences et sa passion pour le sport. Ensemble, ils cherchent \u00e0 transformer chaque activit\u00e9 sportive en un v\u00e9ritable moteur de lien social.<\/p>\n<p data-start=\"553\" data-end=\"955\" style=\"text-align: justify\">L\u2019\u00e9quipe partage une ambition commune : rendre le sport accessible et inclusif. Gr\u00e2ce \u00e0 cette \u00e9nergie collective, <strong>Com\u2019Unity<\/strong> cr\u00e9e des exp\u00e9riences uniques pour tous. Chaque membre contribue avec sa sensibilit\u00e9 et son expertise. Les id\u00e9es circulent librement, favorisant la cr\u00e9ativit\u00e9 et l\u2019innovation au sein de l\u2019agence. Ainsi, la collaboration devient un v\u00e9ritable levier pour atteindre nos objectifs.<\/p>\n<p data-start=\"447\" data-end=\"621\"><\/p>[\/et_pb_text][\/et_pb_column][et_pb_column type=\u00a0\u00bb1_2&Prime; _builder_version=\u00a0\u00bb4.27.4&Prime; _module_preset=\u00a0\u00bbdefault\u00a0\u00bb global_colors_info=\u00a0\u00bb{}\u00a0\u00bb][et_pb_circle_counter number=\u00a0\u00bb28&Prime; bar_bg_color=\u00a0\u00bb#FFFFFF\u00a0\u00bb circle_color=\u00a0\u00bb#3B82F6&Prime; circle_color_alpha=\u00a0\u00bb1&Prime; _builder_version=\u00a0\u00bb4.27.4&Prime; _module_preset=\u00a0\u00bbdefault\u00a0\u00bb title_text_color=\u00a0\u00bb#FFFFFF\u00a0\u00bb background_layout=\u00a0\u00bbdark\u00a0\u00bb hover_enabled=\u00a0\u00bb0&Prime; global_colors_info=\u00a0\u00bb{}\u00a0\u00bb sticky_enabled=\u00a0\u00bb0&Prime;][\/et_pb_circle_counter][\/et_pb_column][\/et_pb_row][et_pb_row _builder_version=\u00a0\u00bb4.27.4&Prime; _module_preset=\u00a0\u00bbdefault\u00a0\u00bb custom_margin=\u00a0\u00bb-18px|auto||auto||\u00a0\u00bb custom_padding=\u00a0\u00bb||0px|||\u00a0\u00bb global_colors_info=\u00a0\u00bb{}\u00a0\u00bb][et_pb_column type=\u00a0\u00bb4_4&Prime; _builder_version=\u00a0\u00bb4.27.4&Prime; _module_preset=\u00a0\u00bbdefault\u00a0\u00bb global_colors_info=\u00a0\u00bb{}\u00a0\u00bb][et_pb_slider _builder_version=\u00a0\u00bb4.27.4&Prime; _module_preset=\u00a0\u00bbdefault\u00a0\u00bb body_font=\u00a0\u00bbMontserrat||||||||\u00a0\u00bb background_color=\u00a0\u00bb#FFFFFF\u00a0\u00bb min_height=\u00a0\u00bb459.1px\u00a0\u00bb custom_margin=\u00a0\u00bb||2px|||\u00a0\u00bb custom_padding=\u00a0\u00bb0px||0px|||\u00a0\u00bb global_colors_info=\u00a0\u00bb{}\u00a0\u00bb][et_pb_slide heading=\u00a0\u00bbResponsable Commercial\u00a0\u00bb image=\u00a0\u00bbhttps:\/\/3sport2025.ppawebdesign.com\/d4\/wp-content\/uploads\/sites\/19\/2025\/12\/6-e1764769245630.jpg\u00a0\u00bb _builder_version=\u00a0\u00bb4.27.4&Prime; _module_preset=\u00a0\u00bbdefault\u00a0\u00bb header_font=\u00a0\u00bbAnton||||||||\u00a0\u00bb body_font=\u00a0\u00bbMontserrat||||||||\u00a0\u00bb background_color=\u00a0\u00bb#FFFFFF\u00a0\u00bb background_layout=\u00a0\u00bblight\u00a0\u00bb header_text_shadow_style=\u00a0\u00bbpreset1&Prime; global_colors_info=\u00a0\u00bb{}\u00a0\u00bb sticky_transition=\u00a0\u00bbon\u00a0\u00bb]<p data-start=\"447\" data-end=\"621\"><strong data-start=\"442\" data-end=\"450\">Adel<\/strong><span> d\u00e9veloppe les partenariats et prend en charge les relations avec les entreprises et les organismes externes afin de soutenir le projet et d\u2019augmenter ses ressources.<\/span><\/p>[\/et_pb_slide][et_pb_slide heading=\u00a0\u00bbResponsable Events\/Animations\u00a0\u00bb image=\u00a0\u00bbhttps:\/\/3sport2025.ppawebdesign.com\/d4\/wp-content\/uploads\/sites\/19\/2025\/12\/5-e1764768979725.jpg\u00a0\u00bb _builder_version=\u00a0\u00bb4.27.4&Prime; _module_preset=\u00a0\u00bbdefault\u00a0\u00bb header_font=\u00a0\u00bbAnton||||||||\u00a0\u00bb header_font_size=\u00a0\u00bb46px\u00a0\u00bb body_font=\u00a0\u00bbMontserrat||||||||\u00a0\u00bb background_color=\u00a0\u00bb#FFFFFF\u00a0\u00bb background_layout=\u00a0\u00bblight\u00a0\u00bb header_font_size_tablet=\u00a0\u00bb46px\u00a0\u00bb header_font_size_phone=\u00a0\u00bb20px\u00a0\u00bb header_font_size_last_edited=\u00a0\u00bbon|phone\u00a0\u00bb header_text_shadow_style=\u00a0\u00bbpreset1&Prime; global_colors_info=\u00a0\u00bb{}\u00a0\u00bb sticky_transition=\u00a0\u00bbon\u00a0\u00bb]<p data-start=\"447\" data-end=\"621\"><strong data-start=\"52\" data-end=\"60\">Paul<\/strong><span> imagine et con\u00e7oit l\u2019ensemble des \u00e9v\u00e9nements et animations du projet, d\u00e9veloppe les id\u00e9es cr\u00e9atives qui structurent l\u2019exp\u00e9rience propos\u00e9e au public et pilote leur mise en place du d\u00e9but \u00e0 la fin.<\/span><\/p>[\/et_pb_slide][et_pb_slide heading=\u00a0\u00bbResponsable Logistique\u00a0\u00bb image=\u00a0\u00bbhttps:\/\/3sport2025.ppawebdesign.com\/d4\/wp-content\/uploads\/sites\/19\/2025\/12\/5-1-e1764769118499.jpg\u00a0\u00bb _builder_version=\u00a0\u00bb4.27.4&Prime; _module_preset=\u00a0\u00bbdefault\u00a0\u00bb header_font=\u00a0\u00bbAnton||||||||\u00a0\u00bb header_font_size=\u00a0\u00bb46px\u00a0\u00bb body_font=\u00a0\u00bbMontserrat||||||||\u00a0\u00bb background_color=\u00a0\u00bb#FFFFFF\u00a0\u00bb background_layout=\u00a0\u00bblight\u00a0\u00bb header_font_size_tablet=\u00a0\u00bb46px\u00a0\u00bb header_font_size_phone=\u00a0\u00bb20px\u00a0\u00bb header_font_size_last_edited=\u00a0\u00bbon|desktop\u00a0\u00bb header_text_shadow_style=\u00a0\u00bbpreset1&Prime; global_colors_info=\u00a0\u00bb{}\u00a0\u00bb sticky_transition=\u00a0\u00bbon\u00a0\u00bb]<p data-start=\"447\" data-end=\"621\"><strong data-start=\"258\" data-end=\"268\">Ma\u00eblle<\/strong><span> organise toute la partie logistique, g\u00e8re les besoins mat\u00e9riels, les plannings et les installations, et s\u2019assure que chaque \u00e9l\u00e9ment soit pr\u00eat et fonctionnel au bon moment.<\/span><\/p>[\/et_pb_slide][et_pb_slide heading=\u00a0\u00bbCommercial Marketing\u00a0\u00bb image=\u00a0\u00bbhttps:\/\/3sport2025.ppawebdesign.com\/d4\/wp-content\/uploads\/sites\/19\/2025\/12\/6-1-e1764769283571.jpg\u00a0\u00bb _builder_version=\u00a0\u00bb4.27.4&Prime; _module_preset=\u00a0\u00bbdefault\u00a0\u00bb header_font=\u00a0\u00bbAnton||||||||\u00a0\u00bb body_font=\u00a0\u00bbMontserrat||||||||\u00a0\u00bb background_color=\u00a0\u00bb#FFFFFF\u00a0\u00bb background_layout=\u00a0\u00bblight\u00a0\u00bb header_text_shadow_style=\u00a0\u00bbpreset1&Prime; global_colors_info=\u00a0\u00bb{}\u00a0\u00bb sticky_transition=\u00a0\u00bbon\u00a0\u00bb]<p data-start=\"618\" data-end=\"791\"><strong data-start=\"618\" data-end=\"625\">L\u00e9o<\/strong> participe au d\u00e9veloppement marketing, propose des actions pour mettre en valeur le projet et travaille \u00e0 renforcer sa visibilit\u00e9 aupr\u00e8s du public et des partenaires.<\/p>[\/et_pb_slide][et_pb_slide heading=\u00a0\u00bbDirectrice Artistique \u00a0\u00bb image=\u00a0\u00bbhttps:\/\/3sport2025.ppawebdesign.com\/d4\/wp-content\/uploads\/sites\/19\/2025\/12\/7-e1764769304488.jpg\u00a0\u00bb _builder_version=\u00a0\u00bb4.27.4&Prime; _module_preset=\u00a0\u00bbdefault\u00a0\u00bb header_font=\u00a0\u00bbAnton||||||||\u00a0\u00bb body_font=\u00a0\u00bbMontserrat||||||||\u00a0\u00bb background_color=\u00a0\u00bb#FFFFFF\u00a0\u00bb background_layout=\u00a0\u00bblight\u00a0\u00bb header_text_shadow_style=\u00a0\u00bbpreset1&Prime; global_colors_info=\u00a0\u00bb{}\u00a0\u00bb sticky_transition=\u00a0\u00bbon\u00a0\u00bb]<p data-start=\"447\" data-end=\"621\"><strong data-start=\"1126\" data-end=\"1137\">Alisson<\/strong><span> con\u00e7oit toute l\u2019identit\u00e9 visuelle du projet, r\u00e9alise les supports graphiques et s\u2019occupe de donner une coh\u00e9rence esth\u00e9tique \u00e0 l\u2019ensemble des communications.<\/span><\/p>[\/et_pb_slide][et_pb_slide heading=\u00a0\u00bbCommunity Manager\u00a0\u00bb image=\u00a0\u00bbhttps:\/\/3sport2025.ppawebdesign.com\/d4\/wp-content\/uploads\/sites\/19\/2025\/12\/7-1-e1764769320999.jpg\u00a0\u00bb _builder_version=\u00a0\u00bb4.27.4&Prime; _module_preset=\u00a0\u00bbdefault\u00a0\u00bb header_font=\u00a0\u00bbAnton||||||||\u00a0\u00bb body_font=\u00a0\u00bbMontserrat||||||||\u00a0\u00bb background_color=\u00a0\u00bb#FFFFFF\u00a0\u00bb background_layout=\u00a0\u00bblight\u00a0\u00bb header_text_shadow_style=\u00a0\u00bbpreset1&Prime; global_colors_info=\u00a0\u00bb{}\u00a0\u00bb sticky_transition=\u00a0\u00bbon\u00a0\u00bb]<p data-start=\"447\" data-end=\"621\"><strong data-start=\"958\" data-end=\"968\">Rafa\u00ebl<\/strong><span> anime les r\u00e9seaux sociaux, cr\u00e9e du contenu pour faire vivre le projet en ligne et entretient la relation avec la communaut\u00e9 afin de renforcer l\u2019engagement.<\/span><\/p>[\/et_pb_slide][et_pb_slide heading=\u00a0\u00bbResponsable Administratif\u00a0\u00bb image=\u00a0\u00bbhttps:\/\/3sport2025.ppawebdesign.com\/d4\/wp-content\/uploads\/sites\/19\/2025\/12\/8-e1764769335277.jpg\u00a0\u00bb _builder_version=\u00a0\u00bb4.27.4&Prime; _module_preset=\u00a0\u00bbdefault\u00a0\u00bb header_font=\u00a0\u00bbAnton||||||||\u00a0\u00bb body_font=\u00a0\u00bbMontserrat||||||||\u00a0\u00bb background_color=\u00a0\u00bb#FFFFFF\u00a0\u00bb background_layout=\u00a0\u00bblight\u00a0\u00bb header_text_shadow_style=\u00a0\u00bbpreset1&Prime; global_colors_info=\u00a0\u00bb{}\u00a0\u00bb sticky_transition=\u00a0\u00bbon\u00a0\u00bb]<p data-start=\"447\" data-end=\"621\"><strong data-start=\"793\" data-end=\"801\">Enzo<\/strong><span> g\u00e8re les aspects administratifs, assure le suivi des documents, des d\u00e9marches et des obligations, et veille \u00e0 ce que tout soit conforme et bien structur\u00e9.<\/span><\/p>[\/et_pb_slide][\/et_pb_slider][\/et_pb_column][\/et_pb_row][et_pb_row column_structure=\u00a0\u00bb1_2,1_2&Prime; _builder_version=\u00a0\u00bb4.27.4&Prime; _module_preset=\u00a0\u00bbdefault\u00a0\u00bb min_height=\u00a0\u00bb345px\u00a0\u00bb custom_margin=\u00a0\u00bb|auto|0px|auto||\u00a0\u00bb custom_padding=\u00a0\u00bb||3px|||\u00a0\u00bb global_colors_info=\u00a0\u00bb{}\u00a0\u00bb][et_pb_column type=\u00a0\u00bb1_2&Prime; _builder_version=\u00a0\u00bb4.27.4&Prime; _module_preset=\u00a0\u00bbdefault\u00a0\u00bb global_colors_info=\u00a0\u00bb{}\u00a0\u00bb][et_pb_text _builder_version=\u00a0\u00bb4.27.4&Prime; _module_preset=\u00a0\u00bbdefault\u00a0\u00bb text_font=\u00a0\u00bbMontserrat||||||||\u00a0\u00bb text_text_color=\u00a0\u00bb#FFFFFF\u00a0\u00bb text_font_size=\u00a0\u00bb15px\u00a0\u00bb width=\u00a0\u00bb90.2%\u00a0\u00bb min_height=\u00a0\u00bb81px\u00a0\u00bb custom_margin=\u00a0\u00bb48px|||||\u00a0\u00bb custom_padding=\u00a0\u00bb||4px|||\u00a0\u00bb global_colors_info=\u00a0\u00bb{}\u00a0\u00bb]<p data-start=\"1332\" data-end=\"1702\" style=\"text-align: justify\">Par ailleurs, la communication interne est essentielle. Les r\u00e9unions r\u00e9guli\u00e8res et les moments d\u2019\u00e9changes informels renforcent la coh\u00e9sion. Cela favorise un environnement de travail stimulant et motivant. L\u2019\u00e9quipe sait \u00e9galement s\u2019adapter aux besoins des clients et aux contraintes du terrain. Chaque projet devient alors une opportunit\u00e9 d\u2019innover et de cr\u00e9er du lien.<\/p>\n<p data-start=\"1704\" data-end=\"2099\" style=\"text-align: justify\">En somme, Com\u2019Unity est bien plus qu\u2019une agence : c\u2019est une communaut\u00e9. La diversit\u00e9 des profils et des exp\u00e9riences nourrit chaque initiative. L\u2019engagement de chacun garantit la r\u00e9ussite des projets. Ensemble, ils transforment le sport en un outil d\u2019inclusion, de partage et de d\u00e9veloppement social. Cette dynamique constante fait de Com\u2019Unity un acteur incontournable dans le secteur sportif.<\/p>[\/et_pb_text][\/et_pb_column][et_pb_column type=\u00a0\u00bb1_2&Prime; _builder_version=\u00a0\u00bb4.27.4&Prime; _module_preset=\u00a0\u00bbdefault\u00a0\u00bb global_colors_info=\u00a0\u00bb{}\u00a0\u00bb][et_pb_image src=\u00a0\u00bbhttps:\/\/3sport2025.ppawebdesign.com\/d4\/wp-content\/uploads\/sites\/19\/2025\/12\/equipe.jpg\u00a0\u00bb title_text=\u00a0\u00bbequipe\u00a0\u00bb _builder_version=\u00a0\u00bb4.27.4&Prime; _module_preset=\u00a0\u00bbdefault\u00a0\u00bb custom_margin=\u00a0\u00bb21px|||||\u00a0\u00bb custom_padding=\u00a0\u00bb||24px|||\u00a0\u00bb global_colors_info=\u00a0\u00bb{}\u00a0\u00bb][\/et_pb_image][\/et_pb_column][\/et_pb_row][\/et_pb_section]\n","protected":false},"excerpt":{"rendered":"<p>L&rsquo;\u00c9QUIPECom\u2019Unity repose sur une \u00e9quipe jeune, dynamique et engag\u00e9e. Elle se compose de sept membres aux profils compl\u00e9mentaires. Parmi eux, 2 femmes et 5 hommes se r\u00e9unissent autour d\u2019une m\u00eame vision. Chacun apporte sa personnalit\u00e9, ses comp\u00e9tences et sa passion pour le sport. Ensemble, ils cherchent \u00e0 transformer chaque activit\u00e9 sportive en un v\u00e9ritable moteur [&hellip;]<\/p>\n","protected":false},"author":123,"featured_media":0,"parent":0,"menu_order":0,"comment_status":"closed","ping_status":"closed","template":"","meta":{"_et_pb_use_builder":"on","_et_pb_old_content":"","_et_gb_content_width":"","footnotes":""},"class_list":["post-52","page","type-page","status-publish","hentry"],"yoast_head":"<!-- This site is optimized with the Yoast SEO plugin v26.5 - https:\/\/yoast.com\/wordpress\/plugins\/seo\/ -->\n<title>Notre \u00e9quipe \u2013 votre agence d\u2019\u00e9v\u00e9nementiel sportif<\/title>\n<meta name=\"description\" content=\"D\u00e9couvrez l\u2019\u00e9quipe passionn\u00e9e qui con\u00e7oit et anime vos \u00e9v\u00e9nements sportifs, dont notre concept phare : le blindball.\" \/>\n<meta name=\"robots\" content=\"index, follow, max-snippet:-1, max-image-preview:large, max-video-preview:-1\" \/>\n<link rel=\"canonical\" href=\"https:\/\/3sport2025.ppawebdesign.com\/d4\/notre-equipe\/\" \/>\n<meta property=\"og:locale\" content=\"fr_FR\" \/>\n<meta property=\"og:type\" content=\"article\" \/>\n<meta property=\"og:title\" content=\"Notre \u00e9quipe \u2013 votre agence d\u2019\u00e9v\u00e9nementiel sportif\" \/>\n<meta property=\"og:description\" content=\"D\u00e9couvrez l\u2019\u00e9quipe passionn\u00e9e qui con\u00e7oit et anime vos \u00e9v\u00e9nements sportifs, dont notre concept phare : le blindball.\" \/>\n<meta property=\"og:url\" content=\"https:\/\/3sport2025.ppawebdesign.com\/d4\/notre-equipe\/\" \/>\n<meta property=\"og:site_name\" content=\"Com&#039;unity\" \/>\n<meta property=\"article:modified_time\" content=\"2025-12-05T09:54:45+00:00\" \/>\n<meta name=\"twitter:card\" content=\"summary_large_image\" \/>\n<meta name=\"twitter:label1\" content=\"Dur\u00e9e de lecture estim\u00e9e\" \/>\n\t<meta name=\"twitter:data1\" content=\"4 minutes\" \/>\n<script type=\"application\/ld+json\" class=\"yoast-schema-graph\">{\"@context\":\"https:\/\/schema.org\",\"@graph\":[{\"@type\":\"WebPage\",\"@id\":\"https:\/\/3sport2025.ppawebdesign.com\/d4\/notre-equipe\/\",\"url\":\"https:\/\/3sport2025.ppawebdesign.com\/d4\/notre-equipe\/\",\"name\":\"Notre \u00e9quipe \u2013 votre agence d\u2019\u00e9v\u00e9nementiel sportif\",\"isPartOf\":{\"@id\":\"https:\/\/3sport2025.ppawebdesign.com\/d4\/#website\"},\"datePublished\":\"2025-12-02T11:36:51+00:00\",\"dateModified\":\"2025-12-05T09:54:45+00:00\",\"description\":\"D\u00e9couvrez l\u2019\u00e9quipe passionn\u00e9e qui con\u00e7oit et anime vos \u00e9v\u00e9nements sportifs, dont notre concept phare : le blindball.\",\"breadcrumb\":{\"@id\":\"https:\/\/3sport2025.ppawebdesign.com\/d4\/notre-equipe\/#breadcrumb\"},\"inLanguage\":\"fr-FR\",\"potentialAction\":[{\"@type\":\"ReadAction\",\"target\":[\"https:\/\/3sport2025.ppawebdesign.com\/d4\/notre-equipe\/\"]}]},{\"@type\":\"BreadcrumbList\",\"@id\":\"https:\/\/3sport2025.ppawebdesign.com\/d4\/notre-equipe\/#breadcrumb\",\"itemListElement\":[{\"@type\":\"ListItem\",\"position\":1,\"name\":\"Accueil\",\"item\":\"https:\/\/3sport2025.ppawebdesign.com\/d4\/\"},{\"@type\":\"ListItem\",\"position\":2,\"name\":\"L&rsquo;\u00e9quipe\"}]},{\"@type\":\"WebSite\",\"@id\":\"https:\/\/3sport2025.ppawebdesign.com\/d4\/#website\",\"url\":\"https:\/\/3sport2025.ppawebdesign.com\/d4\/\",\"name\":\"Com'unity\",\"description\":\"Le sport en harmonie\",\"publisher\":{\"@id\":\"https:\/\/3sport2025.ppawebdesign.com\/d4\/#organization\"},\"potentialAction\":[{\"@type\":\"SearchAction\",\"target\":{\"@type\":\"EntryPoint\",\"urlTemplate\":\"https:\/\/3sport2025.ppawebdesign.com\/d4\/?s={search_term_string}\"},\"query-input\":{\"@type\":\"PropertyValueSpecification\",\"valueRequired\":true,\"valueName\":\"search_term_string\"}}],\"inLanguage\":\"fr-FR\"},{\"@type\":\"Organization\",\"@id\":\"https:\/\/3sport2025.ppawebdesign.com\/d4\/#organization\",\"name\":\"Com'unity\",\"url\":\"https:\/\/3sport2025.ppawebdesign.com\/d4\/\",\"logo\":{\"@type\":\"ImageObject\",\"inLanguage\":\"fr-FR\",\"@id\":\"https:\/\/3sport2025.ppawebdesign.com\/d4\/#\/schema\/logo\/image\/\",\"url\":\"https:\/\/3sport2025.ppawebdesign.com\/d4\/wp-content\/uploads\/sites\/19\/2025\/12\/LOGO-AGENCE-1-1.png\",\"contentUrl\":\"https:\/\/3sport2025.ppawebdesign.com\/d4\/wp-content\/uploads\/sites\/19\/2025\/12\/LOGO-AGENCE-1-1.png\",\"width\":455,\"height\":297,\"caption\":\"Com'unity\"},\"image\":{\"@id\":\"https:\/\/3sport2025.ppawebdesign.com\/d4\/#\/schema\/logo\/image\/\"},\"sameAs\":[\"https:\/\/www.instagram.com\/com.unitysports\/?utm_source=ig_web_button_share_sheet\"]}]}<\/script>\n<!-- \/ Yoast SEO plugin. -->","yoast_head_json":{"title":"Notre \u00e9quipe \u2013 votre agence d\u2019\u00e9v\u00e9nementiel sportif","description":"D\u00e9couvrez l\u2019\u00e9quipe passionn\u00e9e qui con\u00e7oit et anime vos \u00e9v\u00e9nements sportifs, dont notre concept phare : le blindball.","robots":{"index":"index","follow":"follow","max-snippet":"max-snippet:-1","max-image-preview":"max-image-preview:large","max-video-preview":"max-video-preview:-1"},"canonical":"https:\/\/3sport2025.ppawebdesign.com\/d4\/notre-equipe\/","og_locale":"fr_FR","og_type":"article","og_title":"Notre \u00e9quipe \u2013 votre agence d\u2019\u00e9v\u00e9nementiel sportif","og_description":"D\u00e9couvrez l\u2019\u00e9quipe passionn\u00e9e qui con\u00e7oit et anime vos \u00e9v\u00e9nements sportifs, dont notre concept phare : le blindball.","og_url":"https:\/\/3sport2025.ppawebdesign.com\/d4\/notre-equipe\/","og_site_name":"Com&#039;unity","article_modified_time":"2025-12-05T09:54:45+00:00","twitter_card":"summary_large_image","twitter_misc":{"Dur\u00e9e de lecture estim\u00e9e":"4 minutes"},"schema":{"@context":"https:\/\/schema.org","@graph":[{"@type":"WebPage","@id":"https:\/\/3sport2025.ppawebdesign.com\/d4\/notre-equipe\/","url":"https:\/\/3sport2025.ppawebdesign.com\/d4\/notre-equipe\/","name":"Notre \u00e9quipe \u2013 votre agence d\u2019\u00e9v\u00e9nementiel sportif","isPartOf":{"@id":"https:\/\/3sport2025.ppawebdesign.com\/d4\/#website"},"datePublished":"2025-12-02T11:36:51+00:00","dateModified":"2025-12-05T09:54:45+00:00","description":"D\u00e9couvrez l\u2019\u00e9quipe passionn\u00e9e qui con\u00e7oit et anime vos \u00e9v\u00e9nements sportifs, dont notre concept phare : le blindball.","breadcrumb":{"@id":"https:\/\/3sport2025.ppawebdesign.com\/d4\/notre-equipe\/#breadcrumb"},"inLanguage":"fr-FR","potentialAction":[{"@type":"ReadAction","target":["https:\/\/3sport2025.ppawebdesign.com\/d4\/notre-equipe\/"]}]},{"@type":"BreadcrumbList","@id":"https:\/\/3sport2025.ppawebdesign.com\/d4\/notre-equipe\/#breadcrumb","itemListElement":[{"@type":"ListItem","position":1,"name":"Accueil","item":"https:\/\/3sport2025.ppawebdesign.com\/d4\/"},{"@type":"ListItem","position":2,"name":"L&rsquo;\u00e9quipe"}]},{"@type":"WebSite","@id":"https:\/\/3sport2025.ppawebdesign.com\/d4\/#website","url":"https:\/\/3sport2025.ppawebdesign.com\/d4\/","name":"Com'unity","description":"Le sport en harmonie","publisher":{"@id":"https:\/\/3sport2025.ppawebdesign.com\/d4\/#organization"},"potentialAction":[{"@type":"SearchAction","target":{"@type":"EntryPoint","urlTemplate":"https:\/\/3sport2025.ppawebdesign.com\/d4\/?s={search_term_string}"},"query-input":{"@type":"PropertyValueSpecification","valueRequired":true,"valueName":"search_term_string"}}],"inLanguage":"fr-FR"},{"@type":"Organization","@id":"https:\/\/3sport2025.ppawebdesign.com\/d4\/#organization","name":"Com'unity","url":"https:\/\/3sport2025.ppawebdesign.com\/d4\/","logo":{"@type":"ImageObject","inLanguage":"fr-FR","@id":"https:\/\/3sport2025.ppawebdesign.com\/d4\/#\/schema\/logo\/image\/","url":"https:\/\/3sport2025.ppawebdesign.com\/d4\/wp-content\/uploads\/sites\/19\/2025\/12\/LOGO-AGENCE-1-1.png","contentUrl":"https:\/\/3sport2025.ppawebdesign.com\/d4\/wp-content\/uploads\/sites\/19\/2025\/12\/LOGO-AGENCE-1-1.png","width":455,"height":297,"caption":"Com'unity"},"image":{"@id":"https:\/\/3sport2025.ppawebdesign.com\/d4\/#\/schema\/logo\/image\/"},"sameAs":["https:\/\/www.instagram.com\/com.unitysports\/?utm_source=ig_web_button_share_sheet"]}]}},"_links":{"self":[{"href":"https:\/\/3sport2025.ppawebdesign.com\/d4\/wp-json\/wp\/v2\/pages\/52","targetHints":{"allow":["GET"]}}],"collection":[{"href":"https:\/\/3sport2025.ppawebdesign.com\/d4\/wp-json\/wp\/v2\/pages"}],"about":[{"href":"https:\/\/3sport2025.ppawebdesign.com\/d4\/wp-json\/wp\/v2\/types\/page"}],"author":[{"embeddable":true,"href":"https:\/\/3sport2025.ppawebdesign.com\/d4\/wp-json\/wp\/v2\/users\/123"}],"replies":[{"embeddable":true,"href":"https:\/\/3sport2025.ppawebdesign.com\/d4\/wp-json\/wp\/v2\/comments?post=52"}],"version-history":[{"count":29,"href":"https:\/\/3sport2025.ppawebdesign.com\/d4\/wp-json\/wp\/v2\/pages\/52\/revisions"}],"predecessor-version":[{"id":453,"href":"https:\/\/3sport2025.ppawebdesign.com\/d4\/wp-json\/wp\/v2\/pages\/52\/revisions\/453"}],"wp:attachment":[{"href":"https:\/\/3sport2025.ppawebdesign.com\/d4\/wp-json\/wp\/v2\/media?parent=52"}],"curies":[{"name":"wp","href":"https:\/\/api.w.org\/{rel}","templated":true}]}}