{"id":125,"date":"2025-12-03T14:16:27","date_gmt":"2025-12-03T13:16:27","guid":{"rendered":"https:\/\/3sport2025.ppawebdesign.com\/d5\/?page_id=125"},"modified":"2025-12-04T16:37:22","modified_gmt":"2025-12-04T15:37:22","slug":"nos-evenements","status":"publish","type":"page","link":"https:\/\/3sport2025.ppawebdesign.com\/d5\/evenement-experience-agence-sport\/nos-evenements\/","title":{"rendered":"King Of Court"},"content":{"rendered":"<p>[et_pb_section fb_built=\u00a0\u00bb1&Prime; _builder_version=\u00a0\u00bb4.27.4&Prime; _module_preset=\u00a0\u00bbdefault\u00a0\u00bb background_color=\u00a0\u00bb#0c1a2b\u00a0\u00bb global_colors_info=\u00a0\u00bb{}\u00a0\u00bb][et_pb_row column_structure=\u00a0\u00bb1_2,1_2&Prime; _builder_version=\u00a0\u00bb4.27.4&Prime; _module_preset=\u00a0\u00bbdefault\u00a0\u00bb min_height=\u00a0\u00bb900.2px\u00a0\u00bb custom_padding=\u00a0\u00bb11px|||||\u00a0\u00bb global_colors_info=\u00a0\u00bb{}\u00a0\u00bb][et_pb_column type=\u00a0\u00bb1_2&Prime; _builder_version=\u00a0\u00bb4.27.4&Prime; _module_preset=\u00a0\u00bbdefault\u00a0\u00bb global_colors_info=\u00a0\u00bb{}\u00a0\u00bb][et_pb_text _builder_version=\u00a0\u00bb4.27.4&Prime; _module_preset=\u00a0\u00bbdefault\u00a0\u00bb text_font=\u00a0\u00bbLora||||||||\u00a0\u00bb text_text_color=\u00a0\u00bb#FFFFFF\u00a0\u00bb inline_fonts=\u00a0\u00bbMontserrat,Lora\u00a0\u00bb global_colors_info=\u00a0\u00bb{}\u00a0\u00bb]<\/p>\n<h1 style=\"text-align: center\"><span style=\"font-family: Lora;font-weight: normal\"><strong><span style=\"color: #ffffff\">King Of Court<\/span><\/strong><\/span><\/h1>\n<p><span style=\"font-family: Montserrat;font-weight: normal\"><strong><span style=\"color: #ffffff\"><\/span><\/strong><\/span><\/p>\n<p><span style=\"font-family: Montserrat;font-weight: normal\"><strong><span style=\"color: #ffffff\"><\/span><\/strong><\/span><\/p>\n<p><span style=\"font-family: Montserrat;font-weight: normal\"><strong><span style=\"color: #ffffff\"><\/span><\/strong><\/span><\/p>\n<p><span><\/span><\/p>\n<p><span><\/span><\/p>\n<p><span><\/span><\/p>\n<p><span><\/span><\/p>\n<p><span><\/span><\/p>\n<p><span style=\"font-family: Montserrat;font-weight: normal\">Le <strong>2 d\u00e9cembre 2025<\/strong>, <a href=\"https:\/\/3sport2025.ppawebdesign.com\/d5\/tactic-agency\/\"><span style=\"text-decoration: underline\">Tactic Agency<\/span><\/a>, accompagn\u00e9e de son membre phare <a href=\"https:\/\/www.instagram.com\/baks_2002\/?hl=fr\"><strong>Quentin Bakouzou (Baks). <\/strong><span style=\"color: #ffffff\">Le <\/span><\/a>vice-champion du monde et champion de France actuel de panna a organis\u00e9 un \u00e9v\u00e9nement exclusif au campus PPA Montsouris. <\/span><\/p>\n<p><span style=\"font-family: Montserrat;font-weight: normal\">Entre 13h et 14h, les \u00e9tudiants ont pu d\u00e9couvrir et pratiquer le panna \u00e0 travers une s\u00e9rie de duels intenses et ludiques.<\/span><br \/><span style=\"font-family: Montserrat;font-weight: normal\">Le principe est simple : deux joueurs s\u2019affrontent en face-\u00e0-face pendant 2 minutes, avec pour objectif de marquer 3 buts ou, plus spectaculaire encore, de r\u00e9ussir un petit pont pour remporter le duel.<\/span><\/p>\n<p><span style=\"font-family: Montserrat;font-weight: normal\">L\u2019\u00e9v\u00e9nement a cr\u00e9\u00e9 une v\u00e9ritable dynamique sportive sur le campus, m\u00ealant performance, technicit\u00e9 et ambiance urbaine. Une belle occasion pour les participants de se mesurer \u00e0 un format unique en France et port\u00e9 par l\u2019un des meilleurs joueurs mondiaux.<\/span><\/p>\n<p>[\/et_pb_text][\/et_pb_column][et_pb_column type=\u00a0\u00bb1_2&Prime; _builder_version=\u00a0\u00bb4.27.4&Prime; _module_preset=\u00a0\u00bbdefault\u00a0\u00bb global_colors_info=\u00a0\u00bb{}\u00a0\u00bb][et_pb_slider _builder_version=\u00a0\u00bb4.27.4&Prime; _module_preset=\u00a0\u00bbdefault\u00a0\u00bb auto=\u00a0\u00bbon\u00a0\u00bb auto_speed=\u00a0\u00bb2000&Prime; hover_transition_duration=\u00a0\u00bb150ms\u00a0\u00bb hover_transition_delay=\u00a0\u00bb100ms\u00a0\u00bb link_option_url=\u00a0\u00bbhttps:\/\/www.instagram.com\/tactic__agency\/?hl=fr\u00a0\u00bb border_radii_image=\u00a0\u00bbon|10px|10px|10px|10px\u00a0\u00bb global_colors_info=\u00a0\u00bb{}\u00a0\u00bb][et_pb_slide button_text=\u00a0\u00bbVoir plus\u00a0\u00bb button_link=\u00a0\u00bbhttps:\/\/www.instagram.com\/tactic__agency\/?hl=fr\u00a0\u00bb image=\u00a0\u00bbhttps:\/\/3sport2025.ppawebdesign.com\/d5\/wp-content\/uploads\/sites\/20\/2025\/12\/Panna.jpg\u00a0\u00bb _builder_version=\u00a0\u00bb4.27.4&Prime; _module_preset=\u00a0\u00bbdefault\u00a0\u00bb background_enable_color=\u00a0\u00bboff\u00a0\u00bb global_colors_info=\u00a0\u00bb{}\u00a0\u00bb sticky_transition=\u00a0\u00bbon\u00a0\u00bb][\/et_pb_slide][et_pb_slide image=\u00a0\u00bbhttps:\/\/3sport2025.ppawebdesign.com\/d5\/wp-content\/uploads\/sites\/20\/2025\/12\/Capture-decran-2025-12-03-153858.png\u00a0\u00bb _builder_version=\u00a0\u00bb4.27.4&Prime; _module_preset=\u00a0\u00bbdefault\u00a0\u00bb background_enable_color=\u00a0\u00bboff\u00a0\u00bb global_colors_info=\u00a0\u00bb{}\u00a0\u00bb sticky_transition=\u00a0\u00bbon\u00a0\u00bb][\/et_pb_slide][et_pb_slide image=\u00a0\u00bbhttps:\/\/3sport2025.ppawebdesign.com\/d5\/wp-content\/uploads\/sites\/20\/2025\/12\/Capture-decran-2025-12-03-154016.png\u00a0\u00bb _builder_version=\u00a0\u00bb4.27.4&Prime; _module_preset=\u00a0\u00bbdefault\u00a0\u00bb background_enable_color=\u00a0\u00bboff\u00a0\u00bb global_colors_info=\u00a0\u00bb{}\u00a0\u00bb sticky_transition=\u00a0\u00bbon\u00a0\u00bb]<\/p>\n<p>.<\/p>\n<p>[\/et_pb_slide][et_pb_slide image=\u00a0\u00bbhttps:\/\/3sport2025.ppawebdesign.com\/d5\/wp-content\/uploads\/sites\/20\/2025\/12\/Capture-decran-2025-12-03-154147.png\u00a0\u00bb _builder_version=\u00a0\u00bb4.27.4&Prime; _module_preset=\u00a0\u00bbdefault\u00a0\u00bb background_enable_color=\u00a0\u00bboff\u00a0\u00bb global_colors_info=\u00a0\u00bb{}\u00a0\u00bb sticky_transition=\u00a0\u00bbon\u00a0\u00bb][\/et_pb_slide][et_pb_slide image=\u00a0\u00bbhttps:\/\/3sport2025.ppawebdesign.com\/d5\/wp-content\/uploads\/sites\/20\/2025\/12\/Capture-decran-2025-12-04-124447.png\u00a0\u00bb _builder_version=\u00a0\u00bb4.27.4&Prime; _module_preset=\u00a0\u00bbdefault\u00a0\u00bb background_color=\u00a0\u00bb#0c1a2b\u00a0\u00bb background_enable_color=\u00a0\u00bbon\u00a0\u00bb global_colors_info=\u00a0\u00bb{}\u00a0\u00bb sticky_transition=\u00a0\u00bbon\u00a0\u00bb][\/et_pb_slide][\/et_pb_slider][\/et_pb_column][\/et_pb_row][et_pb_row column_structure=\u00a0\u00bb1_2,1_2&Prime; _builder_version=\u00a0\u00bb4.27.4&Prime; _module_preset=\u00a0\u00bbdefault\u00a0\u00bb global_colors_info=\u00a0\u00bb{}\u00a0\u00bb][et_pb_column type=\u00a0\u00bb1_2&Prime; _builder_version=\u00a0\u00bb4.27.4&Prime; _module_preset=\u00a0\u00bbdefault\u00a0\u00bb global_colors_info=\u00a0\u00bb{}\u00a0\u00bb][et_pb_slider _builder_version=\u00a0\u00bb4.27.4&Prime; _module_preset=\u00a0\u00bbdefault\u00a0\u00bb auto=\u00a0\u00bbon\u00a0\u00bb auto_speed=\u00a0\u00bb2020&Prime; border_radii_image=\u00a0\u00bbon|5px|5px|5px|5px\u00a0\u00bb global_colors_info=\u00a0\u00bb{}\u00a0\u00bb][et_pb_slide image=\u00a0\u00bbhttps:\/\/3sport2025.ppawebdesign.com\/d5\/wp-content\/uploads\/sites\/20\/2025\/12\/Capture-decran-2025-12-04-120919.png\u00a0\u00bb _builder_version=\u00a0\u00bb4.27.4&Prime; _module_preset=\u00a0\u00bbdefault\u00a0\u00bb background_color=\u00a0\u00bb#0c1a2b\u00a0\u00bb background_enable_color=\u00a0\u00bbon\u00a0\u00bb global_colors_info=\u00a0\u00bb{}\u00a0\u00bb sticky_transition=\u00a0\u00bbon\u00a0\u00bb][\/et_pb_slide][et_pb_slide image=\u00a0\u00bbhttps:\/\/3sport2025.ppawebdesign.com\/d5\/wp-content\/uploads\/sites\/20\/2025\/12\/Capture-decran-2025-12-04-124747.png\u00a0\u00bb _builder_version=\u00a0\u00bb4.27.4&Prime; _module_preset=\u00a0\u00bbdefault\u00a0\u00bb background_color=\u00a0\u00bb#0c1a2b\u00a0\u00bb background_enable_color=\u00a0\u00bbon\u00a0\u00bb global_colors_info=\u00a0\u00bb{}\u00a0\u00bb sticky_transition=\u00a0\u00bbon\u00a0\u00bb][\/et_pb_slide][\/et_pb_slider][\/et_pb_column][et_pb_column type=\u00a0\u00bb1_2&Prime; _builder_version=\u00a0\u00bb4.27.4&Prime; _module_preset=\u00a0\u00bbdefault\u00a0\u00bb global_colors_info=\u00a0\u00bb{}\u00a0\u00bb][et_pb_text _builder_version=\u00a0\u00bb4.27.4&Prime; _module_preset=\u00a0\u00bbdefault\u00a0\u00bb text_font=\u00a0\u00bbLora||||||||\u00a0\u00bb text_text_color=\u00a0\u00bb#FFFFFF\u00a0\u00bb inline_fonts=\u00a0\u00bbMontserrat,Lora\u00a0\u00bb global_colors_info=\u00a0\u00bb{}\u00a0\u00bb]<\/p>\n<p data-start=\"142\" data-end=\"595\"><span style=\"font-family: Montserrat;font-weight: normal\"><\/span><\/p>\n<p data-start=\"142\" data-end=\"595\"><span style=\"font-family: Montserrat;font-weight: normal\"><\/span><\/p>\n<p data-start=\"142\" data-end=\"595\"><span style=\"font-family: Montserrat;font-weight: normal\"><\/span><\/p>\n<p data-start=\"142\" data-end=\"595\" style=\"text-align: center\"><strong style=\"color: #333333;font-size: 30px;text-align: center\"><span style=\"font-family: Lora;color: #ffffff\">Au programme:<\/span><\/strong><span style=\"font-family: Montserrat;font-weight: normal\"><\/span><\/p>\n<p data-start=\"142\" data-end=\"595\"><span style=\"font-family: Montserrat;font-weight: normal\"><\/span><\/p>\n<p data-start=\"142\" data-end=\"595\"><span style=\"font-family: Montserrat;font-weight: normal\"><\/span><\/p>\n<p data-start=\"142\" data-end=\"595\"><span style=\"font-family: Montserrat;font-weight: normal\">Tactic Agency est heureuse d\u2019annoncer le lancement de ses prochains \u00e9v\u00e9nements sportifs, enti\u00e8rement pens\u00e9s pour rassembler et motiver. Fid\u00e8les \u00e0 notre engagement en faveur d\u2019un <strong data-start=\"382\" data-end=\"405\">sport ouvert \u00e0 tous<\/strong>, nous proposons une programmation vari\u00e9e, accessible et inclusive. Ce qui va permettre \u00e0 chaque participant, quel que soit son \u00e2ge, son niveau ou ses capacit\u00e9s, de trouver sa place sur le terrain.<\/span><\/p>\n<p data-start=\"597\" data-end=\"1003\"><span style=\"font-family: Montserrat;font-weight: normal\">Au programme : initiations multisports, d\u00e9fis collectifs, , tournois convivials et animations dynamiques pour petits et grands. Notre objectif : cr\u00e9er des moments de partage, de d\u00e9couverte et de plaisir.<\/span><\/p>\n<p data-start=\"1005\" data-end=\"1314\"><span style=\"font-family: Montserrat;font-weight: normal\">Que vous soyez d\u00e9butant, sportif confirm\u00e9, en famille, entre amis ou en entreprise, nos rendez-vous sont con\u00e7us pour vous offrir une exp\u00e9rience sportive m\u00e9morable.<\/span><\/p>\n<p data-start=\"1316\" data-end=\"1403\" data-is-last-node=\"\" data-is-only-node=\"\"><span style=\"font-family: Montserrat;font-weight: normal\">Rejoignez-nous et vivez le sport autrement : <strong data-start=\"1361\" data-end=\"1402\">ensemble, accessible et ouvert \u00e0 tous<\/strong>.<\/span><\/p>\n<p>[\/et_pb_text][\/et_pb_column][\/et_pb_row][\/et_pb_section]<\/p>\n","protected":false},"excerpt":{"rendered":"<p>King Of Court Le 2 d\u00e9cembre 2025, Tactic Agency, accompagn\u00e9e de son membre phare Quentin Bakouzou (Baks). Le vice-champion du monde et champion de France actuel de panna a organis\u00e9 un \u00e9v\u00e9nement exclusif au campus PPA Montsouris. Entre 13h et 14h, les \u00e9tudiants ont pu d\u00e9couvrir et pratiquer le panna \u00e0 travers une s\u00e9rie de [&hellip;]<\/p>\n","protected":false},"author":113,"featured_media":0,"parent":13,"menu_order":0,"comment_status":"closed","ping_status":"closed","template":"","meta":{"_et_pb_use_builder":"on","_et_pb_old_content":"","_et_gb_content_width":"","footnotes":""},"class_list":["post-125","page","type-page","status-publish","hentry"],"yoast_head":"<!-- This site is optimized with the Yoast SEO plugin v26.5 - https:\/\/yoast.com\/wordpress\/plugins\/seo\/ -->\n<title>Votre agence pour un football de 1V1 Panna<\/title>\n<meta name=\"description\" content=\"Vice-champion du Monde et triple champion de France, Quentin Bakouzou (Baks) a d\u00e9fi\u00e9 les \u00e9tudiants de PPA Sport.\" \/>\n<meta name=\"robots\" content=\"index, follow, max-snippet:-1, max-image-preview:large, max-video-preview:-1\" \/>\n<link rel=\"canonical\" href=\"https:\/\/3sport2025.ppawebdesign.com\/d5\/evenement-experience-agence-sport\/nos-evenements\/\" \/>\n<meta property=\"og:locale\" content=\"fr_FR\" \/>\n<meta property=\"og:type\" content=\"article\" \/>\n<meta property=\"og:title\" content=\"Votre agence pour un football de 1V1 Panna\" \/>\n<meta property=\"og:description\" content=\"Vice-champion du Monde et triple champion de France, Quentin Bakouzou (Baks) a d\u00e9fi\u00e9 les \u00e9tudiants de PPA Sport.\" \/>\n<meta property=\"og:url\" content=\"https:\/\/3sport2025.ppawebdesign.com\/d5\/evenement-experience-agence-sport\/nos-evenements\/\" \/>\n<meta property=\"og:site_name\" content=\"Tactic Agency\" \/>\n<meta property=\"article:modified_time\" content=\"2025-12-04T15:37:22+00:00\" \/>\n<meta name=\"twitter:card\" content=\"summary_large_image\" \/>\n<meta name=\"twitter:label1\" content=\"Dur\u00e9e de lecture estim\u00e9e\" \/>\n\t<meta name=\"twitter:data1\" content=\"3 minutes\" \/>\n<script type=\"application\/ld+json\" class=\"yoast-schema-graph\">{\"@context\":\"https:\/\/schema.org\",\"@graph\":[{\"@type\":\"WebPage\",\"@id\":\"https:\/\/3sport2025.ppawebdesign.com\/d5\/evenement-experience-agence-sport\/nos-evenements\/\",\"url\":\"https:\/\/3sport2025.ppawebdesign.com\/d5\/evenement-experience-agence-sport\/nos-evenements\/\",\"name\":\"Votre agence pour un football de 1V1 Panna\",\"isPartOf\":{\"@id\":\"https:\/\/3sport2025.ppawebdesign.com\/d5\/#website\"},\"datePublished\":\"2025-12-03T13:16:27+00:00\",\"dateModified\":\"2025-12-04T15:37:22+00:00\",\"description\":\"Vice-champion du Monde et triple champion de France, Quentin Bakouzou (Baks) a d\u00e9fi\u00e9 les \u00e9tudiants de PPA Sport.\",\"breadcrumb\":{\"@id\":\"https:\/\/3sport2025.ppawebdesign.com\/d5\/evenement-experience-agence-sport\/nos-evenements\/#breadcrumb\"},\"inLanguage\":\"fr-FR\",\"potentialAction\":[{\"@type\":\"ReadAction\",\"target\":[\"https:\/\/3sport2025.ppawebdesign.com\/d5\/evenement-experience-agence-sport\/nos-evenements\/\"]}]},{\"@type\":\"BreadcrumbList\",\"@id\":\"https:\/\/3sport2025.ppawebdesign.com\/d5\/evenement-experience-agence-sport\/nos-evenements\/#breadcrumb\",\"itemListElement\":[{\"@type\":\"ListItem\",\"position\":1,\"name\":\"Accueil\",\"item\":\"https:\/\/3sport2025.ppawebdesign.com\/d5\/\"},{\"@type\":\"ListItem\",\"position\":2,\"name\":\"\u00c9v\u00e9nement\",\"item\":\"https:\/\/3sport2025.ppawebdesign.com\/d5\/evenement-experience-agence-sport\/\"},{\"@type\":\"ListItem\",\"position\":3,\"name\":\"King Of Court\"}]},{\"@type\":\"WebSite\",\"@id\":\"https:\/\/3sport2025.ppawebdesign.com\/d5\/#website\",\"url\":\"https:\/\/3sport2025.ppawebdesign.com\/d5\/\",\"name\":\"Tactic Agency\",\"description\":\"Le Sport pour Tous\",\"potentialAction\":[{\"@type\":\"SearchAction\",\"target\":{\"@type\":\"EntryPoint\",\"urlTemplate\":\"https:\/\/3sport2025.ppawebdesign.com\/d5\/?s={search_term_string}\"},\"query-input\":{\"@type\":\"PropertyValueSpecification\",\"valueRequired\":true,\"valueName\":\"search_term_string\"}}],\"inLanguage\":\"fr-FR\"}]}<\/script>\n<!-- \/ Yoast SEO plugin. -->","yoast_head_json":{"title":"Votre agence pour un football de 1V1 Panna","description":"Vice-champion du Monde et triple champion de France, Quentin Bakouzou (Baks) a d\u00e9fi\u00e9 les \u00e9tudiants de PPA Sport.","robots":{"index":"index","follow":"follow","max-snippet":"max-snippet:-1","max-image-preview":"max-image-preview:large","max-video-preview":"max-video-preview:-1"},"canonical":"https:\/\/3sport2025.ppawebdesign.com\/d5\/evenement-experience-agence-sport\/nos-evenements\/","og_locale":"fr_FR","og_type":"article","og_title":"Votre agence pour un football de 1V1 Panna","og_description":"Vice-champion du Monde et triple champion de France, Quentin Bakouzou (Baks) a d\u00e9fi\u00e9 les \u00e9tudiants de PPA Sport.","og_url":"https:\/\/3sport2025.ppawebdesign.com\/d5\/evenement-experience-agence-sport\/nos-evenements\/","og_site_name":"Tactic Agency","article_modified_time":"2025-12-04T15:37:22+00:00","twitter_card":"summary_large_image","twitter_misc":{"Dur\u00e9e de lecture estim\u00e9e":"3 minutes"},"schema":{"@context":"https:\/\/schema.org","@graph":[{"@type":"WebPage","@id":"https:\/\/3sport2025.ppawebdesign.com\/d5\/evenement-experience-agence-sport\/nos-evenements\/","url":"https:\/\/3sport2025.ppawebdesign.com\/d5\/evenement-experience-agence-sport\/nos-evenements\/","name":"Votre agence pour un football de 1V1 Panna","isPartOf":{"@id":"https:\/\/3sport2025.ppawebdesign.com\/d5\/#website"},"datePublished":"2025-12-03T13:16:27+00:00","dateModified":"2025-12-04T15:37:22+00:00","description":"Vice-champion du Monde et triple champion de France, Quentin Bakouzou (Baks) a d\u00e9fi\u00e9 les \u00e9tudiants de PPA Sport.","breadcrumb":{"@id":"https:\/\/3sport2025.ppawebdesign.com\/d5\/evenement-experience-agence-sport\/nos-evenements\/#breadcrumb"},"inLanguage":"fr-FR","potentialAction":[{"@type":"ReadAction","target":["https:\/\/3sport2025.ppawebdesign.com\/d5\/evenement-experience-agence-sport\/nos-evenements\/"]}]},{"@type":"BreadcrumbList","@id":"https:\/\/3sport2025.ppawebdesign.com\/d5\/evenement-experience-agence-sport\/nos-evenements\/#breadcrumb","itemListElement":[{"@type":"ListItem","position":1,"name":"Accueil","item":"https:\/\/3sport2025.ppawebdesign.com\/d5\/"},{"@type":"ListItem","position":2,"name":"\u00c9v\u00e9nement","item":"https:\/\/3sport2025.ppawebdesign.com\/d5\/evenement-experience-agence-sport\/"},{"@type":"ListItem","position":3,"name":"King Of Court"}]},{"@type":"WebSite","@id":"https:\/\/3sport2025.ppawebdesign.com\/d5\/#website","url":"https:\/\/3sport2025.ppawebdesign.com\/d5\/","name":"Tactic Agency","description":"Le Sport pour Tous","potentialAction":[{"@type":"SearchAction","target":{"@type":"EntryPoint","urlTemplate":"https:\/\/3sport2025.ppawebdesign.com\/d5\/?s={search_term_string}"},"query-input":{"@type":"PropertyValueSpecification","valueRequired":true,"valueName":"search_term_string"}}],"inLanguage":"fr-FR"}]}},"_links":{"self":[{"href":"https:\/\/3sport2025.ppawebdesign.com\/d5\/wp-json\/wp\/v2\/pages\/125","targetHints":{"allow":["GET"]}}],"collection":[{"href":"https:\/\/3sport2025.ppawebdesign.com\/d5\/wp-json\/wp\/v2\/pages"}],"about":[{"href":"https:\/\/3sport2025.ppawebdesign.com\/d5\/wp-json\/wp\/v2\/types\/page"}],"author":[{"embeddable":true,"href":"https:\/\/3sport2025.ppawebdesign.com\/d5\/wp-json\/wp\/v2\/users\/113"}],"replies":[{"embeddable":true,"href":"https:\/\/3sport2025.ppawebdesign.com\/d5\/wp-json\/wp\/v2\/comments?post=125"}],"version-history":[{"count":48,"href":"https:\/\/3sport2025.ppawebdesign.com\/d5\/wp-json\/wp\/v2\/pages\/125\/revisions"}],"predecessor-version":[{"id":459,"href":"https:\/\/3sport2025.ppawebdesign.com\/d5\/wp-json\/wp\/v2\/pages\/125\/revisions\/459"}],"up":[{"embeddable":true,"href":"https:\/\/3sport2025.ppawebdesign.com\/d5\/wp-json\/wp\/v2\/pages\/13"}],"wp:attachment":[{"href":"https:\/\/3sport2025.ppawebdesign.com\/d5\/wp-json\/wp\/v2\/media?parent=125"}],"curies":[{"name":"wp","href":"https:\/\/api.w.org\/{rel}","templated":true}]}}