{"id":13,"date":"2025-12-02T14:56:15","date_gmt":"2025-12-02T13:56:15","guid":{"rendered":"https:\/\/3sport2025.ppawebdesign.com\/d5\/?page_id=13"},"modified":"2025-12-04T16:39:27","modified_gmt":"2025-12-04T15:39:27","slug":"evenement-experience-agence-sport","status":"publish","type":"page","link":"https:\/\/3sport2025.ppawebdesign.com\/d5\/evenement-experience-agence-sport\/","title":{"rendered":"\u00c9v\u00e9nement"},"content":{"rendered":"<p>[et_pb_section fb_built=\u00a0\u00bb1&Prime; _builder_version=\u00a0\u00bb4.27.4&Prime; _module_preset=\u00a0\u00bbdefault\u00a0\u00bb background_color=\u00a0\u00bb#0c1a2b\u00a0\u00bb global_colors_info=\u00a0\u00bb{}\u00a0\u00bb][et_pb_row column_structure=\u00a0\u00bb2_5,3_5&Prime; _builder_version=\u00a0\u00bb4.27.4&Prime; _module_preset=\u00a0\u00bbdefault\u00a0\u00bb custom_margin=\u00a0\u00bb72px|auto||auto||\u00a0\u00bb global_colors_info=\u00a0\u00bb{}\u00a0\u00bb][et_pb_column type=\u00a0\u00bb2_5&Prime; _builder_version=\u00a0\u00bb4.27.4&Prime; _module_preset=\u00a0\u00bbdefault\u00a0\u00bb global_colors_info=\u00a0\u00bb{}\u00a0\u00bb][et_pb_image src=\u00a0\u00bbhttps:\/\/3sport2025.ppawebdesign.com\/d5\/wp-content\/uploads\/sites\/20\/2025\/12\/Capture-decran-2025-12-03-195141.png\u00a0\u00bb title_text=\u00a0\u00bbCapture d&rsquo;\u00e9cran 2025-12-03 195141&Prime; _builder_version=\u00a0\u00bb4.27.4&Prime; _module_preset=\u00a0\u00bbdefault\u00a0\u00bb min_height=\u00a0\u00bb282.6px\u00a0\u00bb custom_padding=\u00a0\u00bb0px|||||\u00a0\u00bb hover_enabled=\u00a0\u00bb0&Prime; border_radii=\u00a0\u00bbon|8px|8px|8px|8px\u00a0\u00bb global_colors_info=\u00a0\u00bb{}\u00a0\u00bb animation_style=\u00a0\u00bbslide\u00a0\u00bb sticky_enabled=\u00a0\u00bb0&Prime;][\/et_pb_image][\/et_pb_column][et_pb_column type=\u00a0\u00bb3_5&Prime; _builder_version=\u00a0\u00bb4.27.4&Prime; _module_preset=\u00a0\u00bbdefault\u00a0\u00bb global_colors_info=\u00a0\u00bb{}\u00a0\u00bb][et_pb_text _builder_version=\u00a0\u00bb4.27.4&Prime; _module_preset=\u00a0\u00bbdefault\u00a0\u00bb text_font=\u00a0\u00bbMontserrat||||||||\u00a0\u00bb text_text_color=\u00a0\u00bb#FFFFFF\u00a0\u00bb text_font_size=\u00a0\u00bb34px\u00a0\u00bb header_font=\u00a0\u00bbLora||||||||\u00a0\u00bb header_text_align=\u00a0\u00bbcenter\u00a0\u00bb text_orientation=\u00a0\u00bbcenter\u00a0\u00bb min_height=\u00a0\u00bb85.8px\u00a0\u00bb custom_padding=\u00a0\u00bb0px|||||\u00a0\u00bb hover_enabled=\u00a0\u00bb0&Prime; inline_fonts=\u00a0\u00bbMontserrat,Lora,Long Cang\u00a0\u00bb global_colors_info=\u00a0\u00bb{}\u00a0\u00bb animation_style=\u00a0\u00bbflip\u00a0\u00bb sticky_enabled=\u00a0\u00bb0&Prime;]<\/p>\n<h1><span style=\"font-family: Lora;font-weight: normal;color: #ffffff\">\u00c9v\u00e9nement<\/span><\/h1>\n<p>[\/et_pb_text][et_pb_text _builder_version=\u00a0\u00bb4.27.4&Prime; _module_preset=\u00a0\u00bbdefault\u00a0\u00bb text_font=\u00a0\u00bbLora||||||||\u00a0\u00bb text_text_color=\u00a0\u00bb#FFFFFF\u00a0\u00bb hover_enabled=\u00a0\u00bb0&Prime; inline_fonts=\u00a0\u00bbMontserrat\u00a0\u00bb global_colors_info=\u00a0\u00bb{}\u00a0\u00bb animation_style=\u00a0\u00bbflip\u00a0\u00bb sticky_enabled=\u00a0\u00bb0&Prime;]<\/p>\n<p><span style=\"font-family: Montserrat;font-weight: normal\"><strong style=\"font-size: 14px\">Tactic Agency<\/strong><span style=\"font-size: 14px\"> est une agence \u00e9v\u00e9nementielle sportive engag\u00e9e, dont la mission premi\u00e8re est de cr\u00e9er, organiser et valoriser des exp\u00e9riences sportives qui rassemblent, inspirent et rendent le sport accessible \u00e0 tous. \u00c0 travers ses actions, l\u2019agence d\u00e9fend une vision inclusive et moderne du sport : un terrain d\u2019expression universel, ouvert \u00e0 chacun, quels que soient l\u2019\u00e2ge, le niveau, la condition physique ou le milieu d\u2019origine.<\/span><\/span><strong><\/strong><\/p>\n<p><strong><\/strong><\/p>\n<p>[\/et_pb_text][\/et_pb_column][\/et_pb_row][et_pb_row column_structure=\u00a0\u00bb1_3,1_3,1_3&Prime; _builder_version=\u00a0\u00bb4.27.4&Prime; _module_preset=\u00a0\u00bbdefault\u00a0\u00bb custom_margin=\u00a0\u00bb74px|auto||auto||\u00a0\u00bb global_colors_info=\u00a0\u00bb{}\u00a0\u00bb][et_pb_column type=\u00a0\u00bb1_3&Prime; _builder_version=\u00a0\u00bb4.27.4&Prime; _module_preset=\u00a0\u00bbdefault\u00a0\u00bb global_colors_info=\u00a0\u00bb{}\u00a0\u00bb][et_pb_text _builder_version=\u00a0\u00bb4.27.4&Prime; _module_preset=\u00a0\u00bbdefault\u00a0\u00bb text_font=\u00a0\u00bbLora||||||||\u00a0\u00bb text_text_color=\u00a0\u00bb#FFFFFF\u00a0\u00bb text_orientation=\u00a0\u00bbjustified\u00a0\u00bb hover_enabled=\u00a0\u00bb0&Prime; inline_fonts=\u00a0\u00bbMontserrat\u00a0\u00bb global_colors_info=\u00a0\u00bb{}\u00a0\u00bb animation_style=\u00a0\u00bbfade\u00a0\u00bb sticky_enabled=\u00a0\u00bb0&Prime;]<\/p>\n<p>&nbsp;<\/p>\n<p>&nbsp;<\/p>\n<p><span style=\"font-family: Montserrat;font-weight: normal\">L\u2019agence se positionne r\u00e9solument comme un acteur du <strong data-start=\"1315\" data-end=\"1336\">\u201csport pour tous\u201d<\/strong>. Cela se traduit par une attention particuli\u00e8re \u00e0 l\u2019accessibilit\u00e9, \u00e0 la diversit\u00e9 des formats propos\u00e9s et \u00e0 la cr\u00e9ation d\u2019ambiances propices au d\u00e9passement de soi dans un environnement bienveillant. Tactic Agency met un point d\u2019honneur \u00e0 proposer des dispositifs adapt\u00e9s : parcours simplifi\u00e9s, ateliers encadr\u00e9s, \u00e9v\u00e9nements inclusifs et supports p\u00e9dagogiques permettant \u00e0 chacun de trouver sa place.<\/span><\/p>\n<p>[\/et_pb_text][\/et_pb_column][et_pb_column type=\u00a0\u00bb1_3&Prime; _builder_version=\u00a0\u00bb4.27.4&Prime; _module_preset=\u00a0\u00bbdefault\u00a0\u00bb global_colors_info=\u00a0\u00bb{}\u00a0\u00bb][et_pb_slider _builder_version=\u00a0\u00bb4.27.4&Prime; _module_preset=\u00a0\u00bbdefault\u00a0\u00bb auto=\u00a0\u00bbon\u00a0\u00bb auto_speed=\u00a0\u00bb2020&Prime; hover_enabled=\u00a0\u00bb0&Prime; global_colors_info=\u00a0\u00bb{}\u00a0\u00bb animation_style=\u00a0\u00bbfade\u00a0\u00bb sticky_enabled=\u00a0\u00bb0&Prime;][et_pb_slide image=\u00a0\u00bbhttps:\/\/3sport2025.ppawebdesign.com\/d5\/wp-content\/uploads\/sites\/20\/2025\/12\/Capture-decran-2025-12-04-095959.png\u00a0\u00bb _builder_version=\u00a0\u00bb4.27.4&Prime; _module_preset=\u00a0\u00bbdefault\u00a0\u00bb background_color=\u00a0\u00bb#0c1a2b\u00a0\u00bb background_enable_color=\u00a0\u00bbon\u00a0\u00bb border_radii_image=\u00a0\u00bbon|5px|5px|5px|5px\u00a0\u00bb global_colors_info=\u00a0\u00bb{}\u00a0\u00bb sticky_transition=\u00a0\u00bbon\u00a0\u00bb][\/et_pb_slide][et_pb_slide image=\u00a0\u00bbhttps:\/\/3sport2025.ppawebdesign.com\/d5\/wp-content\/uploads\/sites\/20\/2025\/12\/Capture-decran-2025-12-04-113952.png\u00a0\u00bb _builder_version=\u00a0\u00bb4.27.4&Prime; _module_preset=\u00a0\u00bbdefault\u00a0\u00bb background_enable_color=\u00a0\u00bboff\u00a0\u00bb border_radii_image=\u00a0\u00bbon|5px|5px|5px|5px\u00a0\u00bb global_colors_info=\u00a0\u00bb{}\u00a0\u00bb sticky_transition=\u00a0\u00bbon\u00a0\u00bb][\/et_pb_slide][et_pb_slide image=\u00a0\u00bbhttps:\/\/3sport2025.ppawebdesign.com\/d5\/wp-content\/uploads\/sites\/20\/2025\/12\/Capture_d_ecran_2025-12-02_a_15.19.40-removebg-preview.png\u00a0\u00bb _builder_version=\u00a0\u00bb4.27.4&Prime; _module_preset=\u00a0\u00bbdefault\u00a0\u00bb background_color=\u00a0\u00bb#0c1a2b\u00a0\u00bb background_enable_color=\u00a0\u00bbon\u00a0\u00bb global_colors_info=\u00a0\u00bb{}\u00a0\u00bb sticky_transition=\u00a0\u00bbon\u00a0\u00bb][\/et_pb_slide][\/et_pb_slider][\/et_pb_column][et_pb_column type=\u00a0\u00bb1_3&Prime; _builder_version=\u00a0\u00bb4.27.4&Prime; _module_preset=\u00a0\u00bbdefault\u00a0\u00bb global_colors_info=\u00a0\u00bb{}\u00a0\u00bb][et_pb_text _builder_version=\u00a0\u00bb4.27.4&Prime; _module_preset=\u00a0\u00bbdefault\u00a0\u00bb text_font=\u00a0\u00bbLora||||||||\u00a0\u00bb text_text_color=\u00a0\u00bb#FFFFFF\u00a0\u00bb text_orientation=\u00a0\u00bbjustified\u00a0\u00bb hover_enabled=\u00a0\u00bb0&Prime; inline_fonts=\u00a0\u00bbMontserrat\u00a0\u00bb global_colors_info=\u00a0\u00bb{}\u00a0\u00bb animation_style=\u00a0\u00bbfade\u00a0\u00bb animation_duration=\u00a0\u00bb1350ms\u00a0\u00bb sticky_enabled=\u00a0\u00bb0&Prime;]<\/p>\n<p>&nbsp;<\/p>\n<p>&nbsp;<\/p>\n<p><span style=\"font-family: Montserrat;font-weight: normal\">Convaincue que le sport est un levier d\u2019unit\u00e9, de sant\u00e9 et de coh\u00e9sion sociale, Tactic Agency accompagne ses partenaires dans la mise en sc\u00e8ne d\u2019exp\u00e9riences porteuses de sens. L\u2019agence s\u2019engage \u00e0 concevoir des \u00e9v\u00e9nements qui laissent une empreinte positive : plus qu\u2019un rassemblement sportif, un moment o\u00f9 chacun peut se sentir valoris\u00e9, encourag\u00e9 et impliqu\u00e9.<\/span><\/p>\n<p>[\/et_pb_text][\/et_pb_column][\/et_pb_row][\/et_pb_section]<\/p>\n","protected":false},"excerpt":{"rendered":"<p>\u00c9v\u00e9nementTactic Agency est une agence \u00e9v\u00e9nementielle sportive engag\u00e9e, dont la mission premi\u00e8re est de cr\u00e9er, organiser et valoriser des exp\u00e9riences sportives qui rassemblent, inspirent et rendent le sport accessible \u00e0 tous. \u00c0 travers ses actions, l\u2019agence d\u00e9fend une vision inclusive et moderne du sport : un terrain d\u2019expression universel, ouvert \u00e0 chacun, quels que soient [&hellip;]<\/p>\n","protected":false},"author":114,"featured_media":0,"parent":0,"menu_order":0,"comment_status":"closed","ping_status":"closed","template":"","meta":{"_et_pb_use_builder":"on","_et_pb_old_content":"","_et_gb_content_width":"","footnotes":""},"class_list":["post-13","page","type-page","status-publish","hentry"],"yoast_head":"<!-- This site is optimized with the Yoast SEO plugin v26.5 - https:\/\/yoast.com\/wordpress\/plugins\/seo\/ -->\n<title>Vivez un \u00e9v\u00e8nement sportif inclusif avec Tactic Agency<\/title>\n<meta name=\"description\" content=\"Tactic Agency organise un \u00e9v\u00e9nement sportif engag\u00e9. Vivez une exp\u00e9rience inclusive, inspirante et ouverte \u00e0 toutes les pratiques.\" \/>\n<meta name=\"robots\" content=\"index, follow, max-snippet:-1, max-image-preview:large, max-video-preview:-1\" \/>\n<link rel=\"canonical\" href=\"https:\/\/3sport2025.ppawebdesign.com\/d5\/evenement-experience-agence-sport\/\" \/>\n<meta property=\"og:locale\" content=\"fr_FR\" \/>\n<meta property=\"og:type\" content=\"article\" \/>\n<meta property=\"og:title\" content=\"Vivez un \u00e9v\u00e8nement sportif inclusif avec Tactic Agency\" \/>\n<meta property=\"og:description\" content=\"Tactic Agency organise un \u00e9v\u00e9nement sportif engag\u00e9. Vivez une exp\u00e9rience inclusive, inspirante et ouverte \u00e0 toutes les pratiques.\" \/>\n<meta property=\"og:url\" content=\"https:\/\/3sport2025.ppawebdesign.com\/d5\/evenement-experience-agence-sport\/\" \/>\n<meta property=\"og:site_name\" content=\"Tactic Agency\" \/>\n<meta property=\"article:modified_time\" content=\"2025-12-04T15:39:27+00:00\" \/>\n<meta name=\"twitter:card\" content=\"summary_large_image\" \/>\n<meta name=\"twitter:label1\" content=\"Dur\u00e9e de lecture estim\u00e9e\" \/>\n\t<meta name=\"twitter:data1\" content=\"2 minutes\" \/>\n<script type=\"application\/ld+json\" class=\"yoast-schema-graph\">{\"@context\":\"https:\/\/schema.org\",\"@graph\":[{\"@type\":\"WebPage\",\"@id\":\"https:\/\/3sport2025.ppawebdesign.com\/d5\/evenement-experience-agence-sport\/\",\"url\":\"https:\/\/3sport2025.ppawebdesign.com\/d5\/evenement-experience-agence-sport\/\",\"name\":\"Vivez un \u00e9v\u00e8nement sportif inclusif avec Tactic Agency\",\"isPartOf\":{\"@id\":\"https:\/\/3sport2025.ppawebdesign.com\/d5\/#website\"},\"datePublished\":\"2025-12-02T13:56:15+00:00\",\"dateModified\":\"2025-12-04T15:39:27+00:00\",\"description\":\"Tactic Agency organise un \u00e9v\u00e9nement sportif engag\u00e9. Vivez une exp\u00e9rience inclusive, inspirante et ouverte \u00e0 toutes les pratiques.\",\"breadcrumb\":{\"@id\":\"https:\/\/3sport2025.ppawebdesign.com\/d5\/evenement-experience-agence-sport\/#breadcrumb\"},\"inLanguage\":\"fr-FR\",\"potentialAction\":[{\"@type\":\"ReadAction\",\"target\":[\"https:\/\/3sport2025.ppawebdesign.com\/d5\/evenement-experience-agence-sport\/\"]}]},{\"@type\":\"BreadcrumbList\",\"@id\":\"https:\/\/3sport2025.ppawebdesign.com\/d5\/evenement-experience-agence-sport\/#breadcrumb\",\"itemListElement\":[{\"@type\":\"ListItem\",\"position\":1,\"name\":\"Accueil\",\"item\":\"https:\/\/3sport2025.ppawebdesign.com\/d5\/\"},{\"@type\":\"ListItem\",\"position\":2,\"name\":\"\u00c9v\u00e9nement\"}]},{\"@type\":\"WebSite\",\"@id\":\"https:\/\/3sport2025.ppawebdesign.com\/d5\/#website\",\"url\":\"https:\/\/3sport2025.ppawebdesign.com\/d5\/\",\"name\":\"Tactic Agency\",\"description\":\"Le Sport pour Tous\",\"potentialAction\":[{\"@type\":\"SearchAction\",\"target\":{\"@type\":\"EntryPoint\",\"urlTemplate\":\"https:\/\/3sport2025.ppawebdesign.com\/d5\/?s={search_term_string}\"},\"query-input\":{\"@type\":\"PropertyValueSpecification\",\"valueRequired\":true,\"valueName\":\"search_term_string\"}}],\"inLanguage\":\"fr-FR\"}]}<\/script>\n<!-- \/ Yoast SEO plugin. -->","yoast_head_json":{"title":"Vivez un \u00e9v\u00e8nement sportif inclusif avec Tactic Agency","description":"Tactic Agency organise un \u00e9v\u00e9nement sportif engag\u00e9. Vivez une exp\u00e9rience inclusive, inspirante et ouverte \u00e0 toutes les pratiques.","robots":{"index":"index","follow":"follow","max-snippet":"max-snippet:-1","max-image-preview":"max-image-preview:large","max-video-preview":"max-video-preview:-1"},"canonical":"https:\/\/3sport2025.ppawebdesign.com\/d5\/evenement-experience-agence-sport\/","og_locale":"fr_FR","og_type":"article","og_title":"Vivez un \u00e9v\u00e8nement sportif inclusif avec Tactic Agency","og_description":"Tactic Agency organise un \u00e9v\u00e9nement sportif engag\u00e9. Vivez une exp\u00e9rience inclusive, inspirante et ouverte \u00e0 toutes les pratiques.","og_url":"https:\/\/3sport2025.ppawebdesign.com\/d5\/evenement-experience-agence-sport\/","og_site_name":"Tactic Agency","article_modified_time":"2025-12-04T15:39:27+00:00","twitter_card":"summary_large_image","twitter_misc":{"Dur\u00e9e de lecture estim\u00e9e":"2 minutes"},"schema":{"@context":"https:\/\/schema.org","@graph":[{"@type":"WebPage","@id":"https:\/\/3sport2025.ppawebdesign.com\/d5\/evenement-experience-agence-sport\/","url":"https:\/\/3sport2025.ppawebdesign.com\/d5\/evenement-experience-agence-sport\/","name":"Vivez un \u00e9v\u00e8nement sportif inclusif avec Tactic Agency","isPartOf":{"@id":"https:\/\/3sport2025.ppawebdesign.com\/d5\/#website"},"datePublished":"2025-12-02T13:56:15+00:00","dateModified":"2025-12-04T15:39:27+00:00","description":"Tactic Agency organise un \u00e9v\u00e9nement sportif engag\u00e9. Vivez une exp\u00e9rience inclusive, inspirante et ouverte \u00e0 toutes les pratiques.","breadcrumb":{"@id":"https:\/\/3sport2025.ppawebdesign.com\/d5\/evenement-experience-agence-sport\/#breadcrumb"},"inLanguage":"fr-FR","potentialAction":[{"@type":"ReadAction","target":["https:\/\/3sport2025.ppawebdesign.com\/d5\/evenement-experience-agence-sport\/"]}]},{"@type":"BreadcrumbList","@id":"https:\/\/3sport2025.ppawebdesign.com\/d5\/evenement-experience-agence-sport\/#breadcrumb","itemListElement":[{"@type":"ListItem","position":1,"name":"Accueil","item":"https:\/\/3sport2025.ppawebdesign.com\/d5\/"},{"@type":"ListItem","position":2,"name":"\u00c9v\u00e9nement"}]},{"@type":"WebSite","@id":"https:\/\/3sport2025.ppawebdesign.com\/d5\/#website","url":"https:\/\/3sport2025.ppawebdesign.com\/d5\/","name":"Tactic Agency","description":"Le Sport pour Tous","potentialAction":[{"@type":"SearchAction","target":{"@type":"EntryPoint","urlTemplate":"https:\/\/3sport2025.ppawebdesign.com\/d5\/?s={search_term_string}"},"query-input":{"@type":"PropertyValueSpecification","valueRequired":true,"valueName":"search_term_string"}}],"inLanguage":"fr-FR"}]}},"_links":{"self":[{"href":"https:\/\/3sport2025.ppawebdesign.com\/d5\/wp-json\/wp\/v2\/pages\/13","targetHints":{"allow":["GET"]}}],"collection":[{"href":"https:\/\/3sport2025.ppawebdesign.com\/d5\/wp-json\/wp\/v2\/pages"}],"about":[{"href":"https:\/\/3sport2025.ppawebdesign.com\/d5\/wp-json\/wp\/v2\/types\/page"}],"author":[{"embeddable":true,"href":"https:\/\/3sport2025.ppawebdesign.com\/d5\/wp-json\/wp\/v2\/users\/114"}],"replies":[{"embeddable":true,"href":"https:\/\/3sport2025.ppawebdesign.com\/d5\/wp-json\/wp\/v2\/comments?post=13"}],"version-history":[{"count":25,"href":"https:\/\/3sport2025.ppawebdesign.com\/d5\/wp-json\/wp\/v2\/pages\/13\/revisions"}],"predecessor-version":[{"id":460,"href":"https:\/\/3sport2025.ppawebdesign.com\/d5\/wp-json\/wp\/v2\/pages\/13\/revisions\/460"}],"wp:attachment":[{"href":"https:\/\/3sport2025.ppawebdesign.com\/d5\/wp-json\/wp\/v2\/media?parent=13"}],"curies":[{"name":"wp","href":"https:\/\/api.w.org\/{rel}","templated":true}]}}