{"id":17,"date":"2025-12-02T14:56:55","date_gmt":"2025-12-02T13:56:55","guid":{"rendered":"https:\/\/3sport2025.ppawebdesign.com\/d5\/?page_id=17"},"modified":"2025-12-05T10:33:12","modified_gmt":"2025-12-05T09:33:12","slug":"la-discipline-en-question","status":"publish","type":"page","link":"https:\/\/3sport2025.ppawebdesign.com\/d5\/la-discipline-en-question\/","title":{"rendered":"Le Panna Football"},"content":{"rendered":"<p>[et_pb_section fb_built=\u00a0\u00bb1&Prime; _builder_version=\u00a0\u00bb4.27.4&Prime; _module_preset=\u00a0\u00bbdefault\u00a0\u00bb background_color=\u00a0\u00bb#0c1a2b\u00a0\u00bb global_colors_info=\u00a0\u00bb{}\u00a0\u00bb][et_pb_row column_structure=\u00a0\u00bb2_5,3_5&Prime; _builder_version=\u00a0\u00bb4.27.4&Prime; _module_preset=\u00a0\u00bbdefault\u00a0\u00bb global_colors_info=\u00a0\u00bb{}\u00a0\u00bb][et_pb_column type=\u00a0\u00bb2_5&Prime; _builder_version=\u00a0\u00bb4.27.4&Prime; _module_preset=\u00a0\u00bbdefault\u00a0\u00bb global_colors_info=\u00a0\u00bb{}\u00a0\u00bb][et_pb_image src=\u00a0\u00bbhttps:\/\/3sport2025.ppawebdesign.com\/d5\/wp-content\/uploads\/sites\/20\/2025\/12\/IMG_0553_1_1.5op1_optimized.webp\u00a0\u00bb _builder_version=\u00a0\u00bb4.27.4&Prime; _module_preset=\u00a0\u00bbdefault\u00a0\u00bb animation_style=\u00a0\u00bbslide\u00a0\u00bb box_shadow_style=\u00a0\u00bbpreset4&Prime; global_colors_info=\u00a0\u00bb{}\u00a0\u00bb][\/et_pb_image][\/et_pb_column][et_pb_column type=\u00a0\u00bb3_5&Prime; _builder_version=\u00a0\u00bb4.27.4&Prime; _module_preset=\u00a0\u00bbdefault\u00a0\u00bb global_colors_info=\u00a0\u00bb{}\u00a0\u00bb][et_pb_text _builder_version=\u00a0\u00bb4.27.4&Prime; _module_preset=\u00a0\u00bbdefault\u00a0\u00bb text_font=\u00a0\u00bbMontserrat||||||||\u00a0\u00bb text_text_color=\u00a0\u00bb#FFFFFF\u00a0\u00bb header_font=\u00a0\u00bbLora|700|||||||\u00a0\u00bb header_text_color=\u00a0\u00bb#FFFFFF\u00a0\u00bb header_2_font=\u00a0\u00bbMontserrat||||||||\u00a0\u00bb header_2_text_color=\u00a0\u00bb#FFFFFF\u00a0\u00bb header_2_font_size=\u00a0\u00bb21px\u00a0\u00bb animation_style=\u00a0\u00bbfade\u00a0\u00bb animation_duration=\u00a0\u00bb1200ms\u00a0\u00bb inline_fonts=\u00a0\u00bbLora\u00a0\u00bb global_colors_info=\u00a0\u00bb{}\u00a0\u00bb]<\/p>\n<article class=\"text-token-text-primary w-full focus:outline-none [--shadow-height:45px] has-data-writing-block:pointer-events-none has-data-writing-block:-mt-(--shadow-height) has-data-writing-block:pt-(--shadow-height) [&amp;:has([data-writing-block])&gt;*]:pointer-events-auto [content-visibility:auto] supports-[content-visibility:auto]:[contain-intrinsic-size:auto_100lvh] scroll-mt-[calc(var(--header-height)+min(200px,max(70px,20svh)))]\" dir=\"auto\" data-turn-id=\"request-WEB:0df6f628-5214-46a0-8aca-7de2aff8c067-0\" data-testid=\"conversation-turn-2\" data-scroll-anchor=\"true\" data-turn=\"assistant\">\n<div class=\"text-base my-auto mx-auto pb-10 [--thread-content-margin:--spacing(4)] thread-sm:[--thread-content-margin:--spacing(6)] thread-lg:[--thread-content-margin:--spacing(16)] px-(--thread-content-margin)\">\n<div class=\"[--thread-content-max-width:40rem] thread-lg:[--thread-content-max-width:48rem] mx-auto max-w-(--thread-content-max-width) flex-1 group\/turn-messages focus-visible:outline-hidden relative flex w-full min-w-0 flex-col agent-turn\">\n<div class=\"flex max-w-full flex-col grow\">\n<div data-message-author-role=\"assistant\" data-message-id=\"0307faf1-315e-45b2-8d08-4a7a081f5eee\" dir=\"auto\" class=\"min-h-8 text-message relative flex w-full flex-col items-end gap-2 text-start break-words whitespace-normal [.text-message+&amp;]:mt-1\" data-message-model-slug=\"gpt-5-1\">\n<div class=\"flex w-full flex-col gap-1 empty:hidden first:pt-[1px]\">\n<div class=\"markdown prose dark:prose-invert w-full break-words light markdown-new-styling\">\n<h1 data-start=\"0\" data-end=\"545\"><strong><span style=\"font-family: Lora\"><em>Le Panna Football<\/em><\/span><\/strong><\/h1>\n<p><em><\/em><\/p>\n<h2><em>Qu&rsquo;est ce que c&rsquo;est ?<\/em><\/h2>\n<p data-start=\"0\" data-end=\"545\" data-is-last-node=\"\" data-is-only-node=\"\"><em>Le panna, aussi appel\u00e9 panna football ou panna street, est une discipline urbaine d\u00e9riv\u00e9e du football freestyle. Elle se joue en un-contre-un dans un petit espace, avec pour objectif de d\u00e9passer l\u2019adversaire par la technique, les dribbles et la cr\u00e9ativit\u00e9. Le but ultime est de r\u00e9aliser un panna, c\u2019est-\u00e0-dire faire passer le ballon entre les jambes de l\u2019adversaire, ce qui met fin au duel. Spectaculaire et accessible, le panna met en avant l\u2019agilit\u00e9, la rapidit\u00e9 et l\u2019expression personnelle, dans un esprit de d\u00e9fi et de fair-play.<\/em><\/p>\n<\/div>\n<\/div>\n<\/div>\n<\/div>\n<div class=\"z-0 flex min-h-[46px] justify-start\"><\/div>\n<\/div>\n<\/div>\n<\/article>\n<div aria-hidden=\"true\" data-edge=\"true\" class=\"pointer-events-none h-px w-px\"><\/div>\n<p>[\/et_pb_text][\/et_pb_column][\/et_pb_row][\/et_pb_section][et_pb_section fb_built=\u00a0\u00bb1&Prime; _builder_version=\u00a0\u00bb4.27.4&Prime; _module_preset=\u00a0\u00bbdefault\u00a0\u00bb background_color=\u00a0\u00bb#0c1a2b\u00a0\u00bb global_colors_info=\u00a0\u00bb{}\u00a0\u00bb][et_pb_row _builder_version=\u00a0\u00bb4.27.4&Prime; _module_preset=\u00a0\u00bbdefault\u00a0\u00bb min_height=\u00a0\u00bb299.7px\u00a0\u00bb custom_margin=\u00a0\u00bb|auto|82px|auto||\u00a0\u00bb custom_padding=\u00a0\u00bb||18px|||\u00a0\u00bb global_colors_info=\u00a0\u00bb{}\u00a0\u00bb][et_pb_column type=\u00a0\u00bb4_4&Prime; _builder_version=\u00a0\u00bb4.27.4&Prime; _module_preset=\u00a0\u00bbdefault\u00a0\u00bb global_colors_info=\u00a0\u00bb{}\u00a0\u00bb][et_pb_image src=\u00a0\u00bbhttps:\/\/3sport2025.ppawebdesign.com\/d5\/wp-content\/uploads\/sites\/20\/2025\/12\/PANNAfallback.webp\u00a0\u00bb title_text=\u00a0\u00bbPANNAfallback\u00a0\u00bb _builder_version=\u00a0\u00bb4.27.4&Prime; _module_preset=\u00a0\u00bbdefault\u00a0\u00bb animation_style=\u00a0\u00bbfade\u00a0\u00bb animation_duration=\u00a0\u00bb1300ms\u00a0\u00bb box_shadow_style=\u00a0\u00bbpreset1&Prime; box_shadow_horizontal=\u00a0\u00bb29px\u00a0\u00bb global_colors_info=\u00a0\u00bb{}\u00a0\u00bb][\/et_pb_image][\/et_pb_column][\/et_pb_row][et_pb_row column_structure=\u00a0\u00bb3_5,2_5&Prime; _builder_version=\u00a0\u00bb4.27.4&Prime; _module_preset=\u00a0\u00bbdefault\u00a0\u00bb min_height=\u00a0\u00bb279px\u00a0\u00bb custom_padding=\u00a0\u00bb1px|||||\u00a0\u00bb global_colors_info=\u00a0\u00bb{}\u00a0\u00bb][et_pb_column type=\u00a0\u00bb3_5&Prime; _builder_version=\u00a0\u00bb4.27.4&Prime; _module_preset=\u00a0\u00bbdefault\u00a0\u00bb global_colors_info=\u00a0\u00bb{}\u00a0\u00bb][et_pb_text _builder_version=\u00a0\u00bb4.27.4&Prime; _module_preset=\u00a0\u00bbdefault\u00a0\u00bb text_font=\u00a0\u00bbMontserrat||||||||\u00a0\u00bb text_text_color=\u00a0\u00bb#FFFFFF\u00a0\u00bb header_font=\u00a0\u00bbLora|700|||||||\u00a0\u00bb header_text_color=\u00a0\u00bb#FFFFFF\u00a0\u00bb header_2_font=\u00a0\u00bbLora|700|||||||\u00a0\u00bb header_2_text_color=\u00a0\u00bb#FFFFFF\u00a0\u00bb min_height_tablet=\u00a0\u00bb\u00a0\u00bb min_height_phone=\u00a0\u00bb251.4px\u00a0\u00bb min_height_last_edited=\u00a0\u00bbon|phone\u00a0\u00bb custom_margin=\u00a0\u00bb-127px|||||\u00a0\u00bb custom_padding=\u00a0\u00bb77px|||||\u00a0\u00bb animation_style=\u00a0\u00bbfold\u00a0\u00bb hover_enabled=\u00a0\u00bb0&Prime; global_colors_info=\u00a0\u00bb{}\u00a0\u00bb sticky_enabled=\u00a0\u00bb0&Prime;]<\/p>\n<h2 style=\"text-align: center\"><\/h2>\n<h2><\/h2>\n<h2><\/h2>\n<h2><\/h2>\n<h2><\/h2>\n<h2><span style=\"font-size: 26px\">Les R\u00e8gles du panna<\/span><\/h2>\n<p>&nbsp;<\/p>\n<p style=\"text-align: center\">Un duel se d\u00e9roule dans un petit terrain circulaire ou rectangulaire. Les joueurs peuvent marquer dans un petit but, mais le but ultime reste de r\u00e9ussir un panna (un petit pont). S\u2019il est propre et contr\u00f4l\u00e9, le match s\u2019arr\u00eate imm\u00e9diatement : c\u2019est la victoire automatique.<\/p>\n<p style=\"text-align: center\">Plus qu\u2019un sport, le panna est un langage. Il transmet une identit\u00e9, une ambiance et un style propres \u00e0 la rue, o\u00f9 chaque joueur raconte son histoire \u00e0 travers ses mouvements et son flow.<\/p>\n<p>[\/et_pb_text][et_pb_button button_url=\u00a0\u00bbhttps:\/\/rabonapanna.com\/en\/panna-rules\/\u00a0\u00bb button_text=\u00a0\u00bbVoir Plus\u00a0\u00bb button_alignment=\u00a0\u00bbcenter\u00a0\u00bb _builder_version=\u00a0\u00bb4.27.4&Prime; _module_preset=\u00a0\u00bbdefault\u00a0\u00bb custom_button=\u00a0\u00bbon\u00a0\u00bb button_text_color=\u00a0\u00bb#FFFFFF\u00a0\u00bb global_colors_info=\u00a0\u00bb{}\u00a0\u00bb][\/et_pb_button][\/et_pb_column][et_pb_column type=\u00a0\u00bb2_5&Prime; _builder_version=\u00a0\u00bb4.27.4&Prime; _module_preset=\u00a0\u00bbdefault\u00a0\u00bb global_colors_info=\u00a0\u00bb{}\u00a0\u00bb][et_pb_image src=\u00a0\u00bbhttps:\/\/3sport2025.ppawebdesign.com\/d5\/wp-content\/uploads\/sites\/20\/2025\/12\/thumbnail_image0.jpg\u00a0\u00bb title_text=\u00a0\u00bbthumbnail_image0&Prime; _builder_version=\u00a0\u00bb4.27.4&Prime; _module_preset=\u00a0\u00bbdefault\u00a0\u00bb animation_style=\u00a0\u00bbfold\u00a0\u00bb box_shadow_style=\u00a0\u00bbpreset2&Prime; box_shadow_horizontal=\u00a0\u00bb26px\u00a0\u00bb global_colors_info=\u00a0\u00bb{}\u00a0\u00bb][\/et_pb_image][\/et_pb_column][\/et_pb_row][\/et_pb_section][et_pb_section fb_built=\u00a0\u00bb1&Prime; _builder_version=\u00a0\u00bb4.27.4&Prime; _module_preset=\u00a0\u00bbdefault\u00a0\u00bb background_color=\u00a0\u00bb#0c1a2b\u00a0\u00bb global_colors_info=\u00a0\u00bb{}\u00a0\u00bb][et_pb_row column_structure=\u00a0\u00bb2_5,3_5&Prime; _builder_version=\u00a0\u00bb4.27.4&Prime; _module_preset=\u00a0\u00bbdefault\u00a0\u00bb global_colors_info=\u00a0\u00bb{}\u00a0\u00bb][et_pb_column type=\u00a0\u00bb2_5&Prime; _builder_version=\u00a0\u00bb4.27.4&Prime; _module_preset=\u00a0\u00bbdefault\u00a0\u00bb global_colors_info=\u00a0\u00bb{}\u00a0\u00bb][et_pb_image src=\u00a0\u00bbhttps:\/\/3sport2025.ppawebdesign.com\/d5\/wp-content\/uploads\/sites\/20\/2025\/12\/AdidasNemezizevent20augustus2017-ChristiaanTob-55-300&#215;251.png\u00a0\u00bb _builder_version=\u00a0\u00bb4.27.4&Prime; _module_preset=\u00a0\u00bbdefault\u00a0\u00bb animation_style=\u00a0\u00bbfade\u00a0\u00bb box_shadow_style=\u00a0\u00bbpreset1&Prime; box_shadow_horizontal=\u00a0\u00bb26px\u00a0\u00bb global_colors_info=\u00a0\u00bb{}\u00a0\u00bb][\/et_pb_image][\/et_pb_column][et_pb_column type=\u00a0\u00bb3_5&Prime; _builder_version=\u00a0\u00bb4.27.4&Prime; _module_preset=\u00a0\u00bbdefault\u00a0\u00bb global_colors_info=\u00a0\u00bb{}\u00a0\u00bb][et_pb_text _builder_version=\u00a0\u00bb4.27.4&Prime; _module_preset=\u00a0\u00bbdefault\u00a0\u00bb text_font=\u00a0\u00bbMontserrat||||||||\u00a0\u00bb text_text_color=\u00a0\u00bb#FFFFFF\u00a0\u00bb header_2_font=\u00a0\u00bbLora|700|||||||\u00a0\u00bb header_2_text_color=\u00a0\u00bb#FFFFFF\u00a0\u00bb animation_style=\u00a0\u00bbslide\u00a0\u00bb global_colors_info=\u00a0\u00bb{}\u00a0\u00bb]<\/p>\n<h2 data-start=\"592\" data-end=\"611\">Le panna valorise :<\/h2>\n<p>&nbsp;<\/p>\n<p data-start=\"614\" data-end=\"688\">-la ma\u00eetrise du ballon, avec une grande vari\u00e9t\u00e9 de dribbles et feintes,<\/p>\n<p data-start=\"614\" data-end=\"688\">-la vitesse d\u2019ex\u00e9cution,<\/p>\n<p data-start=\"614\" data-end=\"688\">-la cr\u00e9ativit\u00e9, chaque joueur ayant son style propre,<\/p>\n<p data-start=\"782\" data-end=\"856\">-la prise de risque, essentielle pour tenter des gestes spectaculaires.<\/p>\n<p>[\/et_pb_text][\/et_pb_column][\/et_pb_row][\/et_pb_section][et_pb_section fb_built=\u00a0\u00bb1&Prime; _builder_version=\u00a0\u00bb4.27.4&Prime; _module_preset=\u00a0\u00bbdefault\u00a0\u00bb background_color=\u00a0\u00bb#0c1a2b\u00a0\u00bb global_colors_info=\u00a0\u00bb{}\u00a0\u00bb][et_pb_row column_structure=\u00a0\u00bb3_5,2_5&Prime; _builder_version=\u00a0\u00bb4.27.4&Prime; _module_preset=\u00a0\u00bbdefault\u00a0\u00bb min_height=\u00a0\u00bb204px\u00a0\u00bb global_colors_info=\u00a0\u00bb{}\u00a0\u00bb][et_pb_column type=\u00a0\u00bb3_5&Prime; _builder_version=\u00a0\u00bb4.27.4&Prime; _module_preset=\u00a0\u00bbdefault\u00a0\u00bb global_colors_info=\u00a0\u00bb{}\u00a0\u00bb][et_pb_text _builder_version=\u00a0\u00bb4.27.4&Prime; _module_preset=\u00a0\u00bbdefault\u00a0\u00bb text_font=\u00a0\u00bbMontserrat||||||||\u00a0\u00bb text_text_color=\u00a0\u00bb#FFFFFF\u00a0\u00bb header_font=\u00a0\u00bbLora||||||||\u00a0\u00bb header_text_color=\u00a0\u00bb#FFFFFF\u00a0\u00bb header_2_font=\u00a0\u00bbLora||||||||\u00a0\u00bb header_2_text_color=\u00a0\u00bb#FFFFFF\u00a0\u00bb animation_style=\u00a0\u00bbflip\u00a0\u00bb global_colors_info=\u00a0\u00bb{}\u00a0\u00bb]<\/p>\n<h2 data-start=\"858\" data-end=\"883\">Une culture street<\/h2>\n<p>&nbsp;<\/p>\n<p data-start=\"884\" data-end=\"1076\">Les duels se d\u00e9roulent souvent avec de la musique, un public proche du terrain, une ambiance tr\u00e8s vivante. Le trash talk et le show font partie du jeu, mais toujours dans un esprit de respect.<\/p>\n<p data-start=\"884\" data-end=\"1076\" style=\"text-align: justify\">Le panna refl\u00e8te les valeurs centrales de la culture street : le respect, malgr\u00e9 la provocation et les d\u00e9fis ; le partage, car chacun apprend des autres ; la d\u00e9brouillardise, puisqu\u2019il suffit d\u2019un ballon et d\u2019un coin de bitume pour jouer ; et surtout la cr\u00e9ativit\u00e9, visible dans chaque dribble, feinte ou petit pont.<\/p>\n<p data-start=\"884\" data-end=\"1076\">\n<h3 data-start=\"1078\" data-end=\"1098\"><\/h3>\n<p>[\/et_pb_text][\/et_pb_column][et_pb_column type=\u00a0\u00bb2_5&Prime; _builder_version=\u00a0\u00bb4.27.4&Prime; _module_preset=\u00a0\u00bbdefault\u00a0\u00bb global_colors_info=\u00a0\u00bb{}\u00a0\u00bb][et_pb_image src=\u00a0\u00bbhttps:\/\/3sport2025.ppawebdesign.com\/d5\/wp-content\/uploads\/sites\/20\/2025\/12\/maxresdefault-1024&#215;576.jpg\u00a0\u00bb _builder_version=\u00a0\u00bb4.27.4&Prime; _module_preset=\u00a0\u00bbdefault\u00a0\u00bb custom_margin=\u00a0\u00bb2px|0px||0px|false|false\u00a0\u00bb custom_padding=\u00a0\u00bb0px|||||\u00a0\u00bb animation_style=\u00a0\u00bbfade\u00a0\u00bb box_shadow_style=\u00a0\u00bbpreset1&Prime; box_shadow_horizontal=\u00a0\u00bb29px\u00a0\u00bb global_colors_info=\u00a0\u00bb{}\u00a0\u00bb][\/et_pb_image][\/et_pb_column][\/et_pb_row][\/et_pb_section]<\/p>\n","protected":false},"excerpt":{"rendered":"<p>Le Panna Football Qu&rsquo;est ce que c&rsquo;est ? Le panna, aussi appel\u00e9 panna football ou panna street, est une discipline urbaine d\u00e9riv\u00e9e du football freestyle. Elle se joue en un-contre-un dans un petit espace, avec pour objectif de d\u00e9passer l\u2019adversaire par la technique, les dribbles et la cr\u00e9ativit\u00e9. Le but ultime est de r\u00e9aliser un [&hellip;]<\/p>\n","protected":false},"author":114,"featured_media":0,"parent":0,"menu_order":0,"comment_status":"closed","ping_status":"closed","template":"","meta":{"_et_pb_use_builder":"on","_et_pb_old_content":"","_et_gb_content_width":"","footnotes":""},"class_list":["post-17","page","type-page","status-publish","hentry"],"yoast_head":"<!-- This site is optimized with the Yoast SEO plugin v26.5 - https:\/\/yoast.com\/wordpress\/plugins\/seo\/ -->\n<title>Qu&#039;est ce que le panna football ?<\/title>\n<meta name=\"description\" content=\"Le panna, aussi appel\u00e9 panna football ou panna street, est une discipline urbaine d\u00e9riv\u00e9e du football freestyle.\" \/>\n<meta name=\"robots\" content=\"index, follow, max-snippet:-1, max-image-preview:large, max-video-preview:-1\" \/>\n<link rel=\"canonical\" href=\"https:\/\/3sport2025.ppawebdesign.com\/d5\/la-discipline-en-question\/\" \/>\n<meta property=\"og:locale\" content=\"fr_FR\" \/>\n<meta property=\"og:type\" content=\"article\" \/>\n<meta property=\"og:title\" content=\"Qu&#039;est ce que le panna football ?\" \/>\n<meta property=\"og:description\" content=\"Le panna, aussi appel\u00e9 panna football ou panna street, est une discipline urbaine d\u00e9riv\u00e9e du football freestyle.\" \/>\n<meta property=\"og:url\" content=\"https:\/\/3sport2025.ppawebdesign.com\/d5\/la-discipline-en-question\/\" \/>\n<meta property=\"og:site_name\" content=\"Tactic Agency\" \/>\n<meta property=\"article:modified_time\" content=\"2025-12-05T09:33:12+00:00\" \/>\n<meta name=\"twitter:card\" content=\"summary_large_image\" \/>\n<meta name=\"twitter:label1\" content=\"Dur\u00e9e de lecture estim\u00e9e\" \/>\n\t<meta name=\"twitter:data1\" content=\"3 minutes\" \/>\n<script type=\"application\/ld+json\" class=\"yoast-schema-graph\">{\"@context\":\"https:\/\/schema.org\",\"@graph\":[{\"@type\":\"WebPage\",\"@id\":\"https:\/\/3sport2025.ppawebdesign.com\/d5\/la-discipline-en-question\/\",\"url\":\"https:\/\/3sport2025.ppawebdesign.com\/d5\/la-discipline-en-question\/\",\"name\":\"Qu'est ce que le panna football ?\",\"isPartOf\":{\"@id\":\"https:\/\/3sport2025.ppawebdesign.com\/d5\/#website\"},\"datePublished\":\"2025-12-02T13:56:55+00:00\",\"dateModified\":\"2025-12-05T09:33:12+00:00\",\"description\":\"Le panna, aussi appel\u00e9 panna football ou panna street, est une discipline urbaine d\u00e9riv\u00e9e du football freestyle.\",\"breadcrumb\":{\"@id\":\"https:\/\/3sport2025.ppawebdesign.com\/d5\/la-discipline-en-question\/#breadcrumb\"},\"inLanguage\":\"fr-FR\",\"potentialAction\":[{\"@type\":\"ReadAction\",\"target\":[\"https:\/\/3sport2025.ppawebdesign.com\/d5\/la-discipline-en-question\/\"]}]},{\"@type\":\"BreadcrumbList\",\"@id\":\"https:\/\/3sport2025.ppawebdesign.com\/d5\/la-discipline-en-question\/#breadcrumb\",\"itemListElement\":[{\"@type\":\"ListItem\",\"position\":1,\"name\":\"Accueil\",\"item\":\"https:\/\/3sport2025.ppawebdesign.com\/d5\/\"},{\"@type\":\"ListItem\",\"position\":2,\"name\":\"Le Panna Football\"}]},{\"@type\":\"WebSite\",\"@id\":\"https:\/\/3sport2025.ppawebdesign.com\/d5\/#website\",\"url\":\"https:\/\/3sport2025.ppawebdesign.com\/d5\/\",\"name\":\"Tactic Agency\",\"description\":\"Le Sport pour Tous\",\"potentialAction\":[{\"@type\":\"SearchAction\",\"target\":{\"@type\":\"EntryPoint\",\"urlTemplate\":\"https:\/\/3sport2025.ppawebdesign.com\/d5\/?s={search_term_string}\"},\"query-input\":{\"@type\":\"PropertyValueSpecification\",\"valueRequired\":true,\"valueName\":\"search_term_string\"}}],\"inLanguage\":\"fr-FR\"}]}<\/script>\n<!-- \/ Yoast SEO plugin. -->","yoast_head_json":{"title":"Qu'est ce que le panna football ?","description":"Le panna, aussi appel\u00e9 panna football ou panna street, est une discipline urbaine d\u00e9riv\u00e9e du football freestyle.","robots":{"index":"index","follow":"follow","max-snippet":"max-snippet:-1","max-image-preview":"max-image-preview:large","max-video-preview":"max-video-preview:-1"},"canonical":"https:\/\/3sport2025.ppawebdesign.com\/d5\/la-discipline-en-question\/","og_locale":"fr_FR","og_type":"article","og_title":"Qu'est ce que le panna football ?","og_description":"Le panna, aussi appel\u00e9 panna football ou panna street, est une discipline urbaine d\u00e9riv\u00e9e du football freestyle.","og_url":"https:\/\/3sport2025.ppawebdesign.com\/d5\/la-discipline-en-question\/","og_site_name":"Tactic Agency","article_modified_time":"2025-12-05T09:33:12+00:00","twitter_card":"summary_large_image","twitter_misc":{"Dur\u00e9e de lecture estim\u00e9e":"3 minutes"},"schema":{"@context":"https:\/\/schema.org","@graph":[{"@type":"WebPage","@id":"https:\/\/3sport2025.ppawebdesign.com\/d5\/la-discipline-en-question\/","url":"https:\/\/3sport2025.ppawebdesign.com\/d5\/la-discipline-en-question\/","name":"Qu'est ce que le panna football ?","isPartOf":{"@id":"https:\/\/3sport2025.ppawebdesign.com\/d5\/#website"},"datePublished":"2025-12-02T13:56:55+00:00","dateModified":"2025-12-05T09:33:12+00:00","description":"Le panna, aussi appel\u00e9 panna football ou panna street, est une discipline urbaine d\u00e9riv\u00e9e du football freestyle.","breadcrumb":{"@id":"https:\/\/3sport2025.ppawebdesign.com\/d5\/la-discipline-en-question\/#breadcrumb"},"inLanguage":"fr-FR","potentialAction":[{"@type":"ReadAction","target":["https:\/\/3sport2025.ppawebdesign.com\/d5\/la-discipline-en-question\/"]}]},{"@type":"BreadcrumbList","@id":"https:\/\/3sport2025.ppawebdesign.com\/d5\/la-discipline-en-question\/#breadcrumb","itemListElement":[{"@type":"ListItem","position":1,"name":"Accueil","item":"https:\/\/3sport2025.ppawebdesign.com\/d5\/"},{"@type":"ListItem","position":2,"name":"Le Panna Football"}]},{"@type":"WebSite","@id":"https:\/\/3sport2025.ppawebdesign.com\/d5\/#website","url":"https:\/\/3sport2025.ppawebdesign.com\/d5\/","name":"Tactic Agency","description":"Le Sport pour Tous","potentialAction":[{"@type":"SearchAction","target":{"@type":"EntryPoint","urlTemplate":"https:\/\/3sport2025.ppawebdesign.com\/d5\/?s={search_term_string}"},"query-input":{"@type":"PropertyValueSpecification","valueRequired":true,"valueName":"search_term_string"}}],"inLanguage":"fr-FR"}]}},"_links":{"self":[{"href":"https:\/\/3sport2025.ppawebdesign.com\/d5\/wp-json\/wp\/v2\/pages\/17","targetHints":{"allow":["GET"]}}],"collection":[{"href":"https:\/\/3sport2025.ppawebdesign.com\/d5\/wp-json\/wp\/v2\/pages"}],"about":[{"href":"https:\/\/3sport2025.ppawebdesign.com\/d5\/wp-json\/wp\/v2\/types\/page"}],"author":[{"embeddable":true,"href":"https:\/\/3sport2025.ppawebdesign.com\/d5\/wp-json\/wp\/v2\/users\/114"}],"replies":[{"embeddable":true,"href":"https:\/\/3sport2025.ppawebdesign.com\/d5\/wp-json\/wp\/v2\/comments?post=17"}],"version-history":[{"count":39,"href":"https:\/\/3sport2025.ppawebdesign.com\/d5\/wp-json\/wp\/v2\/pages\/17\/revisions"}],"predecessor-version":[{"id":468,"href":"https:\/\/3sport2025.ppawebdesign.com\/d5\/wp-json\/wp\/v2\/pages\/17\/revisions\/468"}],"wp:attachment":[{"href":"https:\/\/3sport2025.ppawebdesign.com\/d5\/wp-json\/wp\/v2\/media?parent=17"}],"curies":[{"name":"wp","href":"https:\/\/api.w.org\/{rel}","templated":true}]}}