{"id":6,"date":"2025-12-02T14:55:16","date_gmt":"2025-12-02T13:55:16","guid":{"rendered":"https:\/\/3sport2025.ppawebdesign.com\/d5\/?page_id=6"},"modified":"2025-12-04T16:43:21","modified_gmt":"2025-12-04T15:43:21","slug":"accueil","status":"publish","type":"page","link":"https:\/\/3sport2025.ppawebdesign.com\/d5\/","title":{"rendered":"Accueil"},"content":{"rendered":"<p>[et_pb_section fb_built=\u00a0\u00bb1&Prime; _builder_version=\u00a0\u00bb4.27.4&Prime; _module_preset=\u00a0\u00bbdefault\u00a0\u00bb background_color=\u00a0\u00bb#dadada\u00a0\u00bb custom_padding=\u00a0\u00bb||17px|||\u00a0\u00bb global_colors_info=\u00a0\u00bb{}\u00a0\u00bb][et_pb_row _builder_version=\u00a0\u00bb4.27.4&Prime; _module_preset=\u00a0\u00bbdefault\u00a0\u00bb animation_style=\u00a0\u00bbfade\u00a0\u00bb global_colors_info=\u00a0\u00bb{}\u00a0\u00bb][et_pb_column type=\u00a0\u00bb4_4&Prime; _builder_version=\u00a0\u00bb4.27.4&Prime; _module_preset=\u00a0\u00bbdefault\u00a0\u00bb global_colors_info=\u00a0\u00bb{}\u00a0\u00bb][et_pb_slider _builder_version=\u00a0\u00bb4.27.4&Prime; _module_preset=\u00a0\u00bbdefault\u00a0\u00bb link_option_url=\u00a0\u00bbhttps:\/\/3sport2025.ppawebdesign.com\/d5\/tactic-agency\/\u00a0\u00bb hover_enabled=\u00a0\u00bb0&Prime; box_shadow_style=\u00a0\u00bbpreset2&Prime; box_shadow_horizontal=\u00a0\u00bb30px\u00a0\u00bb global_colors_info=\u00a0\u00bb{}\u00a0\u00bb sticky_enabled=\u00a0\u00bb0&Prime;][et_pb_slide heading=\u00a0\u00bbTactic Agency\u00a0\u00bb button_text=\u00a0\u00bbVoir plus\u00a0\u00bb button_link=\u00a0\u00bbhttps:\/\/3sport2025.ppawebdesign.com\/d5\/tactic-agency\/\u00a0\u00bb use_bg_overlay=\u00a0\u00bbon\u00a0\u00bb bg_overlay_color=\u00a0\u00bbrgba(0,0,0,0.29)\u00a0\u00bb _builder_version=\u00a0\u00bb4.27.4&Prime; _module_preset=\u00a0\u00bbdefault\u00a0\u00bb background_enable_color=\u00a0\u00bboff\u00a0\u00bb background_image=\u00a0\u00bbhttps:\/\/3sport2025.ppawebdesign.com\/d5\/wp-content\/uploads\/sites\/20\/2025\/12\/IMG_8468.jpg\u00a0\u00bb background_enable_image=\u00a0\u00bbon\u00a0\u00bb hover_enabled=\u00a0\u00bb0&Prime; global_colors_info=\u00a0\u00bb{}\u00a0\u00bb sticky_transition=\u00a0\u00bbon\u00a0\u00bb link_option_url=\u00a0\u00bbhttps:\/\/3sport2025.ppawebdesign.com\/d5\/tactic-agency\/\u00a0\u00bb sticky_enabled=\u00a0\u00bb0&Prime;][\/et_pb_slide][et_pb_slide heading=\u00a0\u00bbNos \u00e9v\u00e9nements \u00a0\u00bb button_text=\u00a0\u00bbVoir plus\u00a0\u00bb button_link=\u00a0\u00bbhttps:\/\/3sport2025.ppawebdesign.com\/d5\/evenement\/\u00a0\u00bb use_bg_overlay=\u00a0\u00bbon\u00a0\u00bb bg_overlay_color=\u00a0\u00bbrgba(0,0,0,0.19)\u00a0\u00bb _builder_version=\u00a0\u00bb4.27.4&Prime; _module_preset=\u00a0\u00bbdefault\u00a0\u00bb background_enable_color=\u00a0\u00bboff\u00a0\u00bb background_image=\u00a0\u00bbhttps:\/\/3sport2025.ppawebdesign.com\/d5\/wp-content\/uploads\/sites\/20\/2025\/12\/22077_Marathon-de-Paris-630&#215;405-\u00a9-DR-ASO-A.Vialatte.png\u00a0\u00bb background_enable_image=\u00a0\u00bbon\u00a0\u00bb background_size=\u00a0\u00bbstretch\u00a0\u00bb global_colors_info=\u00a0\u00bb{}\u00a0\u00bb sticky_transition=\u00a0\u00bbon\u00a0\u00bb][\/et_pb_slide][et_pb_slide heading=\u00a0\u00bbLe Panna Football\u00a0\u00bb button_text=\u00a0\u00bbVoir plus \u00a0\u00bb button_link=\u00a0\u00bbhttps:\/\/3sport2025.ppawebdesign.com\/d5\/la-discipline-en-question\/\u00a0\u00bb _builder_version=\u00a0\u00bb4.27.4&Prime; _module_preset=\u00a0\u00bbdefault\u00a0\u00bb background_enable_color=\u00a0\u00bboff\u00a0\u00bb background_image=\u00a0\u00bbhttps:\/\/3sport2025.ppawebdesign.com\/d5\/wp-content\/uploads\/sites\/20\/2025\/12\/IMG_0553_1_1.5op1_optimized.webp\u00a0\u00bb background_enable_image=\u00a0\u00bbon\u00a0\u00bb global_colors_info=\u00a0\u00bb{}\u00a0\u00bb sticky_transition=\u00a0\u00bbon\u00a0\u00bb][\/et_pb_slide][et_pb_slide heading=\u00a0\u00bbKing of Court\u00a0\u00bb button_text=\u00a0\u00bbVoir plus\u00a0\u00bb button_link=\u00a0\u00bbhttps:\/\/3sport2025.ppawebdesign.com\/d5\/evenement\/nos-evenements\/\u00a0\u00bb use_bg_overlay=\u00a0\u00bbon\u00a0\u00bb bg_overlay_color=\u00a0\u00bbrgba(12,26,43,0.38)\u00a0\u00bb _builder_version=\u00a0\u00bb4.27.4&Prime; _module_preset=\u00a0\u00bbdefault\u00a0\u00bb background_enable_color=\u00a0\u00bboff\u00a0\u00bb background_image=\u00a0\u00bbhttps:\/\/3sport2025.ppawebdesign.com\/d5\/wp-content\/uploads\/sites\/20\/2025\/12\/Capture-decran-2025-12-03-a-15.51.52.png\u00a0\u00bb background_enable_image=\u00a0\u00bbon\u00a0\u00bb global_colors_info=\u00a0\u00bb{}\u00a0\u00bb sticky_transition=\u00a0\u00bbon\u00a0\u00bb][\/et_pb_slide][et_pb_slide heading=\u00a0\u00bbInformations \u00a0\u00bb button_text=\u00a0\u00bbVoir plus\u00a0\u00bb button_link=\u00a0\u00bbhttps:\/\/3sport2025.ppawebdesign.com\/d5\/informations\/\u00a0\u00bb use_bg_overlay=\u00a0\u00bbon\u00a0\u00bb bg_overlay_color=\u00a0\u00bbrgba(12,26,43,0.36)\u00a0\u00bb _builder_version=\u00a0\u00bb4.27.4&Prime; _module_preset=\u00a0\u00bbdefault\u00a0\u00bb background_enable_color=\u00a0\u00bboff\u00a0\u00bb background_image=\u00a0\u00bbhttps:\/\/3sport2025.ppawebdesign.com\/d5\/wp-content\/uploads\/sites\/20\/2025\/12\/Capture-decran-2025-12-02-a-16.32.44.png\u00a0\u00bb background_enable_image=\u00a0\u00bbon\u00a0\u00bb global_colors_info=\u00a0\u00bb{}\u00a0\u00bb sticky_transition=\u00a0\u00bbon\u00a0\u00bb][\/et_pb_slide][\/et_pb_slider][\/et_pb_column][\/et_pb_row][et_pb_row _builder_version=\u00a0\u00bb4.27.4&Prime; _module_preset=\u00a0\u00bbdefault\u00a0\u00bb global_colors_info=\u00a0\u00bb{}\u00a0\u00bb][et_pb_column type=\u00a0\u00bb4_4&Prime; _builder_version=\u00a0\u00bb4.27.4&Prime; _module_preset=\u00a0\u00bbdefault\u00a0\u00bb global_colors_info=\u00a0\u00bb{}\u00a0\u00bb][et_pb_text _builder_version=\u00a0\u00bb4.27.4&Prime; _module_preset=\u00a0\u00bbdefault\u00a0\u00bb text_font=\u00a0\u00bbLora|700|||||||\u00a0\u00bb text_text_color=\u00a0\u00bb#0c1a2b\u00a0\u00bb text_font_size=\u00a0\u00bb30px\u00a0\u00bb text_letter_spacing=\u00a0\u00bb4px\u00a0\u00bb text_line_height=\u00a0\u00bb1em\u00a0\u00bb animation_style=\u00a0\u00bbflip\u00a0\u00bb animation_duration=\u00a0\u00bb1650ms\u00a0\u00bb text_text_shadow_style=\u00a0\u00bbpreset2&Prime; text_text_shadow_horizontal_length=\u00a0\u00bb0.05em\u00a0\u00bb text_text_shadow_blur_strength=\u00a0\u00bb0em\u00a0\u00bb global_colors_info=\u00a0\u00bb{}\u00a0\u00bb]<\/p>\n<p style=\"text-align: center\"><span>L\u2019expertise en action, la strat\u00e9gie en mission<\/span><\/p>\n<p>[\/et_pb_text][\/et_pb_column][\/et_pb_row][\/et_pb_section][et_pb_section fb_built=\u00a0\u00bb1&Prime; _builder_version=\u00a0\u00bb4.27.4&Prime; _module_preset=\u00a0\u00bbdefault\u00a0\u00bb background_color=\u00a0\u00bb#dadada\u00a0\u00bb custom_padding=\u00a0\u00bb0px||18px|||\u00a0\u00bb global_colors_info=\u00a0\u00bb{}\u00a0\u00bb][et_pb_row _builder_version=\u00a0\u00bb4.27.4&Prime; _module_preset=\u00a0\u00bbdefault\u00a0\u00bb custom_margin=\u00a0\u00bb|160px||auto||\u00a0\u00bb global_colors_info=\u00a0\u00bb{}\u00a0\u00bb][et_pb_column type=\u00a0\u00bb4_4&Prime; _builder_version=\u00a0\u00bb4.27.4&Prime; _module_preset=\u00a0\u00bbdefault\u00a0\u00bb global_colors_info=\u00a0\u00bb{}\u00a0\u00bb][et_pb_image src=\u00a0\u00bbhttps:\/\/3sport2025.ppawebdesign.com\/d5\/wp-content\/uploads\/sites\/20\/2025\/12\/Capture-decran-2025-12-02-a-15.19.40.png\u00a0\u00bb title_text=\u00a0\u00bbCapture d\u2019\u00e9cran 2025-12-02 \u00e0 15.19.40&Prime; url=\u00a0\u00bbhttps:\/\/www.instagram.com\/tactic__agency\/\u00a0\u00bb _builder_version=\u00a0\u00bb4.27.4&Prime; _module_preset=\u00a0\u00bbdefault\u00a0\u00bb width=\u00a0\u00bb100%\u00a0\u00bb custom_padding=\u00a0\u00bb|||246px||\u00a0\u00bb animation_style=\u00a0\u00bbflip\u00a0\u00bb box_shadow_style=\u00a0\u00bbpreset2&Prime; box_shadow_horizontal=\u00a0\u00bb-33px\u00a0\u00bb global_colors_info=\u00a0\u00bb{}\u00a0\u00bb][\/et_pb_image][\/et_pb_column][\/et_pb_row][et_pb_row _builder_version=\u00a0\u00bb4.27.4&Prime; _module_preset=\u00a0\u00bbdefault\u00a0\u00bb animation_style=\u00a0\u00bbfade\u00a0\u00bb animation_duration=\u00a0\u00bb1350ms\u00a0\u00bb global_colors_info=\u00a0\u00bb{}\u00a0\u00bb][et_pb_column type=\u00a0\u00bb4_4&Prime; _builder_version=\u00a0\u00bb4.27.4&Prime; _module_preset=\u00a0\u00bbdefault\u00a0\u00bb global_colors_info=\u00a0\u00bb{}\u00a0\u00bb][et_pb_text _builder_version=\u00a0\u00bb4.27.4&Prime; _module_preset=\u00a0\u00bbdefault\u00a0\u00bb text_font=\u00a0\u00bbMontserrat||||||||\u00a0\u00bb text_text_color=\u00a0\u00bb#0c1a2b\u00a0\u00bb text_font_size=\u00a0\u00bb20px\u00a0\u00bb animation_style=\u00a0\u00bbfade\u00a0\u00bb animation_duration=\u00a0\u00bb1350ms\u00a0\u00bb inline_fonts=\u00a0\u00bbMontserrat\u00a0\u00bb global_colors_info=\u00a0\u00bb{}\u00a0\u00bb]<\/p>\n<p style=\"text-align: center\"><span style=\"font-family: Montserrat;font-weight: normal\"><span class=\"a_GcMg font-feature-liga-off font-feature-clig-off font-feature-calt-off text-decoration-none text-strikethrough-none\">Tactic Agency est n\u00e9e d\u2019une rencontre entre passion et expertise.\u00a0<\/span><span class=\"a_GcMg font-feature-liga-off font-feature-clig-off font-feature-calt-off text-decoration-none text-strikethrough-none\">Convaincus que vous m\u00e9ritez une approche r\u00e9fl\u00e9chie, pr\u00e9cise et adapt\u00e9e.<\/span><\/span><\/p>\n<p style=\"text-align: center\"><span class=\"a_GcMg font-feature-liga-off font-feature-clig-off font-feature-calt-off text-decoration-none text-strikethrough-none\" style=\"font-family: Montserrat;font-weight: normal\">Une agence o\u00f9 la strat\u00e9gie est au c\u0153ur de chaque projet. Tactic Agency, c\u2019est une \u00e9quipe soud\u00e9e, passionn\u00e9e, qui met son intelligence, sa cr\u00e9ativit\u00e9 et son exigence au service de ses clients, pour les aider \u00e0 atteindre leurs objectifs avec clart\u00e9 et efficacit\u00e9.<\/span><\/p>\n<p style=\"text-align: center\"><span class=\"a_GcMg font-feature-liga-off font-feature-clig-off font-feature-calt-off text-decoration-none text-strikethrough-none\" style=\"font-family: Montserrat;font-weight: normal\">La strat\u00e9gie est la cl\u00e9 de toute r\u00e9ussite durable. Juste une vision, de la pr\u00e9cision et des r\u00e9sultats mesurables. C\u2019est ainsi qu\u2019est n\u00e9e Tactic Agency.<\/span><\/p>\n<p style=\"text-align: center\"><span class=\"a_GcMg font-feature-liga-off font-feature-clig-off font-feature-calt-off text-decoration-none text-strikethrough-none\"><\/span><\/p>\n<p>[\/et_pb_text][\/et_pb_column][\/et_pb_row][\/et_pb_section][et_pb_section fb_built=\u00a0\u00bb1&Prime; _builder_version=\u00a0\u00bb4.27.4&Prime; _module_preset=\u00a0\u00bbdefault\u00a0\u00bb background_color=\u00a0\u00bb#dadada\u00a0\u00bb custom_padding=\u00a0\u00bb32px|||||\u00a0\u00bb global_colors_info=\u00a0\u00bb{}\u00a0\u00bb][et_pb_row column_structure=\u00a0\u00bb1_2,1_2&Prime; _builder_version=\u00a0\u00bb4.27.4&Prime; _module_preset=\u00a0\u00bbdefault\u00a0\u00bb global_colors_info=\u00a0\u00bb{}\u00a0\u00bb][et_pb_column type=\u00a0\u00bb1_2&Prime; _builder_version=\u00a0\u00bb4.27.4&Prime; _module_preset=\u00a0\u00bbdefault\u00a0\u00bb global_colors_info=\u00a0\u00bb{}\u00a0\u00bb][et_pb_image src=\u00a0\u00bbhttps:\/\/3sport2025.ppawebdesign.com\/d5\/wp-content\/uploads\/sites\/20\/2025\/12\/Panna.jpg\u00a0\u00bb title_text=\u00a0\u00bbPanna\u00a0\u00bb _builder_version=\u00a0\u00bb4.27.4&Prime; _module_preset=\u00a0\u00bbdefault\u00a0\u00bb animation_style=\u00a0\u00bbslide\u00a0\u00bb box_shadow_style=\u00a0\u00bbpreset3&Prime; box_shadow_horizontal=\u00a0\u00bb25px\u00a0\u00bb global_colors_info=\u00a0\u00bb{}\u00a0\u00bb][\/et_pb_image][\/et_pb_column][et_pb_column type=\u00a0\u00bb1_2&Prime; _builder_version=\u00a0\u00bb4.27.4&Prime; _module_preset=\u00a0\u00bbdefault\u00a0\u00bb global_colors_info=\u00a0\u00bb{}\u00a0\u00bb][et_pb_text _builder_version=\u00a0\u00bb4.27.4&Prime; _module_preset=\u00a0\u00bbdefault\u00a0\u00bb text_font=\u00a0\u00bb||||||||\u00a0\u00bb header_font=\u00a0\u00bbLora||||||||\u00a0\u00bb header_text_color=\u00a0\u00bb#0c1a2b\u00a0\u00bb header_font_size=\u00a0\u00bb40px\u00a0\u00bb header_2_font=\u00a0\u00bbMontserrat||||||||\u00a0\u00bb header_2_text_color=\u00a0\u00bb#0c1a2b\u00a0\u00bb header_2_font_size=\u00a0\u00bb20px\u00a0\u00bb animation_style=\u00a0\u00bbflip\u00a0\u00bb inline_fonts=\u00a0\u00bbLora\u00a0\u00bb global_colors_info=\u00a0\u00bb{}\u00a0\u00bb]<\/p>\n<h1><span style=\"font-family: Lora;font-weight: normal\">NOTRE PREMIER \u00c9V\u00c8NEMENT<\/span><\/h1>\n<h2><span style=\"font-family: Montserrat;font-weight: normal\">Le 2 d\u00e9cembre 2025, Tactic Agency a organis\u00e9 une animation sportive au campus PPA Montsouris en pr\u00e9sence de Quentin Bakouzou, figure reconnue du panna. Les \u00e9tudiants ont pu s\u2019initier \u00e0 cette discipline urbaine \u00e0 travers des duels courts et dynamiques, cr\u00e9ant une atmosph\u00e8re \u00e9nergique et participative sur le campus.<\/span><\/h2>\n<p>&nbsp;<\/p>\n<p>[\/et_pb_text][et_pb_button button_url=\u00a0\u00bbhttps:\/\/3sport2025.ppawebdesign.com\/d5\/evenement\/nos-evenements\/\u00a0\u00bb button_text=\u00a0\u00bbVoir plus\u00a0\u00bb _builder_version=\u00a0\u00bb4.27.4&Prime; _module_preset=\u00a0\u00bbdefault\u00a0\u00bb custom_button=\u00a0\u00bbon\u00a0\u00bb button_text_color=\u00a0\u00bb#0c1a2b\u00a0\u00bb animation_style=\u00a0\u00bbflip\u00a0\u00bb global_colors_info=\u00a0\u00bb{}\u00a0\u00bb][\/et_pb_button][\/et_pb_column][\/et_pb_row][\/et_pb_section]<\/p>\n","protected":false},"excerpt":{"rendered":"<p>L\u2019expertise en action, la strat\u00e9gie en missionTactic Agency est n\u00e9e d\u2019une rencontre entre passion et expertise.\u00a0Convaincus que vous m\u00e9ritez une approche r\u00e9fl\u00e9chie, pr\u00e9cise et adapt\u00e9e. Une agence o\u00f9 la strat\u00e9gie est au c\u0153ur de chaque projet. Tactic Agency, c\u2019est une \u00e9quipe soud\u00e9e, passionn\u00e9e, qui met son intelligence, sa cr\u00e9ativit\u00e9 et son exigence au service de [&hellip;]<\/p>\n","protected":false},"author":114,"featured_media":0,"parent":0,"menu_order":0,"comment_status":"closed","ping_status":"closed","template":"","meta":{"_et_pb_use_builder":"on","_et_pb_old_content":"","_et_gb_content_width":"","footnotes":""},"class_list":["post-6","page","type-page","status-publish","hentry"],"yoast_head":"<!-- This site is optimized with the Yoast SEO plugin v26.5 - https:\/\/yoast.com\/wordpress\/plugins\/seo\/ -->\n<title>\u00c9v\u00e9nement de Panna Football challenge 1V1<\/title>\n<meta name=\"description\" content=\"\u00c9v\u00e9nement de Panna Football, venez d\u00e9fier &quot;Baks&quot;, vice champion du monde et triple champion de France de Panna football, inscrivez-vous !\" \/>\n<meta name=\"robots\" content=\"index, follow, max-snippet:-1, max-image-preview:large, max-video-preview:-1\" \/>\n<link rel=\"canonical\" href=\"https:\/\/3sport2025.ppawebdesign.com\/d5\/\" \/>\n<meta property=\"og:locale\" content=\"fr_FR\" \/>\n<meta property=\"og:type\" content=\"article\" \/>\n<meta property=\"og:title\" content=\"\u00c9v\u00e9nement de Panna Football challenge 1V1\" \/>\n<meta property=\"og:description\" content=\"\u00c9v\u00e9nement de Panna Football, venez d\u00e9fier &quot;Baks&quot;, vice champion du monde et triple champion de France de Panna football, inscrivez-vous !\" \/>\n<meta property=\"og:url\" content=\"https:\/\/3sport2025.ppawebdesign.com\/d5\/\" \/>\n<meta property=\"og:site_name\" content=\"Tactic Agency\" \/>\n<meta property=\"article:modified_time\" content=\"2025-12-04T15:43:21+00:00\" \/>\n<meta name=\"twitter:card\" content=\"summary_large_image\" \/>\n<meta name=\"twitter:label1\" content=\"Dur\u00e9e de lecture estim\u00e9e\" \/>\n\t<meta name=\"twitter:data1\" content=\"2 minutes\" \/>\n<script type=\"application\/ld+json\" class=\"yoast-schema-graph\">{\"@context\":\"https:\/\/schema.org\",\"@graph\":[{\"@type\":\"WebPage\",\"@id\":\"https:\/\/3sport2025.ppawebdesign.com\/d5\/\",\"url\":\"https:\/\/3sport2025.ppawebdesign.com\/d5\/\",\"name\":\"\u00c9v\u00e9nement de Panna Football challenge 1V1\",\"isPartOf\":{\"@id\":\"https:\/\/3sport2025.ppawebdesign.com\/d5\/#website\"},\"datePublished\":\"2025-12-02T13:55:16+00:00\",\"dateModified\":\"2025-12-04T15:43:21+00:00\",\"description\":\"\u00c9v\u00e9nement de Panna Football, venez d\u00e9fier \\\"Baks\\\", vice champion du monde et triple champion de France de Panna football, inscrivez-vous !\",\"breadcrumb\":{\"@id\":\"https:\/\/3sport2025.ppawebdesign.com\/d5\/#breadcrumb\"},\"inLanguage\":\"fr-FR\",\"potentialAction\":[{\"@type\":\"ReadAction\",\"target\":[\"https:\/\/3sport2025.ppawebdesign.com\/d5\/\"]}]},{\"@type\":\"BreadcrumbList\",\"@id\":\"https:\/\/3sport2025.ppawebdesign.com\/d5\/#breadcrumb\",\"itemListElement\":[{\"@type\":\"ListItem\",\"position\":1,\"name\":\"Accueil\",\"item\":\"https:\/\/3sport2025.ppawebdesign.com\/d5\/\"},{\"@type\":\"ListItem\",\"position\":2,\"name\":\"Accueil\"}]},{\"@type\":\"WebSite\",\"@id\":\"https:\/\/3sport2025.ppawebdesign.com\/d5\/#website\",\"url\":\"https:\/\/3sport2025.ppawebdesign.com\/d5\/\",\"name\":\"Tactic Agency\",\"description\":\"Le Sport pour Tous\",\"potentialAction\":[{\"@type\":\"SearchAction\",\"target\":{\"@type\":\"EntryPoint\",\"urlTemplate\":\"https:\/\/3sport2025.ppawebdesign.com\/d5\/?s={search_term_string}\"},\"query-input\":{\"@type\":\"PropertyValueSpecification\",\"valueRequired\":true,\"valueName\":\"search_term_string\"}}],\"inLanguage\":\"fr-FR\"}]}<\/script>\n<!-- \/ Yoast SEO plugin. -->","yoast_head_json":{"title":"\u00c9v\u00e9nement de Panna Football challenge 1V1","description":"\u00c9v\u00e9nement de Panna Football, venez d\u00e9fier \"Baks\", vice champion du monde et triple champion de France de Panna football, inscrivez-vous !","robots":{"index":"index","follow":"follow","max-snippet":"max-snippet:-1","max-image-preview":"max-image-preview:large","max-video-preview":"max-video-preview:-1"},"canonical":"https:\/\/3sport2025.ppawebdesign.com\/d5\/","og_locale":"fr_FR","og_type":"article","og_title":"\u00c9v\u00e9nement de Panna Football challenge 1V1","og_description":"\u00c9v\u00e9nement de Panna Football, venez d\u00e9fier \"Baks\", vice champion du monde et triple champion de France de Panna football, inscrivez-vous !","og_url":"https:\/\/3sport2025.ppawebdesign.com\/d5\/","og_site_name":"Tactic Agency","article_modified_time":"2025-12-04T15:43:21+00:00","twitter_card":"summary_large_image","twitter_misc":{"Dur\u00e9e de lecture estim\u00e9e":"2 minutes"},"schema":{"@context":"https:\/\/schema.org","@graph":[{"@type":"WebPage","@id":"https:\/\/3sport2025.ppawebdesign.com\/d5\/","url":"https:\/\/3sport2025.ppawebdesign.com\/d5\/","name":"\u00c9v\u00e9nement de Panna Football challenge 1V1","isPartOf":{"@id":"https:\/\/3sport2025.ppawebdesign.com\/d5\/#website"},"datePublished":"2025-12-02T13:55:16+00:00","dateModified":"2025-12-04T15:43:21+00:00","description":"\u00c9v\u00e9nement de Panna Football, venez d\u00e9fier \"Baks\", vice champion du monde et triple champion de France de Panna football, inscrivez-vous !","breadcrumb":{"@id":"https:\/\/3sport2025.ppawebdesign.com\/d5\/#breadcrumb"},"inLanguage":"fr-FR","potentialAction":[{"@type":"ReadAction","target":["https:\/\/3sport2025.ppawebdesign.com\/d5\/"]}]},{"@type":"BreadcrumbList","@id":"https:\/\/3sport2025.ppawebdesign.com\/d5\/#breadcrumb","itemListElement":[{"@type":"ListItem","position":1,"name":"Accueil","item":"https:\/\/3sport2025.ppawebdesign.com\/d5\/"},{"@type":"ListItem","position":2,"name":"Accueil"}]},{"@type":"WebSite","@id":"https:\/\/3sport2025.ppawebdesign.com\/d5\/#website","url":"https:\/\/3sport2025.ppawebdesign.com\/d5\/","name":"Tactic Agency","description":"Le Sport pour Tous","potentialAction":[{"@type":"SearchAction","target":{"@type":"EntryPoint","urlTemplate":"https:\/\/3sport2025.ppawebdesign.com\/d5\/?s={search_term_string}"},"query-input":{"@type":"PropertyValueSpecification","valueRequired":true,"valueName":"search_term_string"}}],"inLanguage":"fr-FR"}]}},"_links":{"self":[{"href":"https:\/\/3sport2025.ppawebdesign.com\/d5\/wp-json\/wp\/v2\/pages\/6","targetHints":{"allow":["GET"]}}],"collection":[{"href":"https:\/\/3sport2025.ppawebdesign.com\/d5\/wp-json\/wp\/v2\/pages"}],"about":[{"href":"https:\/\/3sport2025.ppawebdesign.com\/d5\/wp-json\/wp\/v2\/types\/page"}],"author":[{"embeddable":true,"href":"https:\/\/3sport2025.ppawebdesign.com\/d5\/wp-json\/wp\/v2\/users\/114"}],"replies":[{"embeddable":true,"href":"https:\/\/3sport2025.ppawebdesign.com\/d5\/wp-json\/wp\/v2\/comments?post=6"}],"version-history":[{"count":39,"href":"https:\/\/3sport2025.ppawebdesign.com\/d5\/wp-json\/wp\/v2\/pages\/6\/revisions"}],"predecessor-version":[{"id":467,"href":"https:\/\/3sport2025.ppawebdesign.com\/d5\/wp-json\/wp\/v2\/pages\/6\/revisions\/467"}],"wp:attachment":[{"href":"https:\/\/3sport2025.ppawebdesign.com\/d5\/wp-json\/wp\/v2\/media?parent=6"}],"curies":[{"name":"wp","href":"https:\/\/api.w.org\/{rel}","templated":true}]}}